{"id":11891,"date":"2024-05-27T09:11:46","date_gmt":"2024-05-27T09:11:46","guid":{"rendered":"http:\/\/kart.com.pl\/?page_id=11891"},"modified":"2024-09-30T08:42:54","modified_gmt":"2024-09-30T08:42:54","slug":"wspolpraca-b2b","status":"publish","type":"page","link":"https:\/\/kart.com.pl\/en\/wspolpraca-b2b\/","title":{"rendered":"B2B"},"content":{"rendered":"<div data-elementor-type=\"wp-page\" data-elementor-id=\"11891\" class=\"elementor elementor-11891\">\n\t\t\t\t        <section class=\"elementor-section elementor-top-section elementor-element elementor-element-3cd6791d elementor-section-full_width elementor-section-height-default elementor-section-height-default cms-full-content-with-space-none\" data-id=\"3cd6791d\" data-element_type=\"section\">\r\n\t\t        <div class=\"elementor-container elementor-column-gap-no\" >\r\n\t\t        <div class=\"elementor-column elementor-col-100 elementor-top-column elementor-element elementor-element-5816747a\" data-id=\"5816747a\" data-element_type=\"column\">\r\n            <div class=\"elementor-widget-wrap elementor-element-populated\">\r\n                \t\t<div class=\"elementor-element elementor-element-75ecfd2c naszbanner elementor-widget elementor-widget-cms_page_title\" data-id=\"75ecfd2c\" data-element_type=\"widget\" data-widget_type=\"cms_page_title.default\">\n\t\t\t\t<div class=\"elementor-widget-container\">\n\t\t\t<div class=\"cms-page-title-wrap cms-page-title-layout1 w-ptt-pt pb-32 header-transparent\" style=\"background-image:url(http:\/\/kart.com.pl\/wp-content\/uploads\/2024\/08\/wspolpraca-b2b.webp);background-size: cover;\">\n\t<input type='hidden' name='top_space' id='w-ptt-top-space' value='90' \/>\n\t<div class=\"cms-page-title-top-space\"><\/div>\n\t<div class=\"cms-page-title-top-last\"><\/div>\n\t<div class=\"container\">\n\t\t<div class=\"cms-page-title-content-align\">\n\t\t\t<div class=\"cms-page-title-content\">\n\t\t\t\t<h1 class=\"cms-page-title-title text-white\">\n\t\t\t\t\t<span >B2B<\/span>\n\t\t\t\t<\/h1>\n\t\t\t\t\t\t\t\t\t\t\t<\/div>\n\t\t<\/div>\n\t\t\t\t<div class=\"cms-breadcrumb-wrap cms-page-title-breadcrumb text-white mt-95\">\n\t\t\t<ul class=\"cms-breadcrumb d-flex justify-content-start\"><li><span class=\"breadcrumb-entry\">Home<\/span><\/li><\/ul>\t\t<\/div>\n\t\t    <\/div>\n<\/div>\t\t<\/div>\n\t\t\t\t<\/div>\n\t\t            <\/div>\r\n        <\/div>\r\n        \t\t\t<\/div>\r\n\t\t<\/section>\r\n\t\t        <section class=\"elementor-section elementor-top-section elementor-element elementor-element-d0847ec pt-120 pt-tablet-20pb-120 pb-tablet-extra-30bg-pos-c-15bg-pos-tablet-landscape-c-5 elementor-section-boxed elementor-section-height-default elementor-section-height-default elementor-invisible\" data-id=\"d0847ec\" data-element_type=\"section\" data-settings=\"{&quot;animation&quot;:&quot;fadeInUp&quot;,&quot;background_background&quot;:&quot;classic&quot;}\">\r\n\t\t            <div class=\"elementor-background-overlay\"><\/div>\r\n\t\t        <div class=\"elementor-container elementor-column-gap-default\" >\r\n\t\t        <div class=\"elementor-column elementor-col-50 elementor-top-column elementor-element elementor-element-78e54df pb-mobile-0 sticky sticky-tablet-landscape-none h-100 elementor-invisible\" data-id=\"78e54df\" data-element_type=\"column\" data-settings=\"{&quot;animation&quot;:&quot;fadeInLeft&quot;}\">\r\n            <div class=\"elementor-widget-wrap elementor-element-populated\">\r\n                \t\t<div class=\"elementor-element elementor-element-b4c352b elementor-widget elementor-widget-image\" data-id=\"b4c352b\" data-element_type=\"widget\" data-widget_type=\"image.default\">\n\t\t\t\t<div class=\"elementor-widget-container\">\n\t\t\t<style>\/*! elementor - v3.23.0 - 25-07-2024 *\/\n.elementor-widget-image{text-align:center}.elementor-widget-image a{display:inline-block}.elementor-widget-image a img[src$=\".svg\"]{width:48px}.elementor-widget-image img{vertical-align:middle;display:inline-block}<\/style>\t\t\t\t\t\t\t\t\t\t<img fetchpriority=\"high\" decoding=\"async\" width=\"840\" height=\"562\" src=\"https:\/\/kart.com.pl\/wp-content\/uploads\/2024\/06\/obrobka1-840x562.webp\" class=\"attachment-large size-large wp-image-12540\" alt=\"\" srcset=\"https:\/\/kart.com.pl\/wp-content\/uploads\/2024\/06\/obrobka1-840x562.webp 840w, https:\/\/kart.com.pl\/wp-content\/uploads\/2024\/06\/obrobka1-570x380.webp 570w\" sizes=\"(max-width: 840px) 100vw, 840px\" \/>\t\t\t\t\t\t\t\t\t\t\t\t\t<\/div>\n\t\t\t\t<\/div>\n\t\t            <\/div>\r\n        <\/div>\r\n                <div class=\"elementor-column elementor-col-50 elementor-top-column elementor-element elementor-element-249b413 pt-24 elementor-invisible\" data-id=\"249b413\" data-element_type=\"column\" data-settings=\"{&quot;animation&quot;:&quot;fadeInRight&quot;}\">\r\n            <div class=\"elementor-widget-wrap elementor-element-populated\">\r\n                \t\t<div class=\"elementor-element elementor-element-1b437df elementor-widget elementor-widget-cms_heading\" data-id=\"1b437df\" data-element_type=\"widget\" data-widget_type=\"cms_heading.default\">\n\t\t\t\t<div class=\"elementor-widget-container\">\n\t\t\t<div class=\"cms-heading-wrap cms-heading-layout1 cms-heading-style1 text-\">\n    <div class=\"cms-heading-container\">\n\t\t\t\t\t<div class=\"cms-subheading text-primary font-700\">Before we delve into the essence of the project, a key element is our offer. This stage is extremely important to us, so we fully commit to accurately transferring our concepts and assumptions onto paper. We provide the client with a detailed description and a clear overview of all significant costs associated with the project.<\/div>\n\t\t\n\t\t\n\t\t\t\t\t<div class=\"cms-heading-description\"><p>This approach builds trust on both sides\u2014upon receiving approval for the offer, we can be confident that an agreement has been reached between us and the client. At the same time, the client has a clear vision of what their investment consists of and the costs involved, which further enhances their sense of certainty and security.<\/p>\n<\/div>\n\t\t\t<\/div>\n<\/div>\t\t<\/div>\n\t\t\t\t<\/div>\n\t\t            <\/div>\r\n        <\/div>\r\n        \t\t\t<\/div>\r\n\t\t<\/section>\r\n\t\t        <section class=\"elementor-section elementor-top-section elementor-element elementor-element-3dba3ce4 bg-secondarymt-92  elementor-section-boxed elementor-section-height-default elementor-section-height-default elementor-invisible\" data-id=\"3dba3ce4\" data-element_type=\"section\" id=\"kluczowe-etapy\" data-settings=\"{&quot;background_background&quot;:&quot;gradient&quot;,&quot;animation&quot;:&quot;fadeInUp&quot;}\">\r\n\t\t            <div class=\"elementor-background-overlay\"><\/div>\r\n\t\t        <div class=\"elementor-container elementor-column-gap-default\" >\r\n\t\t        <div class=\"elementor-column elementor-col-100 elementor-top-column elementor-element elementor-element-1a7b9881\" data-id=\"1a7b9881\" data-element_type=\"column\">\r\n            <div class=\"elementor-widget-wrap elementor-element-populated\">\r\n                \t\t<div class=\"elementor-element elementor-element-413f796f elementor-widget__width-initial elementor-invisible elementor-widget elementor-widget-cms_heading\" data-id=\"413f796f\" data-element_type=\"widget\" data-settings=\"{&quot;_animation&quot;:&quot;fadeInLeft&quot;}\" data-widget_type=\"cms_heading.default\">\n\t\t\t\t<div class=\"elementor-widget-container\">\n\t\t\t<div class=\"cms-heading-wrap cms-heading-layout1 cms-heading-style4 text-\">\n    <div class=\"cms-heading-container\">\n\t\t\t\t\t<div class=\"cms-subheading text-primary font-700\">Needs analysis<\/div>\n\t\t\n\t\t\t\t\t<h2 class=\"cms-heading\">\n\t\t\t\t<span \t\t\t\t>\n\t\t\t\tKey stages of the offer\t\t\t<\/span>\n\t\t\t<\/h2>\n\n\t\t\t\t\t\n\t\t\t<\/div>\n<\/div>\t\t<\/div>\n\t\t\t\t<\/div>\n\t\t        <section class=\"elementor-section elementor-inner-section elementor-element elementor-element-be9307e elementor-section-boxed elementor-section-height-default elementor-section-height-default elementor-invisible\" data-id=\"be9307e\" data-element_type=\"section\" data-settings=\"{&quot;animation&quot;:&quot;fadeInUp&quot;}\">\r\n\t\t        <div class=\"elementor-container elementor-column-gap-no\" >\r\n\t\t        <div class=\"elementor-column elementor-col-33 elementor-inner-column elementor-element elementor-element-71754441 pr-40 pr-tablet-extra-20 pr-tablet-10 pr-mobile-0pb-tablet-20\" data-id=\"71754441\" data-element_type=\"column\">\r\n            <div class=\"elementor-widget-wrap elementor-element-populated\">\r\n                \t\t<div class=\"elementor-element elementor-element-14af03b0 elementor-widget elementor-widget-cms_fancy_box\" data-id=\"14af03b0\" data-element_type=\"widget\" data-widget_type=\"cms_fancy_box.default\">\n\t\t\t\t<div class=\"elementor-widget-container\">\n\t\t\t<div class=\"cms-fancy-box-wrap cms-fancy-box-layout2 var(--body-font-color) cms-hover-icon-bounce\">\n\t        <div class=\"cms-fancy-box-icon\">\n\t\t\t<i aria-hidden=\"true\" class=\"cms-icon validus-icon-gear\"><\/i>        <\/div>\n\t\n    <div class=\"cms-fancy-box-content\">\n        <h3 class=\"cms-fancy-box-title text-body\">Upon receiving an inquiry from a potential client, we gather information including specifications, drawings, models, and guidelines.<\/h3>\n        <div class=\"cms-fancy-box-description\">\n\t\t\t\t\t<\/div>\n\t\t    <\/div>\n<\/div>\t\t<\/div>\n\t\t\t\t<\/div>\n\t\t            <\/div>\r\n        <\/div>\r\n                <div class=\"elementor-column elementor-col-33 elementor-inner-column elementor-element elementor-element-e12ba81 pr-40 pr-tablet-extra-20 pr-tablet-10 pr-mobile-0pb-tablet-20\" data-id=\"e12ba81\" data-element_type=\"column\">\r\n            <div class=\"elementor-widget-wrap elementor-element-populated\">\r\n                \t\t<div class=\"elementor-element elementor-element-6986a66f elementor-widget elementor-widget-cms_fancy_box\" data-id=\"6986a66f\" data-element_type=\"widget\" data-widget_type=\"cms_fancy_box.default\">\n\t\t\t\t<div class=\"elementor-widget-container\">\n\t\t\t<div class=\"cms-fancy-box-wrap cms-fancy-box-layout2  cms-hover-icon-bounce\">\n\t        <div class=\"cms-fancy-box-icon\">\n\t\t\t<i aria-hidden=\"true\" class=\"cms-icon validusicon- validus-icon-machine\"><\/i>        <\/div>\n\t\n    <div class=\"cms-fancy-box-content\">\n        <h3 class=\"cms-fancy-box-title text-body\">We analyze the provided documentation and the collected data.<\/h3>\n        <div class=\"cms-fancy-box-description\">\n\t\t\t\t\t<\/div>\n\t\t    <\/div>\n<\/div>\t\t<\/div>\n\t\t\t\t<\/div>\n\t\t            <\/div>\r\n        <\/div>\r\n                <div class=\"elementor-column elementor-col-33 elementor-inner-column elementor-element elementor-element-6e08c86f pb-tablet-20\" data-id=\"6e08c86f\" data-element_type=\"column\">\r\n            <div class=\"elementor-widget-wrap elementor-element-populated\">\r\n                \t\t<div class=\"elementor-element elementor-element-237cb201 elementor-widget elementor-widget-cms_fancy_box\" data-id=\"237cb201\" data-element_type=\"widget\" data-widget_type=\"cms_fancy_box.default\">\n\t\t\t\t<div class=\"elementor-widget-container\">\n\t\t\t<div class=\"cms-fancy-box-wrap cms-fancy-box-layout2  cms-hover-icon-bounce\">\n\t        <div class=\"cms-fancy-box-icon\">\n\t\t\t<i aria-hidden=\"true\" class=\"cms-icon validusicon- validus-icon-worker\"><\/i>        <\/div>\n\t\n    <div class=\"cms-fancy-box-content\">\n        <h3 class=\"cms-fancy-box-title text-body\">We create a product concept, seeking optimal solutions.<\/h3>\n        <div class=\"cms-fancy-box-description\">\n\t\t\t\t\t<\/div>\n\t\t    <\/div>\n<\/div>\t\t<\/div>\n\t\t\t\t<\/div>\n\t\t            <\/div>\r\n        <\/div>\r\n        \t\t\t<\/div>\r\n\t\t<\/section>\r\n\t\t        <section class=\"elementor-section elementor-inner-section elementor-element elementor-element-2f40441f elementor-section-boxed elementor-section-height-default elementor-section-height-default elementor-invisible\" data-id=\"2f40441f\" data-element_type=\"section\" data-settings=\"{&quot;animation&quot;:&quot;fadeInUp&quot;}\">\r\n\t\t        <div class=\"elementor-container elementor-column-gap-no\" >\r\n\t\t        <div class=\"elementor-column elementor-col-33 elementor-inner-column elementor-element elementor-element-432805c4 pr-40 pr-tablet-extra-20 pr-tablet-10 pr-mobile-0pb-tablet-20\" data-id=\"432805c4\" data-element_type=\"column\">\r\n            <div class=\"elementor-widget-wrap elementor-element-populated\">\r\n                \t\t<div class=\"elementor-element elementor-element-27f9fd92 elementor-widget elementor-widget-cms_fancy_box\" data-id=\"27f9fd92\" data-element_type=\"widget\" data-widget_type=\"cms_fancy_box.default\">\n\t\t\t\t<div class=\"elementor-widget-container\">\n\t\t\t<div class=\"cms-fancy-box-wrap cms-fancy-box-layout2  cms-hover-icon-bounce\">\n\t        <div class=\"cms-fancy-box-icon\">\n\t\t\t<i aria-hidden=\"true\" class=\"cms-icon validusicon- validus-icon-parcel\"><\/i>        <\/div>\n\t\n    <div class=\"cms-fancy-box-content\">\n        <h3 class=\"cms-fancy-box-title text-body\">We then move on to preparing a cost estimate, collecting partial offers from suppliers of materials and components, and calculating costs.<\/h3>\n        <div class=\"cms-fancy-box-description\">\n\t\t\t\t\t<\/div>\n\t\t    <\/div>\n<\/div>\t\t<\/div>\n\t\t\t\t<\/div>\n\t\t            <\/div>\r\n        <\/div>\r\n                <div class=\"elementor-column elementor-col-33 elementor-inner-column elementor-element elementor-element-234b54a0 pr-35 pr-tablet-extra-20 pr-tablet-10 pr-mobile-0pb-tablet-20\" data-id=\"234b54a0\" data-element_type=\"column\">\r\n            <div class=\"elementor-widget-wrap elementor-element-populated\">\r\n                \t\t<div class=\"elementor-element elementor-element-5117a202 elementor-widget elementor-widget-cms_fancy_box\" data-id=\"5117a202\" data-element_type=\"widget\" data-widget_type=\"cms_fancy_box.default\">\n\t\t\t\t<div class=\"elementor-widget-container\">\n\t\t\t<div class=\"cms-fancy-box-wrap cms-fancy-box-layout2  cms-hover-icon-bounce\">\n\t        <div class=\"cms-fancy-box-icon\">\n\t\t\t<i aria-hidden=\"true\" class=\"cms-icon validusicon- validus-icon-planning\"><\/i>        <\/div>\n\t\n    <div class=\"cms-fancy-box-content\">\n        <h3 class=\"cms-fancy-box-title text-body\">We prepare the offer, striving to describe the project assumptions as clearly as possible and present a pricing summary.<\/h3>\n        <div class=\"cms-fancy-box-description\">\n\t\t\t\t\t<\/div>\n\t\t    <\/div>\n<\/div>\t\t<\/div>\n\t\t\t\t<\/div>\n\t\t            <\/div>\r\n        <\/div>\r\n                <div class=\"elementor-column elementor-col-33 elementor-inner-column elementor-element elementor-element-513a4ed4 pb-tablet-20\" data-id=\"513a4ed4\" data-element_type=\"column\">\r\n            <div class=\"elementor-widget-wrap elementor-element-populated\">\r\n                \t\t<div class=\"elementor-element elementor-element-47d02373 elementor-widget elementor-widget-cms_fancy_box\" data-id=\"47d02373\" data-element_type=\"widget\" data-widget_type=\"cms_fancy_box.default\">\n\t\t\t\t<div class=\"elementor-widget-container\">\n\t\t\t<div class=\"cms-fancy-box-wrap cms-fancy-box-layout2  cms-hover-icon-bounce\">\n\t        <div class=\"cms-fancy-box-icon\">\n\t\t\t<i aria-hidden=\"true\" class=\"cms-icon validusicon- validus-icon-eco\"><\/i>        <\/div>\n\t\n    <div class=\"cms-fancy-box-content\">\n        <h3 class=\"cms-fancy-box-title text-body\">Finally, we present the completed offer to the client and answer any questions.<\/h3>\n        <div class=\"cms-fancy-box-description\">\n\t\t\t\t\t<\/div>\n\t\t    <\/div>\n<\/div>\t\t<\/div>\n\t\t\t\t<\/div>\n\t\t            <\/div>\r\n        <\/div>\r\n        \t\t\t<\/div>\r\n\t\t<\/section>\r\n\t\t        <section class=\"elementor-section elementor-inner-section elementor-element elementor-element-6ca9800c pl-330 pl-tablet-extra-0pt-68 pt-tablet-extra-30 elementor-section-boxed elementor-section-height-default elementor-section-height-default elementor-invisible\" data-id=\"6ca9800c\" data-element_type=\"section\" data-settings=\"{&quot;animation&quot;:&quot;fadeInUp&quot;}\">\r\n\t\t        <div class=\"elementor-container elementor-column-gap-no\" >\r\n\t\t        <div class=\"elementor-column elementor-col-100 elementor-inner-column elementor-element elementor-element-34c6cd41 pb-tablet-20\" data-id=\"34c6cd41\" data-element_type=\"column\">\r\n            <div class=\"elementor-widget-wrap elementor-element-populated\">\r\n                \t\t<div class=\"elementor-element elementor-element-471f75fb elementor-widget__width-initial pb-mobile-20 elementor-widget elementor-widget-cms_button\" data-id=\"471f75fb\" data-element_type=\"widget\" data-settings=\"{&quot;icon_font_size&quot;:{&quot;unit&quot;:&quot;px&quot;,&quot;size&quot;:23,&quot;sizes&quot;:[]}}\" data-widget_type=\"cms_button.default\">\n\t\t\t\t<div class=\"elementor-widget-container\">\n\t\t\t<div class=\"cms-button-wrap cms-button-layout1\">\n    <a href=\"https:\/\/kart.com.pl\/en\/linia-produkcyjna-pet-food\/\" class=\"cms-transition btn  btn-white radius-2 icon-align-left\">\n\t\t\n        <span class=\"btn-text\" 0=\"cms-transition\">Pet food production line<\/span>\n\t\t\t\t<span class=\"btn-icon cms-align-icon-left cms-transition\">\n\t\t\t<i aria-hidden=\"true\" class=\"cmsi cmsi-chevron-circle-right-01\"><\/i>\t\t<\/span>\n\t\t    <\/a>\n<\/div>\t\t<\/div>\n\t\t\t\t<\/div>\n\t\t\t\t<div class=\"elementor-element elementor-element-2afad1a elementor-widget__width-initial elementor-widget elementor-widget-cms_button\" data-id=\"2afad1a\" data-element_type=\"widget\" data-settings=\"{&quot;icon_font_size&quot;:{&quot;unit&quot;:&quot;px&quot;,&quot;size&quot;:&quot;23&quot;,&quot;sizes&quot;:[]}}\" data-widget_type=\"cms_button.default\">\n\t\t\t\t<div class=\"elementor-widget-container\">\n\t\t\t<div class=\"cms-button-wrap cms-button-layout2\">\n    <a href=\"https:\/\/kart.com.pl\/en\/kontakt\/\" class=\"btn btn-outline-white radius-2 btn-hover-white icon-align-left\">\n\t\t\n        <span class=\"btn-text\">\n\t\t\tContact\t\t<\/span>\n\n\t\t    <\/a>\n<\/div>\t\t<\/div>\n\t\t\t\t<\/div>\n\t\t            <\/div>\r\n        <\/div>\r\n        \t\t\t<\/div>\r\n\t\t<\/section>\r\n\t\t            <\/div>\r\n        <\/div>\r\n        \t\t\t<\/div>\r\n\t\t<\/section>\r\n\t\t\t\t<\/div>","protected":false},"excerpt":{"rendered":"<p>Wsp\u00f3\u0142praca B2B Home Zanim wejdziemy w sam\u0105 esencj\u0119 projektu, kluczowym elementem jest nasza oferta. Ten etap jest dla nas niezwykle istotny, wi\u0119c anga\u017cujemy si\u0119 w pe\u0142ni, staraj\u0105c si\u0119 jak najlepiej przenie\u015b\u0107 nasze koncepcje i za\u0142o\u017cenia na papier. Zapewniamy Klientowi szczeg\u00f3\u0142owy opis oraz jasny przegl\u0105d wszystkich istotnych koszt\u00f3w zwi\u0105zanych z projektem. Takie podej\u015bcie buduje zaufanie po [&hellip;]<\/p>","protected":false},"author":1,"featured_media":0,"parent":0,"menu_order":0,"comment_status":"closed","ping_status":"closed","template":"","meta":{"footnotes":""},"page-tag":[],"class_list":["post-11891","page","type-page","status-publish","hentry"],"yoast_head":"<!-- This site is optimized with the Yoast SEO plugin v23.1 - https:\/\/yoast.com\/wordpress\/plugins\/seo\/ -->\n<title>Wsp\u00f3\u0142praca B2B - Kart<\/title>\n<meta name=\"robots\" content=\"index, follow, max-snippet:-1, max-image-preview:large, max-video-preview:-1\" \/>\n<link rel=\"canonical\" href=\"https:\/\/kart.com.pl\/en\/wspolpraca-b2b\/\" \/>\n<meta property=\"og:locale\" content=\"en_GB\" \/>\n<meta property=\"og:type\" content=\"article\" \/>\n<meta property=\"og:title\" content=\"Wsp\u00f3\u0142praca B2B - Kart\" \/>\n<meta property=\"og:description\" content=\"Wsp\u00f3\u0142praca B2B Home Zanim wejdziemy w sam\u0105 esencj\u0119 projektu, kluczowym elementem jest nasza oferta. Ten etap jest dla nas niezwykle istotny, wi\u0119c anga\u017cujemy si\u0119 w pe\u0142ni, staraj\u0105c si\u0119 jak najlepiej przenie\u015b\u0107 nasze koncepcje i za\u0142o\u017cenia na papier. Zapewniamy Klientowi szczeg\u00f3\u0142owy opis oraz jasny przegl\u0105d wszystkich istotnych koszt\u00f3w zwi\u0105zanych z projektem. Takie podej\u015bcie buduje zaufanie po [&hellip;]\" \/>\n<meta property=\"og:url\" content=\"https:\/\/kart.com.pl\/en\/wspolpraca-b2b\/\" \/>\n<meta property=\"og:site_name\" content=\"Kart\" \/>\n<meta property=\"article:modified_time\" content=\"2024-09-30T08:42:54+00:00\" \/>\n<meta property=\"og:image\" content=\"http:\/\/kart.com.pl\/wp-content\/uploads\/2024\/06\/obrobka1-840x562.webp\" \/>\n<meta name=\"twitter:card\" content=\"summary_large_image\" \/>\n<meta name=\"twitter:label1\" content=\"Estimated reading time\" \/>\n\t<meta name=\"twitter:data1\" content=\"2 minutes\" \/>\n<script type=\"application\/ld+json\" class=\"yoast-schema-graph\">{\"@context\":\"https:\/\/schema.org\",\"@graph\":[{\"@type\":\"WebPage\",\"@id\":\"https:\/\/kart.com.pl\/wspolpraca-b2b\/\",\"url\":\"https:\/\/kart.com.pl\/wspolpraca-b2b\/\",\"name\":\"Wsp\u00f3\u0142praca B2B - Kart\",\"isPartOf\":{\"@id\":\"https:\/\/kart.com.pl\/#website\"},\"primaryImageOfPage\":{\"@id\":\"https:\/\/kart.com.pl\/wspolpraca-b2b\/#primaryimage\"},\"image\":{\"@id\":\"https:\/\/kart.com.pl\/wspolpraca-b2b\/#primaryimage\"},\"thumbnailUrl\":\"http:\/\/kart.com.pl\/wp-content\/uploads\/2024\/06\/obrobka1-840x562.webp\",\"datePublished\":\"2024-05-27T09:11:46+00:00\",\"dateModified\":\"2024-09-30T08:42:54+00:00\",\"breadcrumb\":{\"@id\":\"https:\/\/kart.com.pl\/wspolpraca-b2b\/#breadcrumb\"},\"inLanguage\":\"en-GB\",\"potentialAction\":[{\"@type\":\"ReadAction\",\"target\":[\"https:\/\/kart.com.pl\/wspolpraca-b2b\/\"]}]},{\"@type\":\"ImageObject\",\"inLanguage\":\"en-GB\",\"@id\":\"https:\/\/kart.com.pl\/wspolpraca-b2b\/#primaryimage\",\"url\":\"http:\/\/kart.com.pl\/wp-content\/uploads\/2024\/06\/obrobka1-840x562.webp\",\"contentUrl\":\"http:\/\/kart.com.pl\/wp-content\/uploads\/2024\/06\/obrobka1-840x562.webp\"},{\"@type\":\"BreadcrumbList\",\"@id\":\"https:\/\/kart.com.pl\/wspolpraca-b2b\/#breadcrumb\",\"itemListElement\":[{\"@type\":\"ListItem\",\"position\":1,\"name\":\"Strona g\u0142\u00f3wna\",\"item\":\"https:\/\/kart.com.pl\/\"},{\"@type\":\"ListItem\",\"position\":2,\"name\":\"Wsp\u00f3\u0142praca B2B\"}]},{\"@type\":\"WebSite\",\"@id\":\"https:\/\/kart.com.pl\/#website\",\"url\":\"https:\/\/kart.com.pl\/\",\"name\":\"Kart\",\"description\":\"\",\"potentialAction\":[{\"@type\":\"SearchAction\",\"target\":{\"@type\":\"EntryPoint\",\"urlTemplate\":\"https:\/\/kart.com.pl\/?s={search_term_string}\"},\"query-input\":\"required name=search_term_string\"}],\"inLanguage\":\"en-GB\"}]}<\/script>\n<!-- \/ Yoast SEO plugin. -->","yoast_head_json":{"title":"Wsp\u00f3\u0142praca B2B - Kart","robots":{"index":"index","follow":"follow","max-snippet":"max-snippet:-1","max-image-preview":"max-image-preview:large","max-video-preview":"max-video-preview:-1"},"canonical":"https:\/\/kart.com.pl\/en\/wspolpraca-b2b\/","og_locale":"en_GB","og_type":"article","og_title":"Wsp\u00f3\u0142praca B2B - Kart","og_description":"Wsp\u00f3\u0142praca B2B Home Zanim wejdziemy w sam\u0105 esencj\u0119 projektu, kluczowym elementem jest nasza oferta. Ten etap jest dla nas niezwykle istotny, wi\u0119c anga\u017cujemy si\u0119 w pe\u0142ni, staraj\u0105c si\u0119 jak najlepiej przenie\u015b\u0107 nasze koncepcje i za\u0142o\u017cenia na papier. Zapewniamy Klientowi szczeg\u00f3\u0142owy opis oraz jasny przegl\u0105d wszystkich istotnych koszt\u00f3w zwi\u0105zanych z projektem. Takie podej\u015bcie buduje zaufanie po [&hellip;]","og_url":"https:\/\/kart.com.pl\/en\/wspolpraca-b2b\/","og_site_name":"Kart","article_modified_time":"2024-09-30T08:42:54+00:00","og_image":[{"url":"http:\/\/kart.com.pl\/wp-content\/uploads\/2024\/06\/obrobka1-840x562.webp"}],"twitter_card":"summary_large_image","twitter_misc":{"Estimated reading time":"2 minutes"},"schema":{"@context":"https:\/\/schema.org","@graph":[{"@type":"WebPage","@id":"https:\/\/kart.com.pl\/wspolpraca-b2b\/","url":"https:\/\/kart.com.pl\/wspolpraca-b2b\/","name":"Wsp\u00f3\u0142praca B2B - Kart","isPartOf":{"@id":"https:\/\/kart.com.pl\/#website"},"primaryImageOfPage":{"@id":"https:\/\/kart.com.pl\/wspolpraca-b2b\/#primaryimage"},"image":{"@id":"https:\/\/kart.com.pl\/wspolpraca-b2b\/#primaryimage"},"thumbnailUrl":"http:\/\/kart.com.pl\/wp-content\/uploads\/2024\/06\/obrobka1-840x562.webp","datePublished":"2024-05-27T09:11:46+00:00","dateModified":"2024-09-30T08:42:54+00:00","breadcrumb":{"@id":"https:\/\/kart.com.pl\/wspolpraca-b2b\/#breadcrumb"},"inLanguage":"en-GB","potentialAction":[{"@type":"ReadAction","target":["https:\/\/kart.com.pl\/wspolpraca-b2b\/"]}]},{"@type":"ImageObject","inLanguage":"en-GB","@id":"https:\/\/kart.com.pl\/wspolpraca-b2b\/#primaryimage","url":"http:\/\/kart.com.pl\/wp-content\/uploads\/2024\/06\/obrobka1-840x562.webp","contentUrl":"http:\/\/kart.com.pl\/wp-content\/uploads\/2024\/06\/obrobka1-840x562.webp"},{"@type":"BreadcrumbList","@id":"https:\/\/kart.com.pl\/wspolpraca-b2b\/#breadcrumb","itemListElement":[{"@type":"ListItem","position":1,"name":"Strona g\u0142\u00f3wna","item":"https:\/\/kart.com.pl\/"},{"@type":"ListItem","position":2,"name":"Wsp\u00f3\u0142praca B2B"}]},{"@type":"WebSite","@id":"https:\/\/kart.com.pl\/#website","url":"https:\/\/kart.com.pl\/","name":"Kart","description":"","potentialAction":[{"@type":"SearchAction","target":{"@type":"EntryPoint","urlTemplate":"https:\/\/kart.com.pl\/?s={search_term_string}"},"query-input":"required name=search_term_string"}],"inLanguage":"en-GB"}]}},"_links":{"self":[{"href":"https:\/\/kart.com.pl\/en\/wp-json\/wp\/v2\/pages\/11891"}],"collection":[{"href":"https:\/\/kart.com.pl\/en\/wp-json\/wp\/v2\/pages"}],"about":[{"href":"https:\/\/kart.com.pl\/en\/wp-json\/wp\/v2\/types\/page"}],"author":[{"embeddable":true,"href":"https:\/\/kart.com.pl\/en\/wp-json\/wp\/v2\/users\/1"}],"replies":[{"embeddable":true,"href":"https:\/\/kart.com.pl\/en\/wp-json\/wp\/v2\/comments?post=11891"}],"version-history":[{"count":0,"href":"https:\/\/kart.com.pl\/en\/wp-json\/wp\/v2\/pages\/11891\/revisions"}],"wp:attachment":[{"href":"https:\/\/kart.com.pl\/en\/wp-json\/wp\/v2\/media?parent=11891"}],"wp:term":[{"taxonomy":"page-tag","embeddable":true,"href":"https:\/\/kart.com.pl\/en\/wp-json\/wp\/v2\/page-tag?post=11891"}],"curies":[{"name":"wp","href":"https:\/\/api.w.org\/{rel}","templated":true}]}}