{"id":12209,"date":"2024-06-01T05:52:23","date_gmt":"2024-06-01T05:52:23","guid":{"rendered":"http:\/\/kart.com.pl\/?page_id=12209"},"modified":"2024-08-14T06:14:32","modified_gmt":"2024-08-14T06:14:32","slug":"linie-produkcyjne","status":"publish","type":"page","link":"https:\/\/kart.com.pl\/en\/linie-produkcyjne\/","title":{"rendered":"Production lines"},"content":{"rendered":"<div data-elementor-type=\"wp-page\" data-elementor-id=\"12209\" class=\"elementor elementor-12209\">\n\t\t\t\t        <section class=\"elementor-section elementor-top-section elementor-element elementor-element-3cd6791d elementor-section-full_width elementor-section-height-default elementor-section-height-default cms-full-content-with-space-none\" data-id=\"3cd6791d\" data-element_type=\"section\">\r\n\t\t        <div class=\"elementor-container elementor-column-gap-no\" >\r\n\t\t        <div class=\"elementor-column elementor-col-100 elementor-top-column elementor-element elementor-element-5816747a\" data-id=\"5816747a\" data-element_type=\"column\">\r\n            <div class=\"elementor-widget-wrap elementor-element-populated\">\r\n                \t\t<div class=\"elementor-element elementor-element-75ecfd2c naszbanner elementor-widget elementor-widget-cms_page_title\" data-id=\"75ecfd2c\" data-element_type=\"widget\" data-widget_type=\"cms_page_title.default\">\n\t\t\t\t<div class=\"elementor-widget-container\">\n\t\t\t<div class=\"cms-page-title-wrap cms-page-title-layout1 w-ptt-pt pb-32 header-transparent\" style=\"background-image:url(http:\/\/kart.com.pl\/wp-content\/uploads\/2024\/06\/linia-do-zgrzewania-folii-lechit-8-scaled.webp);background-size: cover;\">\n\t<input type='hidden' name='top_space' id='w-ptt-top-space' value='50' \/>\n\t<div class=\"cms-page-title-top-space\"><\/div>\n\t<div class=\"cms-page-title-top-last\"><\/div>\n\t<div class=\"container\">\n\t\t<div class=\"cms-page-title-content-align\">\n\t\t\t<div class=\"cms-page-title-content\">\n\t\t\t\t<h1 class=\"cms-page-title-title text-white\">\n\t\t\t\t\t<span ><br>Production lines<\/span>\n\t\t\t\t<\/h1>\n\t\t\t\t\t\t\t\t\t\t\t<\/div>\n\t\t<\/div>\n\t\t\t\t<div class=\"cms-breadcrumb-wrap cms-page-title-breadcrumb text-white mt-95\">\n\t\t\t<ul class=\"cms-breadcrumb d-flex justify-content-start\"><li><span class=\"breadcrumb-entry\">Home<\/span><\/li><\/ul>\t\t<\/div>\n\t\t    <\/div>\n<\/div>\t\t<\/div>\n\t\t\t\t<\/div>\n\t\t            <\/div>\r\n        <\/div>\r\n        \t\t\t<\/div>\r\n\t\t<\/section>\r\n\t\t<div class=\"elementor-element elementor-element-485c447 e-flex e-con-boxed elementor-invisible e-con e-parent\" data-id=\"485c447\" data-element_type=\"container\" data-settings=\"{&quot;animation&quot;:&quot;fadeInLeft&quot;}\">\r\n\t\t\t\t\t<div class=\"e-con-inner\">\r\n\t\t<div class=\"elementor-element elementor-element-c28a89b e-con-full e-flex e-con e-child\" data-id=\"c28a89b\" data-element_type=\"container\">\r\n\t\t\t\t<div class=\"elementor-element elementor-element-83e4596 elementor-widget elementor-widget-image\" data-id=\"83e4596\" data-element_type=\"widget\" data-widget_type=\"image.default\">\n\t\t\t\t<div class=\"elementor-widget-container\">\n\t\t\t<style>\/*! elementor - v3.23.0 - 25-07-2024 *\/\n.elementor-widget-image{text-align:center}.elementor-widget-image a{display:inline-block}.elementor-widget-image a img[src$=\".svg\"]{width:48px}.elementor-widget-image img{vertical-align:middle;display:inline-block}<\/style>\t\t\t\t\t\t\t\t\t\t<img fetchpriority=\"high\" decoding=\"async\" width=\"840\" height=\"562\" src=\"https:\/\/kart.com.pl\/wp-content\/uploads\/2024\/07\/napelniarka_puszek-2-840x562.webp\" class=\"attachment-large size-large wp-image-13363\" alt=\"\" srcset=\"https:\/\/kart.com.pl\/wp-content\/uploads\/2024\/07\/napelniarka_puszek-2-840x562.webp 840w, https:\/\/kart.com.pl\/wp-content\/uploads\/2024\/07\/napelniarka_puszek-2-570x380.webp 570w, https:\/\/kart.com.pl\/wp-content\/uploads\/2024\/07\/napelniarka_puszek-2-16x12.webp 16w\" sizes=\"(max-width: 840px) 100vw, 840px\" \/>\t\t\t\t\t\t\t\t\t\t\t\t\t<\/div>\n\t\t\t\t<\/div>\n\t\t\t\t<\/div>\r\n\t\t<div class=\"elementor-element elementor-element-5834e9a e-con-full e-flex e-con e-child\" data-id=\"5834e9a\" data-element_type=\"container\">\r\n\t\t\t\t<div class=\"elementor-element elementor-element-4738d0f elementor-widget elementor-widget-cms_heading\" data-id=\"4738d0f\" data-element_type=\"widget\" data-widget_type=\"cms_heading.default\">\n\t\t\t\t<div class=\"elementor-widget-container\">\n\t\t\t<div class=\"cms-heading-wrap cms-heading-layout1 cms-heading-style1 text-\">\n    <div class=\"cms-heading-container\">\n\t\t\n\t\t\t\t\t<h2 class=\"cms-heading\">\n\t\t\t\t<a href=\"https:\/\/kart.com.pl\/en\/linie-produkcyjne\/linia-do-produkcji-karmy\/\"\t\t\t\t>\n\t\t\t\tPet Food production line\t\t\t<\/a>\n\t\t\t<\/h2>\n\n\t\t\t\t\t\n\t\t\t<\/div>\n<\/div>\t\t<\/div>\n\t\t\t\t<\/div>\n\t\t\t\t<\/div>\r\n\t\t\t\t\t<\/div>\r\n\t\t\t\t<\/div>\r\n\t\t<div class=\"elementor-element elementor-element-cb8558e e-flex e-con-boxed elementor-invisible e-con e-parent\" data-id=\"cb8558e\" data-element_type=\"container\" data-settings=\"{&quot;animation&quot;:&quot;fadeInRight&quot;}\">\r\n\t\t\t\t\t<div class=\"e-con-inner\">\r\n\t\t<div class=\"elementor-element elementor-element-a3be247 e-con-full e-flex e-con e-child\" data-id=\"a3be247\" data-element_type=\"container\">\r\n\t\t\t\t<div class=\"elementor-element elementor-element-eb19f90 elementor-widget elementor-widget-image\" data-id=\"eb19f90\" data-element_type=\"widget\" data-widget_type=\"image.default\">\n\t\t\t\t<div class=\"elementor-widget-container\">\n\t\t\t\t\t\t\t\t\t\t\t\t\t<img decoding=\"async\" width=\"840\" height=\"562\" src=\"https:\/\/kart.com.pl\/wp-content\/uploads\/2024\/07\/produkcja_garnulatu-1-840x562.webp\" class=\"attachment-large size-large wp-image-13377\" alt=\"\" srcset=\"https:\/\/kart.com.pl\/wp-content\/uploads\/2024\/07\/produkcja_garnulatu-1-840x562.webp 840w, https:\/\/kart.com.pl\/wp-content\/uploads\/2024\/07\/produkcja_garnulatu-1-570x380.webp 570w\" sizes=\"(max-width: 840px) 100vw, 840px\" \/>\t\t\t\t\t\t\t\t\t\t\t\t\t<\/div>\n\t\t\t\t<\/div>\n\t\t\t\t<\/div>\r\n\t\t<div class=\"elementor-element elementor-element-9d8adba e-con-full e-flex e-con e-child\" data-id=\"9d8adba\" data-element_type=\"container\">\r\n\t\t\t\t<div class=\"elementor-element elementor-element-f87ee11 elementor-widget elementor-widget-cms_heading\" data-id=\"f87ee11\" data-element_type=\"widget\" data-widget_type=\"cms_heading.default\">\n\t\t\t\t<div class=\"elementor-widget-container\">\n\t\t\t<div class=\"cms-heading-wrap cms-heading-layout1 cms-heading-style1 text-\">\n    <div class=\"cms-heading-container\">\n\t\t\n\t\t\t\t\t<h2 class=\"cms-heading\">\n\t\t\t\t<a href=\"https:\/\/kart.com.pl\/en\/linie-produkcyjne\/linia-do-produkcji-granulatu-cu\/\"\t\t\t\t>\n\t\t\t\tCopper granule production line\t\t\t<\/a>\n\t\t\t<\/h2>\n\n\t\t\t\t\t\n\t\t\t<\/div>\n<\/div>\t\t<\/div>\n\t\t\t\t<\/div>\n\t\t\t\t<\/div>\r\n\t\t\t\t\t<\/div>\r\n\t\t\t\t<\/div>\r\n\t\t<div class=\"elementor-element elementor-element-f205e8f e-flex e-con-boxed elementor-invisible e-con e-parent\" data-id=\"f205e8f\" data-element_type=\"container\" data-settings=\"{&quot;animation&quot;:&quot;fadeInLeft&quot;}\">\r\n\t\t\t\t\t<div class=\"e-con-inner\">\r\n\t\t<div class=\"elementor-element elementor-element-2a8619c e-con-full e-flex e-con e-child\" data-id=\"2a8619c\" data-element_type=\"container\">\r\n\t\t\t\t<div class=\"elementor-element elementor-element-aa6e96e elementor-widget elementor-widget-image\" data-id=\"aa6e96e\" data-element_type=\"widget\" data-widget_type=\"image.default\">\n\t\t\t\t<div class=\"elementor-widget-container\">\n\t\t\t\t\t\t\t\t\t\t\t\t\t<img decoding=\"async\" width=\"840\" height=\"562\" src=\"https:\/\/kart.com.pl\/wp-content\/uploads\/2024\/07\/linia-do-obcinania-filtra-w-papi-3-840x562.webp\" class=\"attachment-large size-large wp-image-13393\" alt=\"\" srcset=\"https:\/\/kart.com.pl\/wp-content\/uploads\/2024\/07\/linia-do-obcinania-filtra-w-papi-3-840x562.webp 840w, https:\/\/kart.com.pl\/wp-content\/uploads\/2024\/07\/linia-do-obcinania-filtra-w-papi-3-570x380.webp 570w, https:\/\/kart.com.pl\/wp-content\/uploads\/2024\/07\/linia-do-obcinania-filtra-w-papi-3-18x12.webp 18w\" sizes=\"(max-width: 840px) 100vw, 840px\" \/>\t\t\t\t\t\t\t\t\t\t\t\t\t<\/div>\n\t\t\t\t<\/div>\n\t\t\t\t<\/div>\r\n\t\t<div class=\"elementor-element elementor-element-6d5343d e-con-full e-flex e-con e-child\" data-id=\"6d5343d\" data-element_type=\"container\">\r\n\t\t\t\t<div class=\"elementor-element elementor-element-5e31373 elementor-widget elementor-widget-cms_heading\" data-id=\"5e31373\" data-element_type=\"widget\" data-widget_type=\"cms_heading.default\">\n\t\t\t\t<div class=\"elementor-widget-container\">\n\t\t\t<div class=\"cms-heading-wrap cms-heading-layout1 cms-heading-style1 text-\">\n    <div class=\"cms-heading-container\">\n\t\t\n\t\t\t\t\t<h2 class=\"cms-heading\">\n\t\t\t\t<a href=\"https:\/\/kart.com.pl\/en\/linie-produkcyjne\/linia-do-obcinania-filtrow\/\"\t\t\t\t>\n\t\t\t\tCigarette filter cutting line\t\t\t<\/a>\n\t\t\t<\/h2>\n\n\t\t\t\t\t\n\t\t\t<\/div>\n<\/div>\t\t<\/div>\n\t\t\t\t<\/div>\n\t\t\t\t<\/div>\r\n\t\t\t\t\t<\/div>\r\n\t\t\t\t<\/div>\r\n\t\t<div class=\"elementor-element elementor-element-9915105 e-flex e-con-boxed elementor-invisible e-con e-parent\" data-id=\"9915105\" data-element_type=\"container\" data-settings=\"{&quot;animation&quot;:&quot;fadeInRight&quot;}\">\r\n\t\t\t\t\t<div class=\"e-con-inner\">\r\n\t\t<div class=\"elementor-element elementor-element-fbbaacb e-con-full e-flex e-con e-child\" data-id=\"fbbaacb\" data-element_type=\"container\">\r\n\t\t\t\t<div class=\"elementor-element elementor-element-fad26d3 elementor-widget elementor-widget-image\" data-id=\"fad26d3\" data-element_type=\"widget\" data-widget_type=\"image.default\">\n\t\t\t\t<div class=\"elementor-widget-container\">\n\t\t\t\t\t\t\t\t\t\t\t\t\t<img loading=\"lazy\" decoding=\"async\" width=\"840\" height=\"562\" src=\"https:\/\/kart.com.pl\/wp-content\/uploads\/2024\/07\/linia_folia_5-840x562.webp\" class=\"attachment-large size-large wp-image-13417\" alt=\"\" srcset=\"https:\/\/kart.com.pl\/wp-content\/uploads\/2024\/07\/linia_folia_5-840x562.webp 840w, https:\/\/kart.com.pl\/wp-content\/uploads\/2024\/07\/linia_folia_5-570x380.webp 570w, https:\/\/kart.com.pl\/wp-content\/uploads\/2024\/07\/linia_folia_5-16x12.webp 16w\" sizes=\"(max-width: 840px) 100vw, 840px\" \/>\t\t\t\t\t\t\t\t\t\t\t\t\t<\/div>\n\t\t\t\t<\/div>\n\t\t\t\t<\/div>\r\n\t\t<div class=\"elementor-element elementor-element-10a00e2 e-con-full e-flex e-con e-child\" data-id=\"10a00e2\" data-element_type=\"container\">\r\n\t\t\t\t<div class=\"elementor-element elementor-element-1b7333e elementor-widget elementor-widget-cms_heading\" data-id=\"1b7333e\" data-element_type=\"widget\" data-widget_type=\"cms_heading.default\">\n\t\t\t\t<div class=\"elementor-widget-container\">\n\t\t\t<div class=\"cms-heading-wrap cms-heading-layout1 cms-heading-style1 text-\">\n    <div class=\"cms-heading-container\">\n\t\t\n\t\t\t\t\t<h2 class=\"cms-heading\">\n\t\t\t\t<a href=\"https:\/\/kart.com.pl\/en\/linie-produkcyjne\/linia-do-zgrzewania-folii\/\"\t\t\t\t>\n\t\t\t\tFilm sealing line\t\t\t<\/a>\n\t\t\t<\/h2>\n\n\t\t\t\t\t\n\t\t\t<\/div>\n<\/div>\t\t<\/div>\n\t\t\t\t<\/div>\n\t\t\t\t<\/div>\r\n\t\t\t\t\t<\/div>\r\n\t\t\t\t<\/div>\r\n\t\t<div class=\"elementor-element elementor-element-de6031d e-flex e-con-boxed elementor-invisible e-con e-parent\" data-id=\"de6031d\" data-element_type=\"container\" data-settings=\"{&quot;animation&quot;:&quot;fadeInLeft&quot;}\">\r\n\t\t\t\t\t<div class=\"e-con-inner\">\r\n\t\t<div class=\"elementor-element elementor-element-b1b7445 e-con-full e-flex e-con e-child\" data-id=\"b1b7445\" data-element_type=\"container\">\r\n\t\t\t\t<div class=\"elementor-element elementor-element-738e683 elementor-widget elementor-widget-image\" data-id=\"738e683\" data-element_type=\"widget\" data-widget_type=\"image.default\">\n\t\t\t\t<div class=\"elementor-widget-container\">\n\t\t\t\t\t\t\t\t\t\t\t\t\t<img loading=\"lazy\" decoding=\"async\" width=\"840\" height=\"562\" src=\"https:\/\/kart.com.pl\/wp-content\/uploads\/2024\/07\/linia_obrzeza-4-840x562.webp\" class=\"attachment-large size-large wp-image-13440\" alt=\"\" srcset=\"https:\/\/kart.com.pl\/wp-content\/uploads\/2024\/07\/linia_obrzeza-4-840x562.webp 840w, https:\/\/kart.com.pl\/wp-content\/uploads\/2024\/07\/linia_obrzeza-4-570x380.webp 570w, https:\/\/kart.com.pl\/wp-content\/uploads\/2024\/07\/linia_obrzeza-4-16x12.webp 16w\" sizes=\"(max-width: 840px) 100vw, 840px\" \/>\t\t\t\t\t\t\t\t\t\t\t\t\t<\/div>\n\t\t\t\t<\/div>\n\t\t\t\t<\/div>\r\n\t\t<div class=\"elementor-element elementor-element-9a4dfab e-con-full e-flex e-con e-child\" data-id=\"9a4dfab\" data-element_type=\"container\">\r\n\t\t\t\t<div class=\"elementor-element elementor-element-55eb177 elementor-widget elementor-widget-cms_heading\" data-id=\"55eb177\" data-element_type=\"widget\" data-widget_type=\"cms_heading.default\">\n\t\t\t\t<div class=\"elementor-widget-container\">\n\t\t\t<div class=\"cms-heading-wrap cms-heading-layout1 cms-heading-style1 text-\">\n    <div class=\"cms-heading-container\">\n\t\t\n\t\t\t\t\t<h2 class=\"cms-heading\">\n\t\t\t\t<a href=\"https:\/\/kart.com.pl\/en\/linie-produkcyjne\/linia-do-produckji-obrzezy-skrzyn\/\"\t\t\t\t>\n\t\t\t\tBox edge production line\t\t\t<\/a>\n\t\t\t<\/h2>\n\n\t\t\t\t\t\n\t\t\t<\/div>\n<\/div>\t\t<\/div>\n\t\t\t\t<\/div>\n\t\t\t\t<\/div>\r\n\t\t\t\t\t<\/div>\r\n\t\t\t\t<\/div>\r\n\t\t\t\t<\/div>","protected":false},"excerpt":{"rendered":"<p>Linie produkcyjne Home Linia do produkcji karmy Linia do produkcji granulatu Cu Linia do obcinania filtr\u00f3w Linia do zgrzewania folii Linia do produckji obrze\u017cy skrzy\u0144<\/p>","protected":false},"author":1,"featured_media":0,"parent":0,"menu_order":0,"comment_status":"closed","ping_status":"closed","template":"","meta":{"footnotes":""},"page-tag":[],"class_list":["post-12209","page","type-page","status-publish","hentry"],"yoast_head":"<!-- This site is optimized with the Yoast SEO plugin v23.1 - https:\/\/yoast.com\/wordpress\/plugins\/seo\/ -->\n<title>Linie produkcyjne - Kart<\/title>\n<meta name=\"robots\" content=\"index, follow, max-snippet:-1, max-image-preview:large, max-video-preview:-1\" \/>\n<link rel=\"canonical\" href=\"https:\/\/kart.com.pl\/en\/linie-produkcyjne\/\" \/>\n<meta property=\"og:locale\" content=\"en_GB\" \/>\n<meta property=\"og:type\" content=\"article\" \/>\n<meta property=\"og:title\" content=\"Linie produkcyjne - Kart\" \/>\n<meta property=\"og:description\" content=\"Linie produkcyjne Home Linia do produkcji karmy Linia do produkcji granulatu Cu Linia do obcinania filtr\u00f3w Linia do zgrzewania folii Linia do produckji obrze\u017cy skrzy\u0144\" \/>\n<meta property=\"og:url\" content=\"https:\/\/kart.com.pl\/en\/linie-produkcyjne\/\" \/>\n<meta property=\"og:site_name\" content=\"Kart\" \/>\n<meta property=\"article:modified_time\" content=\"2024-08-14T06:14:32+00:00\" \/>\n<meta property=\"og:image\" content=\"http:\/\/kart.com.pl\/wp-content\/uploads\/2024\/07\/napelniarka_puszek-2-840x562.webp\" \/>\n<meta name=\"twitter:card\" content=\"summary_large_image\" \/>\n<meta name=\"twitter:label1\" content=\"Estimated reading time\" \/>\n\t<meta name=\"twitter:data1\" content=\"2 minutes\" \/>\n<script type=\"application\/ld+json\" class=\"yoast-schema-graph\">{\"@context\":\"https:\/\/schema.org\",\"@graph\":[{\"@type\":\"WebPage\",\"@id\":\"https:\/\/kart.com.pl\/linie-produkcyjne\/\",\"url\":\"https:\/\/kart.com.pl\/linie-produkcyjne\/\",\"name\":\"Linie produkcyjne - Kart\",\"isPartOf\":{\"@id\":\"https:\/\/kart.com.pl\/#website\"},\"primaryImageOfPage\":{\"@id\":\"https:\/\/kart.com.pl\/linie-produkcyjne\/#primaryimage\"},\"image\":{\"@id\":\"https:\/\/kart.com.pl\/linie-produkcyjne\/#primaryimage\"},\"thumbnailUrl\":\"http:\/\/kart.com.pl\/wp-content\/uploads\/2024\/07\/napelniarka_puszek-2-840x562.webp\",\"datePublished\":\"2024-06-01T05:52:23+00:00\",\"dateModified\":\"2024-08-14T06:14:32+00:00\",\"breadcrumb\":{\"@id\":\"https:\/\/kart.com.pl\/linie-produkcyjne\/#breadcrumb\"},\"inLanguage\":\"en-GB\",\"potentialAction\":[{\"@type\":\"ReadAction\",\"target\":[\"https:\/\/kart.com.pl\/linie-produkcyjne\/\"]}]},{\"@type\":\"ImageObject\",\"inLanguage\":\"en-GB\",\"@id\":\"https:\/\/kart.com.pl\/linie-produkcyjne\/#primaryimage\",\"url\":\"http:\/\/kart.com.pl\/wp-content\/uploads\/2024\/07\/napelniarka_puszek-2-840x562.webp\",\"contentUrl\":\"http:\/\/kart.com.pl\/wp-content\/uploads\/2024\/07\/napelniarka_puszek-2-840x562.webp\"},{\"@type\":\"BreadcrumbList\",\"@id\":\"https:\/\/kart.com.pl\/linie-produkcyjne\/#breadcrumb\",\"itemListElement\":[{\"@type\":\"ListItem\",\"position\":1,\"name\":\"Strona g\u0142\u00f3wna\",\"item\":\"https:\/\/kart.com.pl\/\"},{\"@type\":\"ListItem\",\"position\":2,\"name\":\"Linie produkcyjne\"}]},{\"@type\":\"WebSite\",\"@id\":\"https:\/\/kart.com.pl\/#website\",\"url\":\"https:\/\/kart.com.pl\/\",\"name\":\"Kart\",\"description\":\"\",\"potentialAction\":[{\"@type\":\"SearchAction\",\"target\":{\"@type\":\"EntryPoint\",\"urlTemplate\":\"https:\/\/kart.com.pl\/?s={search_term_string}\"},\"query-input\":\"required name=search_term_string\"}],\"inLanguage\":\"en-GB\"}]}<\/script>\n<!-- \/ Yoast SEO plugin. -->","yoast_head_json":{"title":"Linie produkcyjne - Kart","robots":{"index":"index","follow":"follow","max-snippet":"max-snippet:-1","max-image-preview":"max-image-preview:large","max-video-preview":"max-video-preview:-1"},"canonical":"https:\/\/kart.com.pl\/en\/linie-produkcyjne\/","og_locale":"en_GB","og_type":"article","og_title":"Linie produkcyjne - Kart","og_description":"Linie produkcyjne Home Linia do produkcji karmy Linia do produkcji granulatu Cu Linia do obcinania filtr\u00f3w Linia do zgrzewania folii Linia do produckji obrze\u017cy skrzy\u0144","og_url":"https:\/\/kart.com.pl\/en\/linie-produkcyjne\/","og_site_name":"Kart","article_modified_time":"2024-08-14T06:14:32+00:00","og_image":[{"url":"http:\/\/kart.com.pl\/wp-content\/uploads\/2024\/07\/napelniarka_puszek-2-840x562.webp"}],"twitter_card":"summary_large_image","twitter_misc":{"Estimated reading time":"2 minutes"},"schema":{"@context":"https:\/\/schema.org","@graph":[{"@type":"WebPage","@id":"https:\/\/kart.com.pl\/linie-produkcyjne\/","url":"https:\/\/kart.com.pl\/linie-produkcyjne\/","name":"Linie produkcyjne - Kart","isPartOf":{"@id":"https:\/\/kart.com.pl\/#website"},"primaryImageOfPage":{"@id":"https:\/\/kart.com.pl\/linie-produkcyjne\/#primaryimage"},"image":{"@id":"https:\/\/kart.com.pl\/linie-produkcyjne\/#primaryimage"},"thumbnailUrl":"http:\/\/kart.com.pl\/wp-content\/uploads\/2024\/07\/napelniarka_puszek-2-840x562.webp","datePublished":"2024-06-01T05:52:23+00:00","dateModified":"2024-08-14T06:14:32+00:00","breadcrumb":{"@id":"https:\/\/kart.com.pl\/linie-produkcyjne\/#breadcrumb"},"inLanguage":"en-GB","potentialAction":[{"@type":"ReadAction","target":["https:\/\/kart.com.pl\/linie-produkcyjne\/"]}]},{"@type":"ImageObject","inLanguage":"en-GB","@id":"https:\/\/kart.com.pl\/linie-produkcyjne\/#primaryimage","url":"http:\/\/kart.com.pl\/wp-content\/uploads\/2024\/07\/napelniarka_puszek-2-840x562.webp","contentUrl":"http:\/\/kart.com.pl\/wp-content\/uploads\/2024\/07\/napelniarka_puszek-2-840x562.webp"},{"@type":"BreadcrumbList","@id":"https:\/\/kart.com.pl\/linie-produkcyjne\/#breadcrumb","itemListElement":[{"@type":"ListItem","position":1,"name":"Strona g\u0142\u00f3wna","item":"https:\/\/kart.com.pl\/"},{"@type":"ListItem","position":2,"name":"Linie produkcyjne"}]},{"@type":"WebSite","@id":"https:\/\/kart.com.pl\/#website","url":"https:\/\/kart.com.pl\/","name":"Kart","description":"","potentialAction":[{"@type":"SearchAction","target":{"@type":"EntryPoint","urlTemplate":"https:\/\/kart.com.pl\/?s={search_term_string}"},"query-input":"required name=search_term_string"}],"inLanguage":"en-GB"}]}},"_links":{"self":[{"href":"https:\/\/kart.com.pl\/en\/wp-json\/wp\/v2\/pages\/12209"}],"collection":[{"href":"https:\/\/kart.com.pl\/en\/wp-json\/wp\/v2\/pages"}],"about":[{"href":"https:\/\/kart.com.pl\/en\/wp-json\/wp\/v2\/types\/page"}],"author":[{"embeddable":true,"href":"https:\/\/kart.com.pl\/en\/wp-json\/wp\/v2\/users\/1"}],"replies":[{"embeddable":true,"href":"https:\/\/kart.com.pl\/en\/wp-json\/wp\/v2\/comments?post=12209"}],"version-history":[{"count":0,"href":"https:\/\/kart.com.pl\/en\/wp-json\/wp\/v2\/pages\/12209\/revisions"}],"wp:attachment":[{"href":"https:\/\/kart.com.pl\/en\/wp-json\/wp\/v2\/media?parent=12209"}],"wp:term":[{"taxonomy":"page-tag","embeddable":true,"href":"https:\/\/kart.com.pl\/en\/wp-json\/wp\/v2\/page-tag?post=12209"}],"curies":[{"name":"wp","href":"https:\/\/api.w.org\/{rel}","templated":true}]}}