{"id":12219,"date":"2024-06-01T05:55:56","date_gmt":"2024-06-01T05:55:56","guid":{"rendered":"http:\/\/kart.com.pl\/?page_id=12219"},"modified":"2024-08-05T06:27:55","modified_gmt":"2024-08-05T06:27:55","slug":"maszyny-i-urzadzenia-technologiczne","status":"publish","type":"page","link":"https:\/\/kart.com.pl\/en\/maszyny-i-urzadzenia-technologiczne\/","title":{"rendered":"Machines and devices"},"content":{"rendered":"<div data-elementor-type=\"wp-page\" data-elementor-id=\"12219\" class=\"elementor elementor-12219\">\n\t\t\t\t        <section class=\"elementor-section elementor-top-section elementor-element elementor-element-3cd6791d elementor-section-full_width elementor-section-height-default elementor-section-height-default cms-full-content-with-space-none\" data-id=\"3cd6791d\" data-element_type=\"section\">\r\n\t\t        <div class=\"elementor-container elementor-column-gap-no\" >\r\n\t\t        <div class=\"elementor-column elementor-col-100 elementor-top-column elementor-element elementor-element-5816747a\" data-id=\"5816747a\" data-element_type=\"column\">\r\n            <div class=\"elementor-widget-wrap elementor-element-populated\">\r\n                \t\t<div class=\"elementor-element elementor-element-75ecfd2c naszbanner elementor-widget elementor-widget-cms_page_title\" data-id=\"75ecfd2c\" data-element_type=\"widget\" data-widget_type=\"cms_page_title.default\">\n\t\t\t\t<div class=\"elementor-widget-container\">\n\t\t\t<div class=\"cms-page-title-wrap cms-page-title-layout1 w-ptt-pt pb-32 header-transparent\" style=\"background-image:url(http:\/\/kart.com.pl\/wp-content\/uploads\/2024\/06\/roboty-do-montazu-dyszy5-scaled.webp);background-size: cover;\">\n\t<input type='hidden' name='top_space' id='w-ptt-top-space' value='90' \/>\n\t<div class=\"cms-page-title-top-space\"><\/div>\n\t<div class=\"cms-page-title-top-last\"><\/div>\n\t<div class=\"container\">\n\t\t<div class=\"cms-page-title-content-align\">\n\t\t\t<div class=\"cms-page-title-content\">\n\t\t\t\t<h1 class=\"cms-page-title-title text-white\">\n\t\t\t\t\t<span >Machines and devices<\/span>\n\t\t\t\t<\/h1>\n\t\t\t\t\t\t\t\t\t\t\t<\/div>\n\t\t<\/div>\n\t\t\t\t<div class=\"cms-breadcrumb-wrap cms-page-title-breadcrumb text-white mt-95\">\n\t\t\t<ul class=\"cms-breadcrumb d-flex justify-content-start\"><li><span class=\"breadcrumb-entry\">Home<\/span><\/li><\/ul>\t\t<\/div>\n\t\t    <\/div>\n<\/div>\t\t<\/div>\n\t\t\t\t<\/div>\n\t\t            <\/div>\r\n        <\/div>\r\n        \t\t\t<\/div>\r\n\t\t<\/section>\r\n\t\t<div class=\"elementor-element elementor-element-3f2a140 e-flex e-con-boxed elementor-invisible e-con e-parent\" data-id=\"3f2a140\" data-element_type=\"container\" data-settings=\"{&quot;animation&quot;:&quot;fadeInLeft&quot;}\">\r\n\t\t\t\t\t<div class=\"e-con-inner\">\r\n\t\t<div class=\"elementor-element elementor-element-733f6e7 e-con-full e-flex e-con e-child\" data-id=\"733f6e7\" data-element_type=\"container\">\r\n\t\t\t\t<div class=\"elementor-element elementor-element-dc7d8bb elementor-widget elementor-widget-image\" data-id=\"dc7d8bb\" data-element_type=\"widget\" data-widget_type=\"image.default\">\n\t\t\t\t<div class=\"elementor-widget-container\">\n\t\t\t<style>\/*! elementor - v3.23.0 - 25-07-2024 *\/\n.elementor-widget-image{text-align:center}.elementor-widget-image a{display:inline-block}.elementor-widget-image a img[src$=\".svg\"]{width:48px}.elementor-widget-image img{vertical-align:middle;display:inline-block}<\/style>\t\t\t\t\t\t\t\t\t\t<img fetchpriority=\"high\" decoding=\"async\" width=\"840\" height=\"562\" src=\"https:\/\/kart.com.pl\/wp-content\/uploads\/2024\/07\/wtryskiwacze-2-840x562.webp\" class=\"attachment-large size-large wp-image-13459\" alt=\"\" srcset=\"https:\/\/kart.com.pl\/wp-content\/uploads\/2024\/07\/wtryskiwacze-2-840x562.webp 840w, https:\/\/kart.com.pl\/wp-content\/uploads\/2024\/07\/wtryskiwacze-2-570x380.webp 570w, https:\/\/kart.com.pl\/wp-content\/uploads\/2024\/07\/wtryskiwacze-2-16x12.webp 16w\" sizes=\"(max-width: 840px) 100vw, 840px\" \/>\t\t\t\t\t\t\t\t\t\t\t\t\t<\/div>\n\t\t\t\t<\/div>\n\t\t\t\t<\/div>\r\n\t\t<div class=\"elementor-element elementor-element-25be26d e-con-full e-flex e-con e-child\" data-id=\"25be26d\" data-element_type=\"container\">\r\n\t\t\t\t<div class=\"elementor-element elementor-element-bbc1080 elementor-widget elementor-widget-cms_heading\" data-id=\"bbc1080\" data-element_type=\"widget\" data-widget_type=\"cms_heading.default\">\n\t\t\t\t<div class=\"elementor-widget-container\">\n\t\t\t<div class=\"cms-heading-wrap cms-heading-layout1 cms-heading-style1 text-\">\n    <div class=\"cms-heading-container\">\n\t\t\n\t\t\t\t\t<h2 class=\"cms-heading\">\n\t\t\t\t<a href=\"https:\/\/kart.com.pl\/en\/maszyny-i-urzadzenia-technologiczne\/automat-do-montazu-wtryskiwaczy\/\"\t\t\t\t>\n\t\t\t\tInjector assembly\t\t\t<\/a>\n\t\t\t<\/h2>\n\n\t\t\t\t\t\n\t\t\t<\/div>\n<\/div>\t\t<\/div>\n\t\t\t\t<\/div>\n\t\t\t\t<\/div>\r\n\t\t\t\t\t<\/div>\r\n\t\t\t\t<\/div>\r\n\t\t<div class=\"elementor-element elementor-element-51223b7 e-flex e-con-boxed elementor-invisible e-con e-parent\" data-id=\"51223b7\" data-element_type=\"container\" data-settings=\"{&quot;animation&quot;:&quot;fadeInRight&quot;}\">\r\n\t\t\t\t\t<div class=\"e-con-inner\">\r\n\t\t<div class=\"elementor-element elementor-element-eb2dff1 e-con-full e-flex e-con e-child\" data-id=\"eb2dff1\" data-element_type=\"container\">\r\n\t\t\t\t<div class=\"elementor-element elementor-element-8cd1b86 elementor-widget elementor-widget-image\" data-id=\"8cd1b86\" data-element_type=\"widget\" data-widget_type=\"image.default\">\n\t\t\t\t<div class=\"elementor-widget-container\">\n\t\t\t\t\t\t\t\t\t\t\t\t\t<img decoding=\"async\" width=\"840\" height=\"562\" src=\"https:\/\/kart.com.pl\/wp-content\/uploads\/2024\/07\/agnella_KarT-2-840x562.webp\" class=\"attachment-large size-large wp-image-13486\" alt=\"\" srcset=\"https:\/\/kart.com.pl\/wp-content\/uploads\/2024\/07\/agnella_KarT-2-840x562.webp 840w, https:\/\/kart.com.pl\/wp-content\/uploads\/2024\/07\/agnella_KarT-2-570x380.webp 570w, https:\/\/kart.com.pl\/wp-content\/uploads\/2024\/07\/agnella_KarT-2-16x12.webp 16w\" sizes=\"(max-width: 840px) 100vw, 840px\" \/>\t\t\t\t\t\t\t\t\t\t\t\t\t<\/div>\n\t\t\t\t<\/div>\n\t\t\t\t<\/div>\r\n\t\t<div class=\"elementor-element elementor-element-64e8ba0 e-con-full e-flex e-con e-child\" data-id=\"64e8ba0\" data-element_type=\"container\">\r\n\t\t\t\t<div class=\"elementor-element elementor-element-764bd53 elementor-widget elementor-widget-cms_heading\" data-id=\"764bd53\" data-element_type=\"widget\" data-widget_type=\"cms_heading.default\">\n\t\t\t\t<div class=\"elementor-widget-container\">\n\t\t\t<div class=\"cms-heading-wrap cms-heading-layout1 cms-heading-style1 text-\">\n    <div class=\"cms-heading-container\">\n\t\t\n\t\t\t\t\t<h2 class=\"cms-heading\">\n\t\t\t\t<a href=\"https:\/\/kart.com.pl\/en\/maszyny-i-urzadzenia-technologiczne\/krosno-modernizacja\/\"\t\t\t\t>\n\t\t\t\tLoom - modernization\t\t\t<\/a>\n\t\t\t<\/h2>\n\n\t\t\t\t\t\n\t\t\t<\/div>\n<\/div>\t\t<\/div>\n\t\t\t\t<\/div>\n\t\t\t\t<\/div>\r\n\t\t\t\t\t<\/div>\r\n\t\t\t\t<\/div>\r\n\t\t<div class=\"elementor-element elementor-element-f638b65 e-flex e-con-boxed elementor-invisible e-con e-parent\" data-id=\"f638b65\" data-element_type=\"container\" data-settings=\"{&quot;animation&quot;:&quot;fadeInLeft&quot;}\">\r\n\t\t\t\t\t<div class=\"e-con-inner\">\r\n\t\t<div class=\"elementor-element elementor-element-406747e e-con-full e-flex e-con e-child\" data-id=\"406747e\" data-element_type=\"container\">\r\n\t\t\t\t<div class=\"elementor-element elementor-element-e9f736b elementor-widget elementor-widget-image\" data-id=\"e9f736b\" data-element_type=\"widget\" data-widget_type=\"image.default\">\n\t\t\t\t<div class=\"elementor-widget-container\">\n\t\t\t\t\t\t\t\t\t\t\t\t\t<img decoding=\"async\" width=\"840\" height=\"562\" src=\"https:\/\/kart.com.pl\/wp-content\/uploads\/2024\/07\/montaz_lozysk-5-840x562.jpg\" class=\"attachment-large size-large wp-image-13500\" alt=\"\" srcset=\"https:\/\/kart.com.pl\/wp-content\/uploads\/2024\/07\/montaz_lozysk-5-840x562.jpg 840w, https:\/\/kart.com.pl\/wp-content\/uploads\/2024\/07\/montaz_lozysk-5-570x380.jpg 570w, https:\/\/kart.com.pl\/wp-content\/uploads\/2024\/07\/montaz_lozysk-5-16x12.jpg 16w\" sizes=\"(max-width: 840px) 100vw, 840px\" \/>\t\t\t\t\t\t\t\t\t\t\t\t\t<\/div>\n\t\t\t\t<\/div>\n\t\t\t\t<\/div>\r\n\t\t<div class=\"elementor-element elementor-element-ebd6e48 e-con-full e-flex e-con e-child\" data-id=\"ebd6e48\" data-element_type=\"container\">\r\n\t\t\t\t<div class=\"elementor-element elementor-element-70b796e elementor-widget elementor-widget-cms_heading\" data-id=\"70b796e\" data-element_type=\"widget\" data-widget_type=\"cms_heading.default\">\n\t\t\t\t<div class=\"elementor-widget-container\">\n\t\t\t<div class=\"cms-heading-wrap cms-heading-layout1 cms-heading-style1 text-\">\n    <div class=\"cms-heading-container\">\n\t\t\n\t\t\t\t\t<h2 class=\"cms-heading\">\n\t\t\t\t<a href=\"https:\/\/kart.com.pl\/en\/maszyny-i-urzadzenia-technologiczne\/automat-do-montazu-lozysk\/\"\t\t\t\t>\n\t\t\t\tA bearing assembly machine\t\t\t<\/a>\n\t\t\t<\/h2>\n\n\t\t\t\t\t\n\t\t\t<\/div>\n<\/div>\t\t<\/div>\n\t\t\t\t<\/div>\n\t\t\t\t<\/div>\r\n\t\t\t\t\t<\/div>\r\n\t\t\t\t<\/div>\r\n\t\t<div class=\"elementor-element elementor-element-8eecc5b e-flex e-con-boxed elementor-invisible e-con e-parent\" data-id=\"8eecc5b\" data-element_type=\"container\" data-settings=\"{&quot;animation&quot;:&quot;fadeInRight&quot;}\">\r\n\t\t\t\t\t<div class=\"e-con-inner\">\r\n\t\t<div class=\"elementor-element elementor-element-db3e102 e-con-full e-flex e-con e-child\" data-id=\"db3e102\" data-element_type=\"container\">\r\n\t\t\t\t<div class=\"elementor-element elementor-element-2c018af elementor-widget elementor-widget-image\" data-id=\"2c018af\" data-element_type=\"widget\" data-widget_type=\"image.default\">\n\t\t\t\t<div class=\"elementor-widget-container\">\n\t\t\t\t\t\t\t\t\t\t\t\t\t<img loading=\"lazy\" decoding=\"async\" width=\"840\" height=\"562\" src=\"https:\/\/kart.com.pl\/wp-content\/uploads\/2024\/07\/zgrzewarka-1-840x562.webp\" class=\"attachment-large size-large wp-image-13518\" alt=\"\" srcset=\"https:\/\/kart.com.pl\/wp-content\/uploads\/2024\/07\/zgrzewarka-1-840x562.webp 840w, https:\/\/kart.com.pl\/wp-content\/uploads\/2024\/07\/zgrzewarka-1-570x380.webp 570w, https:\/\/kart.com.pl\/wp-content\/uploads\/2024\/07\/zgrzewarka-1-16x12.webp 16w\" sizes=\"(max-width: 840px) 100vw, 840px\" \/>\t\t\t\t\t\t\t\t\t\t\t\t\t<\/div>\n\t\t\t\t<\/div>\n\t\t\t\t<\/div>\r\n\t\t<div class=\"elementor-element elementor-element-5133354 e-con-full e-flex e-con e-child\" data-id=\"5133354\" data-element_type=\"container\">\r\n\t\t\t\t<div class=\"elementor-element elementor-element-3cb28a8 elementor-widget elementor-widget-cms_heading\" data-id=\"3cb28a8\" data-element_type=\"widget\" data-widget_type=\"cms_heading.default\">\n\t\t\t\t<div class=\"elementor-widget-container\">\n\t\t\t<div class=\"cms-heading-wrap cms-heading-layout1 cms-heading-style1 text-\">\n    <div class=\"cms-heading-container\">\n\t\t\n\t\t\t\t\t<h2 class=\"cms-heading\">\n\t\t\t\t<a href=\"https:\/\/kart.com.pl\/en\/maszyny-i-urzadzenia-technologiczne\/automat-do-laczenia-wpustu-z-zabierakiem\/\"\t\t\t\t>\n\t\t\t\tAn automatic machine for joining a keyway with a lug\t\t\t<\/a>\n\t\t\t<\/h2>\n\n\t\t\t\t\t\n\t\t\t<\/div>\n<\/div>\t\t<\/div>\n\t\t\t\t<\/div>\n\t\t\t\t<\/div>\r\n\t\t\t\t\t<\/div>\r\n\t\t\t\t<\/div>\r\n\t\t\t\t<\/div>","protected":false},"excerpt":{"rendered":"<p>Maszyny i urz\u0105dzenia technologiczne Home Automat do monta\u017cu wtryskiwaczy Krosno &#8211; modernizacja Automat do monta\u017cu \u0142o\u017cysk Automat do \u0142aczenia wpustu z zabierakiem<\/p>","protected":false},"author":1,"featured_media":0,"parent":0,"menu_order":0,"comment_status":"closed","ping_status":"closed","template":"","meta":{"footnotes":""},"page-tag":[],"class_list":["post-12219","page","type-page","status-publish","hentry"],"yoast_head":"<!-- This site is optimized with the Yoast SEO plugin v23.1 - https:\/\/yoast.com\/wordpress\/plugins\/seo\/ -->\n<title>Maszyny i urz\u0105dzenia technologiczne - Kart<\/title>\n<meta name=\"robots\" content=\"index, follow, max-snippet:-1, max-image-preview:large, max-video-preview:-1\" \/>\n<link rel=\"canonical\" href=\"https:\/\/kart.com.pl\/en\/maszyny-i-urzadzenia-technologiczne\/\" \/>\n<meta property=\"og:locale\" content=\"en_GB\" \/>\n<meta property=\"og:type\" content=\"article\" \/>\n<meta property=\"og:title\" content=\"Maszyny i urz\u0105dzenia technologiczne - Kart\" \/>\n<meta property=\"og:description\" content=\"Maszyny i urz\u0105dzenia technologiczne Home Automat do monta\u017cu wtryskiwaczy Krosno &#8211; modernizacja Automat do monta\u017cu \u0142o\u017cysk Automat do \u0142aczenia wpustu z zabierakiem\" \/>\n<meta property=\"og:url\" content=\"https:\/\/kart.com.pl\/en\/maszyny-i-urzadzenia-technologiczne\/\" \/>\n<meta property=\"og:site_name\" content=\"Kart\" \/>\n<meta property=\"article:modified_time\" content=\"2024-08-05T06:27:55+00:00\" \/>\n<meta property=\"og:image\" content=\"http:\/\/kart.com.pl\/wp-content\/uploads\/2024\/07\/wtryskiwacze-2-840x562.webp\" \/>\n<meta name=\"twitter:card\" content=\"summary_large_image\" \/>\n<meta name=\"twitter:label1\" content=\"Estimated reading time\" \/>\n\t<meta name=\"twitter:data1\" content=\"1 minute\" \/>\n<script type=\"application\/ld+json\" class=\"yoast-schema-graph\">{\"@context\":\"https:\/\/schema.org\",\"@graph\":[{\"@type\":\"WebPage\",\"@id\":\"https:\/\/kart.com.pl\/maszyny-i-urzadzenia-technologiczne\/\",\"url\":\"https:\/\/kart.com.pl\/maszyny-i-urzadzenia-technologiczne\/\",\"name\":\"Maszyny i urz\u0105dzenia technologiczne - Kart\",\"isPartOf\":{\"@id\":\"https:\/\/kart.com.pl\/#website\"},\"primaryImageOfPage\":{\"@id\":\"https:\/\/kart.com.pl\/maszyny-i-urzadzenia-technologiczne\/#primaryimage\"},\"image\":{\"@id\":\"https:\/\/kart.com.pl\/maszyny-i-urzadzenia-technologiczne\/#primaryimage\"},\"thumbnailUrl\":\"http:\/\/kart.com.pl\/wp-content\/uploads\/2024\/07\/wtryskiwacze-2-840x562.webp\",\"datePublished\":\"2024-06-01T05:55:56+00:00\",\"dateModified\":\"2024-08-05T06:27:55+00:00\",\"breadcrumb\":{\"@id\":\"https:\/\/kart.com.pl\/maszyny-i-urzadzenia-technologiczne\/#breadcrumb\"},\"inLanguage\":\"en-GB\",\"potentialAction\":[{\"@type\":\"ReadAction\",\"target\":[\"https:\/\/kart.com.pl\/maszyny-i-urzadzenia-technologiczne\/\"]}]},{\"@type\":\"ImageObject\",\"inLanguage\":\"en-GB\",\"@id\":\"https:\/\/kart.com.pl\/maszyny-i-urzadzenia-technologiczne\/#primaryimage\",\"url\":\"http:\/\/kart.com.pl\/wp-content\/uploads\/2024\/07\/wtryskiwacze-2-840x562.webp\",\"contentUrl\":\"http:\/\/kart.com.pl\/wp-content\/uploads\/2024\/07\/wtryskiwacze-2-840x562.webp\"},{\"@type\":\"BreadcrumbList\",\"@id\":\"https:\/\/kart.com.pl\/maszyny-i-urzadzenia-technologiczne\/#breadcrumb\",\"itemListElement\":[{\"@type\":\"ListItem\",\"position\":1,\"name\":\"Strona g\u0142\u00f3wna\",\"item\":\"https:\/\/kart.com.pl\/\"},{\"@type\":\"ListItem\",\"position\":2,\"name\":\"Maszyny i urz\u0105dzenia technologiczne\"}]},{\"@type\":\"WebSite\",\"@id\":\"https:\/\/kart.com.pl\/#website\",\"url\":\"https:\/\/kart.com.pl\/\",\"name\":\"Kart\",\"description\":\"\",\"potentialAction\":[{\"@type\":\"SearchAction\",\"target\":{\"@type\":\"EntryPoint\",\"urlTemplate\":\"https:\/\/kart.com.pl\/?s={search_term_string}\"},\"query-input\":\"required name=search_term_string\"}],\"inLanguage\":\"en-GB\"}]}<\/script>\n<!-- \/ Yoast SEO plugin. -->","yoast_head_json":{"title":"Maszyny i urz\u0105dzenia technologiczne - Kart","robots":{"index":"index","follow":"follow","max-snippet":"max-snippet:-1","max-image-preview":"max-image-preview:large","max-video-preview":"max-video-preview:-1"},"canonical":"https:\/\/kart.com.pl\/en\/maszyny-i-urzadzenia-technologiczne\/","og_locale":"en_GB","og_type":"article","og_title":"Maszyny i urz\u0105dzenia technologiczne - Kart","og_description":"Maszyny i urz\u0105dzenia technologiczne Home Automat do monta\u017cu wtryskiwaczy Krosno &#8211; modernizacja Automat do monta\u017cu \u0142o\u017cysk Automat do \u0142aczenia wpustu z zabierakiem","og_url":"https:\/\/kart.com.pl\/en\/maszyny-i-urzadzenia-technologiczne\/","og_site_name":"Kart","article_modified_time":"2024-08-05T06:27:55+00:00","og_image":[{"url":"http:\/\/kart.com.pl\/wp-content\/uploads\/2024\/07\/wtryskiwacze-2-840x562.webp"}],"twitter_card":"summary_large_image","twitter_misc":{"Estimated reading time":"1 minute"},"schema":{"@context":"https:\/\/schema.org","@graph":[{"@type":"WebPage","@id":"https:\/\/kart.com.pl\/maszyny-i-urzadzenia-technologiczne\/","url":"https:\/\/kart.com.pl\/maszyny-i-urzadzenia-technologiczne\/","name":"Maszyny i urz\u0105dzenia technologiczne - Kart","isPartOf":{"@id":"https:\/\/kart.com.pl\/#website"},"primaryImageOfPage":{"@id":"https:\/\/kart.com.pl\/maszyny-i-urzadzenia-technologiczne\/#primaryimage"},"image":{"@id":"https:\/\/kart.com.pl\/maszyny-i-urzadzenia-technologiczne\/#primaryimage"},"thumbnailUrl":"http:\/\/kart.com.pl\/wp-content\/uploads\/2024\/07\/wtryskiwacze-2-840x562.webp","datePublished":"2024-06-01T05:55:56+00:00","dateModified":"2024-08-05T06:27:55+00:00","breadcrumb":{"@id":"https:\/\/kart.com.pl\/maszyny-i-urzadzenia-technologiczne\/#breadcrumb"},"inLanguage":"en-GB","potentialAction":[{"@type":"ReadAction","target":["https:\/\/kart.com.pl\/maszyny-i-urzadzenia-technologiczne\/"]}]},{"@type":"ImageObject","inLanguage":"en-GB","@id":"https:\/\/kart.com.pl\/maszyny-i-urzadzenia-technologiczne\/#primaryimage","url":"http:\/\/kart.com.pl\/wp-content\/uploads\/2024\/07\/wtryskiwacze-2-840x562.webp","contentUrl":"http:\/\/kart.com.pl\/wp-content\/uploads\/2024\/07\/wtryskiwacze-2-840x562.webp"},{"@type":"BreadcrumbList","@id":"https:\/\/kart.com.pl\/maszyny-i-urzadzenia-technologiczne\/#breadcrumb","itemListElement":[{"@type":"ListItem","position":1,"name":"Strona g\u0142\u00f3wna","item":"https:\/\/kart.com.pl\/"},{"@type":"ListItem","position":2,"name":"Maszyny i urz\u0105dzenia technologiczne"}]},{"@type":"WebSite","@id":"https:\/\/kart.com.pl\/#website","url":"https:\/\/kart.com.pl\/","name":"Kart","description":"","potentialAction":[{"@type":"SearchAction","target":{"@type":"EntryPoint","urlTemplate":"https:\/\/kart.com.pl\/?s={search_term_string}"},"query-input":"required name=search_term_string"}],"inLanguage":"en-GB"}]}},"_links":{"self":[{"href":"https:\/\/kart.com.pl\/en\/wp-json\/wp\/v2\/pages\/12219"}],"collection":[{"href":"https:\/\/kart.com.pl\/en\/wp-json\/wp\/v2\/pages"}],"about":[{"href":"https:\/\/kart.com.pl\/en\/wp-json\/wp\/v2\/types\/page"}],"author":[{"embeddable":true,"href":"https:\/\/kart.com.pl\/en\/wp-json\/wp\/v2\/users\/1"}],"replies":[{"embeddable":true,"href":"https:\/\/kart.com.pl\/en\/wp-json\/wp\/v2\/comments?post=12219"}],"version-history":[{"count":0,"href":"https:\/\/kart.com.pl\/en\/wp-json\/wp\/v2\/pages\/12219\/revisions"}],"wp:attachment":[{"href":"https:\/\/kart.com.pl\/en\/wp-json\/wp\/v2\/media?parent=12219"}],"wp:term":[{"taxonomy":"page-tag","embeddable":true,"href":"https:\/\/kart.com.pl\/en\/wp-json\/wp\/v2\/page-tag?post=12219"}],"curies":[{"name":"wp","href":"https:\/\/api.w.org\/{rel}","templated":true}]}}