{"id":124,"date":"2023-06-16T09:55:10","date_gmt":"2023-06-16T09:55:10","guid":{"rendered":"https:\/\/demo.farost.net\/validus\/?page_id=124"},"modified":"2024-08-05T06:02:00","modified_gmt":"2024-08-05T06:02:00","slug":"praca","status":"publish","type":"page","link":"https:\/\/kart.com.pl\/en\/praca\/","title":{"rendered":"Praca"},"content":{"rendered":"<div data-elementor-type=\"wp-page\" data-elementor-id=\"124\" class=\"elementor elementor-124\">\n\t\t\t\t        <section class=\"elementor-section elementor-top-section elementor-element elementor-element-cb5d938 elementor-section-full_width elementor-section-height-default elementor-section-height-default cms-full-content-with-space-none\" data-id=\"cb5d938\" data-element_type=\"section\" data-settings=\"{&quot;background_background&quot;:&quot;classic&quot;}\">\r\n\t\t            <div class=\"elementor-background-overlay\"><\/div>\r\n\t\t        <div class=\"elementor-container elementor-column-gap-no\" >\r\n\t\t        <div class=\"elementor-column elementor-col-100 elementor-top-column elementor-element elementor-element-3c88656\" data-id=\"3c88656\" data-element_type=\"column\">\r\n            <div class=\"elementor-widget-wrap elementor-element-populated\">\r\n                \t\t<div class=\"elementor-element elementor-element-635059f elementor-widget-mobile__width-initial elementor-widget-tablet__width-initial naszbanner elementor-widget elementor-widget-cms_page_title\" data-id=\"635059f\" data-element_type=\"widget\" data-widget_type=\"cms_page_title.default\">\n\t\t\t\t<div class=\"elementor-widget-container\">\n\t\t\t<div class=\"cms-page-title-wrap cms-page-title-layout1 w-ptt-pt pb-32 header-transparent\" style=\"background-image:url(http:\/\/kart.com.pl\/wp-content\/uploads\/2024\/06\/praca-w-kart-bialystok.webp);background-size: cover;\">\n\t<input type='hidden' name='top_space' id='w-ptt-top-space' value='90' \/>\n\t<div class=\"cms-page-title-top-space\"><\/div>\n\t<div class=\"cms-page-title-top-last\"><\/div>\n\t<div class=\"container\">\n\t\t<div class=\"cms-page-title-content-align\">\n\t\t\t<div class=\"cms-page-title-content\">\n\t\t\t\t<h1 class=\"cms-page-title-title text-white\">\n\t\t\t\t\t<span >Praca<\/span>\n\t\t\t\t<\/h1>\n\t\t\t\t\t\t\t\t<div class=\"cms-page-title-description text-white\">Zgrany zesp\u00f3\u0142, rozw\u00f3j, umowa o prac\u0119<\/div>\n\t\t\t\t\t\t\t\t\t\t\t<\/div>\n\t\t<\/div>\n\t\t\t\t<div class=\"cms-breadcrumb-wrap cms-page-title-breadcrumb text-white mt-95\">\n\t\t\t<ul class=\"cms-breadcrumb d-flex justify-content-start\"><li><span class=\"breadcrumb-entry\">Home<\/span><\/li><\/ul>\t\t<\/div>\n\t\t    <\/div>\n<\/div>\t\t<\/div>\n\t\t\t\t<\/div>\n\t\t            <\/div>\r\n        <\/div>\r\n        \t\t\t<\/div>\r\n\t\t<\/section>\r\n\t\t        <section class=\"elementor-section elementor-top-section elementor-element elementor-element-12c6169 pt-115 pt-tablet-extra-30 pb-93 pb-tablet-extra-30 elementor-section-boxed elementor-section-height-default elementor-section-height-default\" data-id=\"12c6169\" data-element_type=\"section\">\r\n\t\t        <div class=\"elementor-container elementor-column-gap-default\" >\r\n\t\t        <div class=\"elementor-column elementor-col-100 elementor-top-column elementor-element elementor-element-9f752f0\" data-id=\"9f752f0\" data-element_type=\"column\">\r\n            <div class=\"elementor-widget-wrap elementor-element-populated\">\r\n                \t\t<div class=\"elementor-element elementor-element-88880f8 elementor-widget__width-initial pb-39 elementor-invisible elementor-widget elementor-widget-cms_heading\" data-id=\"88880f8\" data-element_type=\"widget\" data-settings=\"{&quot;_animation&quot;:&quot;fadeInLeft&quot;}\" data-widget_type=\"cms_heading.default\">\n\t\t\t\t<div class=\"elementor-widget-container\">\n\t\t\t<div class=\"cms-heading-wrap cms-heading-layout1 cms-heading-style3 text-center\">\n    <div class=\"cms-heading-container\">\n\t\t\t\t\t<div class=\"cms-subheading text-primary font-700\">Obecnie poszukujemy<\/div>\n\t\t\n\t\t\t\t\t<h2 class=\"cms-heading\">\n\t\t\t\t<span \t\t\t\t>\n\t\t\t\tOferty pracy\t\t\t<\/span>\n\t\t\t<\/h2>\n\n\t\t\t\t\t\n\t\t\t<\/div>\n<\/div>\t\t<\/div>\n\t\t\t\t<\/div>\n\t\t\t\t<div class=\"elementor-element elementor-element-0783f13 elementor-widget__width-initial elementor-widget elementor-widget-cms_cta\" data-id=\"0783f13\" data-element_type=\"widget\" data-settings=\"{&quot;show_underline&quot;:&quot;yes&quot;}\" data-widget_type=\"cms_cta.default\">\n\t\t\t\t<div class=\"elementor-widget-container\">\n\t\t\t<div class=\"cms-cta-wrap\">\n  <div class=\"cms-cta__content\">\n\n    \n          <div class=\"cms-cta__description cms-cta__content-item elementor-content-item d-inline\">\n        Do\u0142\u0105czaj\u0105c do nas, zyskasz mo\u017cliwo\u015b\u0107 rozwoju zawodowego w inspiruj\u0105cym \u015brodowisku oraz wsp\u00f3\u0142prac\u0119 z do\u015bwiadczonym zespo\u0142em specjalist\u00f3w.      <\/div>\n    \n          <div class=\"cms-cta__button-wrapper cms-cta__content-item elementor-content-item d-inline\">\n      <a class=\"cms-cta__button d-inline-flex align-items-center btn-text-underline\" href=\"https:\/\/kart.com.pl\/en\/kontakt\/\">\n        Czekamy na Twoj\u0105 aplikacj\u0119!\n              <\/a>\n      <\/div>\n      <\/div>\n<\/div>\t\t<\/div>\n\t\t\t\t<\/div>\n\t\t            <\/div>\r\n        <\/div>\r\n        \t\t\t<\/div>\r\n\t\t<\/section>\r\n\t\t\t\t<\/div>","protected":false},"excerpt":{"rendered":"<p>Praca Zgrany zesp\u00f3\u0142, rozw\u00f3j, umowa o prac\u0119 Home Obecnie poszukujemy Oferty pracy Do\u0142\u0105czaj\u0105c do nas, zyskasz mo\u017cliwo\u015b\u0107 rozwoju zawodowego w inspiruj\u0105cym \u015brodowisku oraz wsp\u00f3\u0142prac\u0119 z do\u015bwiadczonym zespo\u0142em specjalist\u00f3w. Czekamy na Twoj\u0105 aplikacj\u0119!<\/p>","protected":false},"author":1,"featured_media":0,"parent":0,"menu_order":0,"comment_status":"closed","ping_status":"closed","template":"","meta":{"footnotes":""},"page-tag":[],"class_list":["post-124","page","type-page","status-publish","hentry"],"yoast_head":"<!-- This site is optimized with the Yoast SEO plugin v23.1 - https:\/\/yoast.com\/wordpress\/plugins\/seo\/ -->\n<title>Praca - Kart<\/title>\n<meta name=\"robots\" content=\"index, follow, max-snippet:-1, max-image-preview:large, max-video-preview:-1\" \/>\n<link rel=\"canonical\" href=\"https:\/\/kart.com.pl\/en\/praca\/\" \/>\n<meta property=\"og:locale\" content=\"en_GB\" \/>\n<meta property=\"og:type\" content=\"article\" \/>\n<meta property=\"og:title\" content=\"Praca - Kart\" \/>\n<meta property=\"og:description\" content=\"Praca Zgrany zesp\u00f3\u0142, rozw\u00f3j, umowa o prac\u0119 Home Obecnie poszukujemy Oferty pracy Do\u0142\u0105czaj\u0105c do nas, zyskasz mo\u017cliwo\u015b\u0107 rozwoju zawodowego w inspiruj\u0105cym \u015brodowisku oraz wsp\u00f3\u0142prac\u0119 z do\u015bwiadczonym zespo\u0142em specjalist\u00f3w. Czekamy na Twoj\u0105 aplikacj\u0119!\" \/>\n<meta property=\"og:url\" content=\"https:\/\/kart.com.pl\/en\/praca\/\" \/>\n<meta property=\"og:site_name\" content=\"Kart\" \/>\n<meta property=\"article:modified_time\" content=\"2024-08-05T06:02:00+00:00\" \/>\n<meta name=\"twitter:card\" content=\"summary_large_image\" \/>\n<meta name=\"twitter:label1\" content=\"Estimated reading time\" \/>\n\t<meta name=\"twitter:data1\" content=\"1 minute\" \/>\n<script type=\"application\/ld+json\" class=\"yoast-schema-graph\">{\"@context\":\"https:\/\/schema.org\",\"@graph\":[{\"@type\":\"WebPage\",\"@id\":\"https:\/\/kart.com.pl\/praca\/\",\"url\":\"https:\/\/kart.com.pl\/praca\/\",\"name\":\"Praca - Kart\",\"isPartOf\":{\"@id\":\"https:\/\/kart.com.pl\/#website\"},\"datePublished\":\"2023-06-16T09:55:10+00:00\",\"dateModified\":\"2024-08-05T06:02:00+00:00\",\"breadcrumb\":{\"@id\":\"https:\/\/kart.com.pl\/praca\/#breadcrumb\"},\"inLanguage\":\"en-GB\",\"potentialAction\":[{\"@type\":\"ReadAction\",\"target\":[\"https:\/\/kart.com.pl\/praca\/\"]}]},{\"@type\":\"BreadcrumbList\",\"@id\":\"https:\/\/kart.com.pl\/praca\/#breadcrumb\",\"itemListElement\":[{\"@type\":\"ListItem\",\"position\":1,\"name\":\"Strona g\u0142\u00f3wna\",\"item\":\"https:\/\/kart.com.pl\/\"},{\"@type\":\"ListItem\",\"position\":2,\"name\":\"Praca\"}]},{\"@type\":\"WebSite\",\"@id\":\"https:\/\/kart.com.pl\/#website\",\"url\":\"https:\/\/kart.com.pl\/\",\"name\":\"Kart\",\"description\":\"\",\"potentialAction\":[{\"@type\":\"SearchAction\",\"target\":{\"@type\":\"EntryPoint\",\"urlTemplate\":\"https:\/\/kart.com.pl\/?s={search_term_string}\"},\"query-input\":\"required name=search_term_string\"}],\"inLanguage\":\"en-GB\"}]}<\/script>\n<!-- \/ Yoast SEO plugin. -->","yoast_head_json":{"title":"Praca - Kart","robots":{"index":"index","follow":"follow","max-snippet":"max-snippet:-1","max-image-preview":"max-image-preview:large","max-video-preview":"max-video-preview:-1"},"canonical":"https:\/\/kart.com.pl\/en\/praca\/","og_locale":"en_GB","og_type":"article","og_title":"Praca - Kart","og_description":"Praca Zgrany zesp\u00f3\u0142, rozw\u00f3j, umowa o prac\u0119 Home Obecnie poszukujemy Oferty pracy Do\u0142\u0105czaj\u0105c do nas, zyskasz mo\u017cliwo\u015b\u0107 rozwoju zawodowego w inspiruj\u0105cym \u015brodowisku oraz wsp\u00f3\u0142prac\u0119 z do\u015bwiadczonym zespo\u0142em specjalist\u00f3w. Czekamy na Twoj\u0105 aplikacj\u0119!","og_url":"https:\/\/kart.com.pl\/en\/praca\/","og_site_name":"Kart","article_modified_time":"2024-08-05T06:02:00+00:00","twitter_card":"summary_large_image","twitter_misc":{"Estimated reading time":"1 minute"},"schema":{"@context":"https:\/\/schema.org","@graph":[{"@type":"WebPage","@id":"https:\/\/kart.com.pl\/praca\/","url":"https:\/\/kart.com.pl\/praca\/","name":"Praca - Kart","isPartOf":{"@id":"https:\/\/kart.com.pl\/#website"},"datePublished":"2023-06-16T09:55:10+00:00","dateModified":"2024-08-05T06:02:00+00:00","breadcrumb":{"@id":"https:\/\/kart.com.pl\/praca\/#breadcrumb"},"inLanguage":"en-GB","potentialAction":[{"@type":"ReadAction","target":["https:\/\/kart.com.pl\/praca\/"]}]},{"@type":"BreadcrumbList","@id":"https:\/\/kart.com.pl\/praca\/#breadcrumb","itemListElement":[{"@type":"ListItem","position":1,"name":"Strona g\u0142\u00f3wna","item":"https:\/\/kart.com.pl\/"},{"@type":"ListItem","position":2,"name":"Praca"}]},{"@type":"WebSite","@id":"https:\/\/kart.com.pl\/#website","url":"https:\/\/kart.com.pl\/","name":"Kart","description":"","potentialAction":[{"@type":"SearchAction","target":{"@type":"EntryPoint","urlTemplate":"https:\/\/kart.com.pl\/?s={search_term_string}"},"query-input":"required name=search_term_string"}],"inLanguage":"en-GB"}]}},"_links":{"self":[{"href":"https:\/\/kart.com.pl\/en\/wp-json\/wp\/v2\/pages\/124"}],"collection":[{"href":"https:\/\/kart.com.pl\/en\/wp-json\/wp\/v2\/pages"}],"about":[{"href":"https:\/\/kart.com.pl\/en\/wp-json\/wp\/v2\/types\/page"}],"author":[{"embeddable":true,"href":"https:\/\/kart.com.pl\/en\/wp-json\/wp\/v2\/users\/1"}],"replies":[{"embeddable":true,"href":"https:\/\/kart.com.pl\/en\/wp-json\/wp\/v2\/comments?post=124"}],"version-history":[{"count":0,"href":"https:\/\/kart.com.pl\/en\/wp-json\/wp\/v2\/pages\/124\/revisions"}],"wp:attachment":[{"href":"https:\/\/kart.com.pl\/en\/wp-json\/wp\/v2\/media?parent=124"}],"wp:term":[{"taxonomy":"page-tag","embeddable":true,"href":"https:\/\/kart.com.pl\/en\/wp-json\/wp\/v2\/page-tag?post=124"}],"curies":[{"name":"wp","href":"https:\/\/api.w.org\/{rel}","templated":true}]}}