{"id":132,"date":"2023-06-16T09:50:37","date_gmt":"2023-06-16T09:50:37","guid":{"rendered":"https:\/\/demo.farost.net\/validus\/?page_id=132"},"modified":"2024-10-24T09:23:37","modified_gmt":"2024-10-24T09:23:37","slug":"kontakt","status":"publish","type":"page","link":"https:\/\/kart.com.pl\/en\/kontakt\/","title":{"rendered":"Contact"},"content":{"rendered":"<div data-elementor-type=\"wp-page\" data-elementor-id=\"132\" class=\"elementor elementor-132\">\n\t\t\t\t        <section class=\"elementor-section elementor-top-section elementor-element elementor-element-b471505 elementor-section-full_width elementor-section-height-default elementor-section-height-default cms-full-content-with-space-none\" data-id=\"b471505\" data-element_type=\"section\">\r\n\t\t        <div class=\"elementor-container elementor-column-gap-no\" >\r\n\t\t        <div class=\"elementor-column elementor-col-100 elementor-top-column elementor-element elementor-element-e3d4cdb\" data-id=\"e3d4cdb\" data-element_type=\"column\">\r\n            <div class=\"elementor-widget-wrap elementor-element-populated\">\r\n                \t\t<div class=\"elementor-element elementor-element-b4eb0bc naszbanner elementor-widget elementor-widget-cms_page_title\" data-id=\"b4eb0bc\" data-element_type=\"widget\" data-widget_type=\"cms_page_title.default\">\n\t\t\t\t<div class=\"elementor-widget-container\">\n\t\t\t<div class=\"cms-page-title-wrap cms-page-title-layout1 w-ptt-pt pb-32 header-transparent\" style=\"background-image:url(http:\/\/kart.com.pl\/wp-content\/uploads\/2024\/08\/kontakt.webp);background-size: cover;\">\n\t<input type='hidden' name='top_space' id='w-ptt-top-space' value='90' \/>\n\t<div class=\"cms-page-title-top-space\"><\/div>\n\t<div class=\"cms-page-title-top-last\"><\/div>\n\t<div class=\"container\">\n\t\t<div class=\"cms-page-title-content-align\">\n\t\t\t<div class=\"cms-page-title-content\">\n\t\t\t\t<h1 class=\"cms-page-title-title text-white\">\n\t\t\t\t\t<span >Contact<\/span>\n\t\t\t\t<\/h1>\n\t\t\t\t\t\t\t\t\t\t\t<\/div>\n\t\t<\/div>\n\t\t\t\t<div class=\"cms-breadcrumb-wrap cms-page-title-breadcrumb text-white mt-95\">\n\t\t\t<ul class=\"cms-breadcrumb d-flex justify-content-start\"><li><span class=\"breadcrumb-entry\">Home<\/span><\/li><\/ul>\t\t<\/div>\n\t\t    <\/div>\n<\/div>\t\t<\/div>\n\t\t\t\t<\/div>\n\t\t            <\/div>\r\n        <\/div>\r\n        \t\t\t<\/div>\r\n\t\t<\/section>\r\n\t\t        <section class=\"elementor-section elementor-top-section elementor-element elementor-element-79ba79c pt-120 pt-tablet-20pb-120 pb-tablet-extra-30bg-pos-c-15bg-pos-tablet-landscape-c-5 elementor-section-boxed elementor-section-height-default elementor-section-height-default elementor-invisible\" data-id=\"79ba79c\" data-element_type=\"section\" data-settings=\"{&quot;animation&quot;:&quot;fadeInUp&quot;,&quot;background_background&quot;:&quot;classic&quot;}\">\r\n\t\t            <div class=\"elementor-background-overlay\"><\/div>\r\n\t\t        <div class=\"elementor-container elementor-column-gap-default\" >\r\n\t\t        <div class=\"elementor-column elementor-col-50 elementor-top-column elementor-element elementor-element-99eff0f pb-mobile-0 sticky sticky-tablet-landscape-none h-100 elementor-invisible\" data-id=\"99eff0f\" data-element_type=\"column\" data-settings=\"{&quot;animation&quot;:&quot;fadeInLeft&quot;}\">\r\n            <div class=\"elementor-widget-wrap elementor-element-populated\">\r\n                \t\t<div class=\"elementor-element elementor-element-8b0420d relative elementor-widget elementor-widget-cms_single_image\" data-id=\"8b0420d\" data-element_type=\"widget\" data-widget_type=\"cms_single_image.default\">\n\t\t\t\t<div class=\"elementor-widget-container\">\n\t\t\t<div class=\"cms-single-image-wrap cms-single-image-layout2\">\n\t<div style=\"--min-height: 300px\" class=\"cms-single-image-container\">\n\t\t\t\n\t\t\t\t\t\t<img decoding=\"async\" src=\"https:\/\/kart.com.pl\/wp-content\/uploads\/elementor\/thumbs\/kart-firma-produkcyjna-qp5enbk815q0abd8rfx1jmmiig6xmzo5u5gm84jqwg.webp\" loading=\"lazy\" \/>\t\t\t\t\n\t\t\n\t\t\t\t<div class=\"cms-single-image-box-stamp\">\n\t\t\t\t\t\t\t<h3 class=\"cms-single-image-box-stamp-heading font-600\">\n\t\t\t\t\tThe power of progress lies in precision.\t\t\t\t<\/h3>\n\t\t\t\n\t\t\t\t\n\t\t<\/div>\n\t\t\t\t<\/div>\n<\/div>\t\t<\/div>\n\t\t\t\t<\/div>\n\t\t            <\/div>\r\n        <\/div>\r\n                <div class=\"elementor-column elementor-col-50 elementor-top-column elementor-element elementor-element-bee0bf5 pt-24 elementor-invisible\" data-id=\"bee0bf5\" data-element_type=\"column\" data-settings=\"{&quot;animation&quot;:&quot;fadeInRight&quot;}\">\r\n            <div class=\"elementor-widget-wrap elementor-element-populated\">\r\n                        <section class=\"elementor-section elementor-inner-section elementor-element elementor-element-f4ca12a pl-tablet-extra-0pb-54 elementor-section-boxed elementor-section-height-default elementor-section-height-default\" data-id=\"f4ca12a\" data-element_type=\"section\">\r\n\t\t        <div class=\"elementor-container elementor-column-gap-no\" >\r\n\t\t        <div class=\"elementor-column elementor-col-100 elementor-inner-column elementor-element elementor-element-e39ee82\" data-id=\"e39ee82\" data-element_type=\"column\">\r\n            <div class=\"elementor-widget-wrap elementor-element-populated\">\r\n                \t\t<div class=\"elementor-element elementor-element-4588741 elementor-widget elementor-widget-cms_fancy_box\" data-id=\"4588741\" data-element_type=\"widget\" data-widget_type=\"cms_fancy_box.default\">\n\t\t\t\t<div class=\"elementor-widget-container\">\n\t\t\t<div class=\"cms-fancy-box-wrap cms-fancy-box-layout2 var(--color-secondary) cms-hover-icon-bounce\">\n\t        <div class=\"cms-fancy-box-icon\">\n\t\t\t<i aria-hidden=\"true\" class=\"cms-icon validusicon- validus-icon-machine\"><\/i>        <\/div>\n\t\n    <div class=\"cms-fancy-box-content\">\n        <h3 class=\"cms-fancy-box-title text-body\">Address<\/h3>\n        <div class=\"cms-fancy-box-description\">\n\t\t\tKarT sp\u00f3\u0142ka z o.o.<br>\nul. gen. W\u0142. Andersa 40d<br>\n15-113 Bia\u0142ystok, Poland<br><br>\nContact:<br>\ntel. +48 85 743 30 64<br>\ne-mail: bok@kart.com.pl <br><br>\nDane rejestrowe:<br>\nNIP: 966-209-09-52<br>\nREGON: 200829206<br>\nKRS: 0000496253 <br>S\u0105d Rejonowy w Bia\u0142ymstoku, <br>XII Wydzia\u0142 Gospodarczy.\t\t<\/div>\n\t\t    <\/div>\n<\/div>\t\t<\/div>\n\t\t\t\t<\/div>\n\t\t            <\/div>\r\n        <\/div>\r\n        \t\t\t<\/div>\r\n\t\t<\/section>\r\n\t\t            <\/div>\r\n        <\/div>\r\n        \t\t\t<\/div>\r\n\t\t<\/section>\r\n\t\t        <section class=\"elementor-section elementor-top-section elementor-element elementor-element-2ef5e12 pt-116 pb-121 pt-tablet-extra-30 pb-tablet-extra-30 elementor-section-boxed elementor-section-height-default elementor-section-height-default\" data-id=\"2ef5e12\" data-element_type=\"section\">\r\n\t\t        <div class=\"elementor-container elementor-column-gap-default\" >\r\n\t\t        <div class=\"elementor-column elementor-col-100 elementor-top-column elementor-element elementor-element-01a0465\" data-id=\"01a0465\" data-element_type=\"column\">\r\n            <div class=\"elementor-widget-wrap elementor-element-populated\">\r\n                \t\t<div class=\"elementor-element elementor-element-f9aff8b elementor-widget__width-initial pl-110 pl-tablet-extra-0pb-23  elementor-invisible elementor-widget elementor-widget-cms_heading\" data-id=\"f9aff8b\" data-element_type=\"widget\" data-settings=\"{&quot;_animation&quot;:&quot;fadeInLeft&quot;}\" data-widget_type=\"cms_heading.default\">\n\t\t\t\t<div class=\"elementor-widget-container\">\n\t\t\t<div class=\"cms-heading-wrap cms-heading-layout1 cms-heading-style3 text-left\">\n    <div class=\"cms-heading-container\">\n\t\t\n\t\t\t\t\t<h2 class=\"cms-heading\">\n\t\t\t\t<span \t\t\t\t>\n\t\t\t\tWe invite You to get in touch\t\t\t<\/span>\n\t\t\t<\/h2>\n\n\t\t\t\t\t\n\t\t\t<\/div>\n<\/div>\t\t<\/div>\n\t\t\t\t<\/div>\n\t\t        <section class=\"elementor-section elementor-inner-section elementor-element elementor-element-38574fb elementor-section-boxed elementor-section-height-default elementor-section-height-default\" data-id=\"38574fb\" data-element_type=\"section\">\r\n\t\t        <div class=\"elementor-container elementor-column-gap-no\" >\r\n\t\t        <div class=\"elementor-column elementor-col-33 elementor-inner-column elementor-element elementor-element-e9cd8d5 pr-110 pr-tablet-extra-30 pr-tablet-0pb-tablet-20pt-3 elementor-invisible\" data-id=\"e9cd8d5\" data-element_type=\"column\" data-settings=\"{&quot;animation&quot;:&quot;fadeInLeft&quot;}\">\r\n            <div class=\"elementor-widget-wrap elementor-element-populated\">\r\n                \t\t<div class=\"elementor-element elementor-element-1fb2422 pb-32 elementor-widget elementor-widget-cms_text_editor\" data-id=\"1fb2422\" data-element_type=\"widget\" data-widget_type=\"cms_text_editor.default\">\n\t\t\t\t<div class=\"elementor-widget-container\">\n\t\t\t\n<div class=\"cms-text-editor d-flex flex-direction-column gap-27\"><p>Every project presents a unique challenge, and each client is an individual with their own needs. That\u2019s why we always tailor our approach to meet their expectations. We strive to establish long-term collaboration, so if our offer has caught your attention, we would be happy to answer any questions you may have.<\/p>\n<\/div>\t\t<\/div>\n\t\t\t\t<\/div>\n\t\t\t\t<div class=\"elementor-element elementor-element-f5ab323 elementor-widget elementor-widget-cms_button\" data-id=\"f5ab323\" data-element_type=\"widget\" data-settings=\"{&quot;icon_font_size&quot;:{&quot;unit&quot;:&quot;px&quot;,&quot;size&quot;:&quot;23&quot;,&quot;sizes&quot;:[]}}\" data-widget_type=\"cms_button.default\">\n\t\t\t\t<div class=\"elementor-widget-container\">\n\t\t\t<div class=\"cms-button-wrap cms-button-layout1\">\n    <a href=\"https:\/\/maps.app.goo.gl\/YkcepocGgkwCGb2Q6\" target=\"_blank\" rel=\"nofollow\" class=\"cms-transition btn  btn-primary radius-2 icon-align-left\">\n\t\t\n        <span class=\"btn-text\" 0=\"cms-transition\">Location<\/span>\n\t\t\t\t<span class=\"btn-icon cms-align-icon-left cms-transition\">\n\t\t\t<i aria-hidden=\"true\" class=\"cmsi cmsi-chevron-circle-right-01\"><\/i>\t\t<\/span>\n\t\t    <\/a>\n<\/div>\t\t<\/div>\n\t\t\t\t<\/div>\n\t\t            <\/div>\r\n        <\/div>\r\n                <div class=\"elementor-column elementor-col-66 elementor-inner-column elementor-element elementor-element-99eed87 elementor-invisible\" data-id=\"99eed87\" data-element_type=\"column\" data-settings=\"{&quot;animation&quot;:&quot;fadeInRight&quot;}\">\r\n            <div class=\"elementor-widget-wrap elementor-element-populated\">\r\n                \t\t<div class=\"elementor-element elementor-element-5131615 pt-9 elementor-widget elementor-widget-cms_contact_form\" data-id=\"5131615\" data-element_type=\"widget\" data-widget_type=\"cms_contact_form.default\">\n\t\t\t\t<div class=\"elementor-widget-container\">\n\t\t\t\t<div id=\"cms_contact_form-5131615\" class=\"cms-contact-form-wrap cms-contact-form-layout1 style1 bg-white\">\n\t\t<div class=\"cms-contact-form-inner\">\n\t\t\t\t\t\t\n<div class=\"wpcf7 no-js\" id=\"wpcf7-f1222-o1\" lang=\"en-US\" dir=\"ltr\">\n<div class=\"screen-reader-response\"><p role=\"status\" aria-live=\"polite\" aria-atomic=\"true\"><\/p> <ul><\/ul><\/div>\n<form action=\"\/en\/wp-json\/wp\/v2\/pages\/132#wpcf7-f1222-o1\" method=\"post\" class=\"wpcf7-form init\" aria-label=\"Contact form\" novalidate=\"novalidate\" data-status=\"init\" data-trp-original-action=\"\/en\/wp-json\/wp\/v2\/pages\/132#wpcf7-f1222-o1\">\n<div style=\"display: none;\">\n<input type=\"hidden\" name=\"_wpcf7\" value=\"1222\" \/>\n<input type=\"hidden\" name=\"_wpcf7_version\" value=\"5.9.8\" \/>\n<input type=\"hidden\" name=\"_wpcf7_locale\" value=\"en_US\" \/>\n<input type=\"hidden\" name=\"_wpcf7_unit_tag\" value=\"wpcf7-f1222-o1\" \/>\n<input type=\"hidden\" name=\"_wpcf7_container_post\" value=\"0\" \/>\n<input type=\"hidden\" name=\"_wpcf7_posted_data_hash\" value=\"\" \/>\n<input type=\"hidden\" name=\"_wpcf7_recaptcha_response\" value=\"\" \/>\n<\/div>\n<div class=\"row\">\n<span class=\"wpcf7-form-control-wrap\" data-name=\"your-name\"><input size=\"40\" maxlength=\"400\" class=\"wpcf7-form-control wpcf7-text wpcf7-validates-as-required\" autocomplete=\"name\" aria-required=\"true\" aria-invalid=\"false\" placeholder=\"Name\" value=\"\" type=\"text\" name=\"your-name\" \/><\/span><span class=\"wpcf7-form-control-wrap\" data-name=\"your-email\"><input size=\"40\" maxlength=\"400\" class=\"wpcf7-form-control wpcf7-email wpcf7-validates-as-required wpcf7-text wpcf7-validates-as-email\" autocomplete=\"email\" aria-required=\"true\" aria-invalid=\"false\" placeholder=\"Email\" value=\"\" type=\"email\" name=\"your-email\" \/><\/span><span class=\"wpcf7-form-control-wrap\" data-name=\"your-telephone\"><input size=\"40\" maxlength=\"15\" minlength=\"9\" class=\"wpcf7-form-control wpcf7-tel wpcf7-text wpcf7-validates-as-tel wpcf7-phone\" aria-invalid=\"false\" placeholder=\"Phone number\" value=\"\" type=\"tel\" name=\"your-telephone\" \/><\/span>\n<\/div>\n    <span class=\"wpcf7-form-control-wrap\" data-name=\"your-message\"><textarea cols=\"40\" rows=\"8\" maxlength=\"2000\" class=\"wpcf7-form-control wpcf7-textarea\" aria-invalid=\"false\" placeholder=\"Additional information\" name=\"your-message\"><\/textarea><\/span>\n\n<button type=\"submit\" name=\"submit\" id=\"submit\" class=\"submit btn btn-lg btn-secondary d-flex gap-54 text-15 radius-2\"><span class=\"btn-text submit-text\">Send<\/span> <i class=\"btn-icon cmsi-chevron-circle-right-01\"><\/i><\/button><div class=\"wpcf7-response-output\" aria-hidden=\"true\"><\/div>\n<input type=\"hidden\" name=\"trp-form-language\" value=\"en\"\/><\/form>\n<\/div>\n\t\t<\/div>\n\t<\/div>\n\t\t<\/div>\n\t\t\t\t<\/div>\n\t\t            <\/div>\r\n        <\/div>\r\n        \t\t\t<\/div>\r\n\t\t<\/section>\r\n\t\t            <\/div>\r\n        <\/div>\r\n        \t\t\t<\/div>\r\n\t\t<\/section>\r\n\t\t        <section class=\"elementor-section elementor-top-section elementor-element elementor-element-29d5a53 elementor-section-full_width elementor-section-stretched mapa elementor-section-height-default elementor-section-height-default cms-full-content-with-space-none elementor-invisible\" data-id=\"29d5a53\" data-element_type=\"section\" data-settings=\"{&quot;stretch_section&quot;:&quot;section-stretched&quot;,&quot;animation&quot;:&quot;fadeInDown&quot;}\">\r\n\t\t        <div class=\"elementor-container elementor-column-gap-no\" >\r\n\t\t        <div class=\"elementor-column elementor-col-100 elementor-top-column elementor-element elementor-element-97c7417\" data-id=\"97c7417\" data-element_type=\"column\">\r\n            <div class=\"elementor-widget-wrap elementor-element-populated\">\r\n                \t\t<div class=\"elementor-element elementor-element-53aa1b9 elementor-widget elementor-widget-google_maps\" data-id=\"53aa1b9\" data-element_type=\"widget\" data-widget_type=\"google_maps.default\">\n\t\t\t\t<div class=\"elementor-widget-container\">\n\t\t\t<style>\/*! elementor - v3.23.0 - 25-07-2024 *\/\n.elementor-widget-google_maps .elementor-widget-container{overflow:hidden}.elementor-widget-google_maps .elementor-custom-embed{line-height:0}.elementor-widget-google_maps iframe{height:300px}<\/style>\t\t<div class=\"elementor-custom-embed\">\n\t\t\t<iframe loading=\"lazy\"\n\t\t\t\t\tsrc=\"https:\/\/maps.google.com\/maps?q=ul.%20gen.%20W%C5%82.%20Andersa%2040d%2015-113%20Bia%C5%82ystok&#038;t=m&#038;z=10&#038;output=embed&#038;iwloc=near\"\n\t\t\t\t\ttitle=\"ul. gen. W\u0142. Andersa 40d 15-113 Bia\u0142ystok\"\n\t\t\t\t\taria-label=\"ul. gen. W\u0142. Andersa 40d 15-113 Bia\u0142ystok\"\n\t\t\t><\/iframe>\n\t\t<\/div>\n\t\t\t\t<\/div>\n\t\t\t\t<\/div>\n\t\t            <\/div>\r\n        <\/div>\r\n        \t\t\t<\/div>\r\n\t\t<\/section>\r\n\t\t\t\t<\/div>","protected":false},"excerpt":{"rendered":"<p>Kontakt Home Si\u0142a post\u0119pu tkwi w precyzji. Dane Adresowe KarT sp\u00f3\u0142ka z o.o. ul. gen. W\u0142. Andersa 40d 15-113 Bia\u0142ystok Kontakt: tel. +48 85 743 30 64 e-mail: bok@kart.com.pl Dane rejestrowe: NIP: 966-209-09-52 REGON: 200829206 KRS: 0000496253 S\u0105d Rejonowy w Bia\u0142ymstoku, XII Wydzia\u0142 Gospodarczy. Zapraszamy do kontaktu Ka\u017cdy projekt stanowi unikalne wyzwanie, a ka\u017cdy Klient [&hellip;]<\/p>","protected":false},"author":1,"featured_media":0,"parent":0,"menu_order":0,"comment_status":"closed","ping_status":"closed","template":"","meta":{"footnotes":""},"page-tag":[],"class_list":["post-132","page","type-page","status-publish","hentry"],"yoast_head":"<!-- This site is optimized with the Yoast SEO plugin v23.1 - https:\/\/yoast.com\/wordpress\/plugins\/seo\/ -->\n<title>Kontakt - Kart<\/title>\n<meta name=\"robots\" content=\"index, follow, max-snippet:-1, max-image-preview:large, max-video-preview:-1\" \/>\n<link rel=\"canonical\" href=\"https:\/\/kart.com.pl\/en\/kontakt\/\" \/>\n<meta property=\"og:locale\" content=\"en_GB\" \/>\n<meta property=\"og:type\" content=\"article\" \/>\n<meta property=\"og:title\" content=\"Kontakt - Kart\" \/>\n<meta property=\"og:description\" content=\"Kontakt Home Si\u0142a post\u0119pu tkwi w precyzji. Dane Adresowe KarT sp\u00f3\u0142ka z o.o. ul. gen. W\u0142. Andersa 40d 15-113 Bia\u0142ystok Kontakt: tel. +48 85 743 30 64 e-mail: bok@kart.com.pl Dane rejestrowe: NIP: 966-209-09-52 REGON: 200829206 KRS: 0000496253 S\u0105d Rejonowy w Bia\u0142ymstoku, XII Wydzia\u0142 Gospodarczy. Zapraszamy do kontaktu Ka\u017cdy projekt stanowi unikalne wyzwanie, a ka\u017cdy Klient [&hellip;]\" \/>\n<meta property=\"og:url\" content=\"https:\/\/kart.com.pl\/en\/kontakt\/\" \/>\n<meta property=\"og:site_name\" content=\"Kart\" \/>\n<meta property=\"article:modified_time\" content=\"2024-10-24T09:23:37+00:00\" \/>\n<meta property=\"og:image\" content=\"https:\/\/kart.com.pl\/wp-content\/uploads\/elementor\/thumbs\/kart-firma-produkcyjna-qp5enbk815q0abd8rfx1jmmiig6xmzo5u5glzowjr4.webp\" \/>\n<meta name=\"twitter:card\" content=\"summary_large_image\" \/>\n<meta name=\"twitter:label1\" content=\"Estimated reading time\" \/>\n\t<meta name=\"twitter:data1\" content=\"1 minute\" \/>\n<script type=\"application\/ld+json\" class=\"yoast-schema-graph\">{\"@context\":\"https:\/\/schema.org\",\"@graph\":[{\"@type\":\"WebPage\",\"@id\":\"https:\/\/kart.com.pl\/kontakt\/\",\"url\":\"https:\/\/kart.com.pl\/kontakt\/\",\"name\":\"Kontakt - Kart\",\"isPartOf\":{\"@id\":\"https:\/\/kart.com.pl\/#website\"},\"primaryImageOfPage\":{\"@id\":\"https:\/\/kart.com.pl\/kontakt\/#primaryimage\"},\"image\":{\"@id\":\"https:\/\/kart.com.pl\/kontakt\/#primaryimage\"},\"thumbnailUrl\":\"https:\/\/kart.com.pl\/wp-content\/uploads\/elementor\/thumbs\/kart-firma-produkcyjna-qp5enbk815q0abd8rfx1jmmiig6xmzo5u5glzowjr4.webp\",\"datePublished\":\"2023-06-16T09:50:37+00:00\",\"dateModified\":\"2024-10-24T09:23:37+00:00\",\"breadcrumb\":{\"@id\":\"https:\/\/kart.com.pl\/kontakt\/#breadcrumb\"},\"inLanguage\":\"en-GB\",\"potentialAction\":[{\"@type\":\"ReadAction\",\"target\":[\"https:\/\/kart.com.pl\/kontakt\/\"]}]},{\"@type\":\"ImageObject\",\"inLanguage\":\"en-GB\",\"@id\":\"https:\/\/kart.com.pl\/kontakt\/#primaryimage\",\"url\":\"https:\/\/kart.com.pl\/wp-content\/uploads\/elementor\/thumbs\/kart-firma-produkcyjna-qp5enbk815q0abd8rfx1jmmiig6xmzo5u5glzowjr4.webp\",\"contentUrl\":\"https:\/\/kart.com.pl\/wp-content\/uploads\/elementor\/thumbs\/kart-firma-produkcyjna-qp5enbk815q0abd8rfx1jmmiig6xmzo5u5glzowjr4.webp\"},{\"@type\":\"BreadcrumbList\",\"@id\":\"https:\/\/kart.com.pl\/kontakt\/#breadcrumb\",\"itemListElement\":[{\"@type\":\"ListItem\",\"position\":1,\"name\":\"Strona g\u0142\u00f3wna\",\"item\":\"https:\/\/kart.com.pl\/\"},{\"@type\":\"ListItem\",\"position\":2,\"name\":\"Kontakt\"}]},{\"@type\":\"WebSite\",\"@id\":\"https:\/\/kart.com.pl\/#website\",\"url\":\"https:\/\/kart.com.pl\/\",\"name\":\"Kart\",\"description\":\"\",\"potentialAction\":[{\"@type\":\"SearchAction\",\"target\":{\"@type\":\"EntryPoint\",\"urlTemplate\":\"https:\/\/kart.com.pl\/?s={search_term_string}\"},\"query-input\":\"required name=search_term_string\"}],\"inLanguage\":\"en-GB\"}]}<\/script>\n<!-- \/ Yoast SEO plugin. -->","yoast_head_json":{"title":"Kontakt - Kart","robots":{"index":"index","follow":"follow","max-snippet":"max-snippet:-1","max-image-preview":"max-image-preview:large","max-video-preview":"max-video-preview:-1"},"canonical":"https:\/\/kart.com.pl\/en\/kontakt\/","og_locale":"en_GB","og_type":"article","og_title":"Kontakt - Kart","og_description":"Kontakt Home Si\u0142a post\u0119pu tkwi w precyzji. Dane Adresowe KarT sp\u00f3\u0142ka z o.o. ul. gen. W\u0142. Andersa 40d 15-113 Bia\u0142ystok Kontakt: tel. +48 85 743 30 64 e-mail: bok@kart.com.pl Dane rejestrowe: NIP: 966-209-09-52 REGON: 200829206 KRS: 0000496253 S\u0105d Rejonowy w Bia\u0142ymstoku, XII Wydzia\u0142 Gospodarczy. Zapraszamy do kontaktu Ka\u017cdy projekt stanowi unikalne wyzwanie, a ka\u017cdy Klient [&hellip;]","og_url":"https:\/\/kart.com.pl\/en\/kontakt\/","og_site_name":"Kart","article_modified_time":"2024-10-24T09:23:37+00:00","og_image":[{"url":"https:\/\/kart.com.pl\/wp-content\/uploads\/elementor\/thumbs\/kart-firma-produkcyjna-qp5enbk815q0abd8rfx1jmmiig6xmzo5u5glzowjr4.webp"}],"twitter_card":"summary_large_image","twitter_misc":{"Estimated reading time":"1 minute"},"schema":{"@context":"https:\/\/schema.org","@graph":[{"@type":"WebPage","@id":"https:\/\/kart.com.pl\/kontakt\/","url":"https:\/\/kart.com.pl\/kontakt\/","name":"Kontakt - Kart","isPartOf":{"@id":"https:\/\/kart.com.pl\/#website"},"primaryImageOfPage":{"@id":"https:\/\/kart.com.pl\/kontakt\/#primaryimage"},"image":{"@id":"https:\/\/kart.com.pl\/kontakt\/#primaryimage"},"thumbnailUrl":"https:\/\/kart.com.pl\/wp-content\/uploads\/elementor\/thumbs\/kart-firma-produkcyjna-qp5enbk815q0abd8rfx1jmmiig6xmzo5u5glzowjr4.webp","datePublished":"2023-06-16T09:50:37+00:00","dateModified":"2024-10-24T09:23:37+00:00","breadcrumb":{"@id":"https:\/\/kart.com.pl\/kontakt\/#breadcrumb"},"inLanguage":"en-GB","potentialAction":[{"@type":"ReadAction","target":["https:\/\/kart.com.pl\/kontakt\/"]}]},{"@type":"ImageObject","inLanguage":"en-GB","@id":"https:\/\/kart.com.pl\/kontakt\/#primaryimage","url":"https:\/\/kart.com.pl\/wp-content\/uploads\/elementor\/thumbs\/kart-firma-produkcyjna-qp5enbk815q0abd8rfx1jmmiig6xmzo5u5glzowjr4.webp","contentUrl":"https:\/\/kart.com.pl\/wp-content\/uploads\/elementor\/thumbs\/kart-firma-produkcyjna-qp5enbk815q0abd8rfx1jmmiig6xmzo5u5glzowjr4.webp"},{"@type":"BreadcrumbList","@id":"https:\/\/kart.com.pl\/kontakt\/#breadcrumb","itemListElement":[{"@type":"ListItem","position":1,"name":"Strona g\u0142\u00f3wna","item":"https:\/\/kart.com.pl\/"},{"@type":"ListItem","position":2,"name":"Kontakt"}]},{"@type":"WebSite","@id":"https:\/\/kart.com.pl\/#website","url":"https:\/\/kart.com.pl\/","name":"Kart","description":"","potentialAction":[{"@type":"SearchAction","target":{"@type":"EntryPoint","urlTemplate":"https:\/\/kart.com.pl\/?s={search_term_string}"},"query-input":"required name=search_term_string"}],"inLanguage":"en-GB"}]}},"_links":{"self":[{"href":"https:\/\/kart.com.pl\/en\/wp-json\/wp\/v2\/pages\/132"}],"collection":[{"href":"https:\/\/kart.com.pl\/en\/wp-json\/wp\/v2\/pages"}],"about":[{"href":"https:\/\/kart.com.pl\/en\/wp-json\/wp\/v2\/types\/page"}],"author":[{"embeddable":true,"href":"https:\/\/kart.com.pl\/en\/wp-json\/wp\/v2\/users\/1"}],"replies":[{"embeddable":true,"href":"https:\/\/kart.com.pl\/en\/wp-json\/wp\/v2\/comments?post=132"}],"version-history":[{"count":0,"href":"https:\/\/kart.com.pl\/en\/wp-json\/wp\/v2\/pages\/132\/revisions"}],"wp:attachment":[{"href":"https:\/\/kart.com.pl\/en\/wp-json\/wp\/v2\/media?parent=132"}],"wp:term":[{"taxonomy":"page-tag","embeddable":true,"href":"https:\/\/kart.com.pl\/en\/wp-json\/wp\/v2\/page-tag?post=132"}],"curies":[{"name":"wp","href":"https:\/\/api.w.org\/{rel}","templated":true}]}}