{"id":13371,"date":"2024-07-29T09:08:53","date_gmt":"2024-07-29T09:08:53","guid":{"rendered":"http:\/\/kart.com.pl\/?page_id=13371"},"modified":"2024-08-28T08:13:26","modified_gmt":"2024-08-28T08:13:26","slug":"linia-do-produkcji-granulatu-cu","status":"publish","type":"page","link":"https:\/\/kart.com.pl\/en\/linie-produkcyjne\/linia-do-produkcji-granulatu-cu\/","title":{"rendered":"Copper granule production line"},"content":{"rendered":"<div data-elementor-type=\"wp-page\" data-elementor-id=\"13371\" class=\"elementor elementor-13371\">\n\t\t\t\t        <section class=\"elementor-section elementor-top-section elementor-element elementor-element-3cd6791d elementor-section-full_width elementor-section-height-default elementor-section-height-default cms-full-content-with-space-none\" data-id=\"3cd6791d\" data-element_type=\"section\">\r\n\t\t        <div class=\"elementor-container elementor-column-gap-no\" >\r\n\t\t        <div class=\"elementor-column elementor-col-100 elementor-top-column elementor-element elementor-element-5816747a\" data-id=\"5816747a\" data-element_type=\"column\">\r\n            <div class=\"elementor-widget-wrap elementor-element-populated\">\r\n                \t\t<div class=\"elementor-element elementor-element-75ecfd2c naszbanner elementor-widget elementor-widget-cms_page_title\" data-id=\"75ecfd2c\" data-element_type=\"widget\" data-widget_type=\"cms_page_title.default\">\n\t\t\t\t<div class=\"elementor-widget-container\">\n\t\t\t<div class=\"cms-page-title-wrap cms-page-title-layout1 w-ptt-pt pb-32 header-transparent\" style=\"background-image:url(http:\/\/kart.com.pl\/wp-content\/uploads\/2024\/08\/linia-do-produkcji-granulatu-Cu.webp);background-size: cover;\">\n\t<input type='hidden' name='top_space' id='w-ptt-top-space' value='90' \/>\n\t<div class=\"cms-page-title-top-space\"><\/div>\n\t<div class=\"cms-page-title-top-last\"><\/div>\n\t<div class=\"container\">\n\t\t<div class=\"cms-page-title-content-align\">\n\t\t\t<div class=\"cms-page-title-content\">\n\t\t\t\t<h1 class=\"cms-page-title-title text-white\">\n\t\t\t\t\t<span >Copper granule production line <\/span>\n\t\t\t\t<\/h1>\n\t\t\t\t\t\t\t\t\t\t\t<\/div>\n\t\t<\/div>\n\t\t\t\t<div class=\"cms-breadcrumb-wrap cms-page-title-breadcrumb text-white mt-95\">\n\t\t\t<ul class=\"cms-breadcrumb d-flex justify-content-start\"><li><span class=\"breadcrumb-entry\">Home<\/span><\/li><\/ul>\t\t<\/div>\n\t\t    <\/div>\n<\/div>\t\t<\/div>\n\t\t\t\t<\/div>\n\t\t            <\/div>\r\n        <\/div>\r\n        \t\t\t<\/div>\r\n\t\t<\/section>\r\n\t\t        <section class=\"elementor-section elementor-top-section elementor-element elementor-element-a6bf94c pt-120 pt-tablet-20pb-120 pb-tablet-extra-30bg-pos-c-15bg-pos-tablet-landscape-c-5 elementor-section-boxed elementor-section-height-default elementor-section-height-default elementor-invisible\" data-id=\"a6bf94c\" data-element_type=\"section\" data-settings=\"{&quot;animation&quot;:&quot;fadeInUp&quot;,&quot;background_background&quot;:&quot;classic&quot;}\">\r\n\t\t            <div class=\"elementor-background-overlay\"><\/div>\r\n\t\t        <div class=\"elementor-container elementor-column-gap-default\" >\r\n\t\t        <div class=\"elementor-column elementor-col-50 elementor-top-column elementor-element elementor-element-b8c106f pb-mobile-0 sticky sticky-tablet-landscape-none h-100 elementor-invisible\" data-id=\"b8c106f\" data-element_type=\"column\" data-settings=\"{&quot;animation&quot;:&quot;fadeInLeft&quot;}\">\r\n            <div class=\"elementor-widget-wrap elementor-element-populated\">\r\n                \t\t<div class=\"elementor-element elementor-element-f3e3884 elementor-widget elementor-widget-image\" data-id=\"f3e3884\" data-element_type=\"widget\" data-widget_type=\"image.default\">\n\t\t\t\t<div class=\"elementor-widget-container\">\n\t\t\t<style>\/*! elementor - v3.23.0 - 25-07-2024 *\/\n.elementor-widget-image{text-align:center}.elementor-widget-image a{display:inline-block}.elementor-widget-image a img[src$=\".svg\"]{width:48px}.elementor-widget-image img{vertical-align:middle;display:inline-block}<\/style>\t\t\t\t\t\t\t\t\t\t<img fetchpriority=\"high\" decoding=\"async\" width=\"840\" height=\"562\" src=\"https:\/\/kart.com.pl\/wp-content\/uploads\/2024\/07\/produkcja_garnulatu-1-840x562.webp\" class=\"attachment-large size-large wp-image-13377\" alt=\"\" srcset=\"https:\/\/kart.com.pl\/wp-content\/uploads\/2024\/07\/produkcja_garnulatu-1-840x562.webp 840w, https:\/\/kart.com.pl\/wp-content\/uploads\/2024\/07\/produkcja_garnulatu-1-570x380.webp 570w\" sizes=\"(max-width: 840px) 100vw, 840px\" \/>\t\t\t\t\t\t\t\t\t\t\t\t\t<\/div>\n\t\t\t\t<\/div>\n\t\t            <\/div>\r\n        <\/div>\r\n                <div class=\"elementor-column elementor-col-50 elementor-top-column elementor-element elementor-element-dc3bd1f pt-24 elementor-invisible\" data-id=\"dc3bd1f\" data-element_type=\"column\" data-settings=\"{&quot;animation&quot;:&quot;fadeInRight&quot;}\">\r\n            <div class=\"elementor-widget-wrap elementor-element-populated\">\r\n                \t\t<div class=\"elementor-element elementor-element-19ddc8b elementor-widget elementor-widget-cms_heading\" data-id=\"19ddc8b\" data-element_type=\"widget\" data-widget_type=\"cms_heading.default\">\n\t\t\t\t<div class=\"elementor-widget-container\">\n\t\t\t<div class=\"cms-heading-wrap cms-heading-layout1 cms-heading-style1 text-\">\n    <div class=\"cms-heading-container\">\n\t\t\t\t\t<div class=\"cms-subheading text-primary font-700\">The Cu granule production line was entirely designed and manufactured by KarT Sp. z o.o. Its purpose is to cut copper wire into granules of various lengths ranging from 10 to 100mm. In the final stage, the machine weighs the produced product. The line consists of the following modules:<\/div>\n\t\t\n\t\t\n\t\t\t<\/div>\n<\/div>\t\t<\/div>\n\t\t\t\t<\/div>\n\t\t<div class=\"elementor-element elementor-element-bebb671 e-grid e-con-boxed e-con e-parent\" data-id=\"bebb671\" data-element_type=\"container\">\r\n\t\t\t\t\t<div class=\"e-con-inner\">\r\n\t\t\t\t<div class=\"elementor-element elementor-element-0213b72 elementor-icon-list--layout-traditional elementor-list-item-link-full_width elementor-widget elementor-widget-icon-list\" data-id=\"0213b72\" data-element_type=\"widget\" data-widget_type=\"icon-list.default\">\n\t\t\t\t<div class=\"elementor-widget-container\">\n\t\t\t<link rel=\"stylesheet\" href=\"https:\/\/kart.com.pl\/wp-content\/plugins\/elementor\/assets\/css\/widget-icon-list.min.css\">\t\t<ul class=\"elementor-icon-list-items\">\n\t\t\t\t\t\t\t<li class=\"elementor-icon-list-item\">\n\t\t\t\t\t\t\t\t\t\t\t<span class=\"elementor-icon-list-icon\">\n\t\t\t\t\t\t\t<svg aria-hidden=\"true\" class=\"e-font-icon-svg e-fas-check\" viewbox=\"0 0 512 512\" xmlns=\"http:\/\/www.w3.org\/2000\/svg\"><path d=\"M173.898 439.404l-166.4-166.4c-9.997-9.997-9.997-26.206 0-36.204l36.203-36.204c9.997-9.998 26.207-9.998 36.204 0L192 312.69 432.095 72.596c9.997-9.997 26.207-9.997 36.204 0l36.203 36.204c9.997 9.997 9.997 26.206 0 36.204l-294.4 294.401c-9.998 9.997-26.207 9.997-36.204-.001z\"><\/path><\/svg>\t\t\t\t\t\t<\/span>\n\t\t\t\t\t\t\t\t\t\t<span class=\"elementor-icon-list-text\">wire unwinder \u2013 2 pcs.,<\/span>\n\t\t\t\t\t\t\t\t\t<\/li>\n\t\t\t\t\t\t\t\t<li class=\"elementor-icon-list-item\">\n\t\t\t\t\t\t\t\t\t\t\t<span class=\"elementor-icon-list-icon\">\n\t\t\t\t\t\t\t<svg aria-hidden=\"true\" class=\"e-font-icon-svg e-fas-check\" viewbox=\"0 0 512 512\" xmlns=\"http:\/\/www.w3.org\/2000\/svg\"><path d=\"M173.898 439.404l-166.4-166.4c-9.997-9.997-9.997-26.206 0-36.204l36.203-36.204c9.997-9.998 26.207-9.998 36.204 0L192 312.69 432.095 72.596c9.997-9.997 26.207-9.997 36.204 0l36.203 36.204c9.997 9.997 9.997 26.206 0 36.204l-294.4 294.401c-9.998 9.997-26.207 9.997-36.204-.001z\"><\/path><\/svg>\t\t\t\t\t\t<\/span>\n\t\t\t\t\t\t\t\t\t\t<span class=\"elementor-icon-list-text\">roller feeder for raw material,<\/span>\n\t\t\t\t\t\t\t\t\t<\/li>\n\t\t\t\t\t\t\t\t<li class=\"elementor-icon-list-item\">\n\t\t\t\t\t\t\t\t\t\t\t<span class=\"elementor-icon-list-icon\">\n\t\t\t\t\t\t\t<svg aria-hidden=\"true\" class=\"e-font-icon-svg e-fas-check\" viewbox=\"0 0 512 512\" xmlns=\"http:\/\/www.w3.org\/2000\/svg\"><path d=\"M173.898 439.404l-166.4-166.4c-9.997-9.997-9.997-26.206 0-36.204l36.203-36.204c9.997-9.998 26.207-9.998 36.204 0L192 312.69 432.095 72.596c9.997-9.997 26.207-9.997 36.204 0l36.203 36.204c9.997 9.997 9.997 26.206 0 36.204l-294.4 294.401c-9.998 9.997-26.207 9.997-36.204-.001z\"><\/path><\/svg>\t\t\t\t\t\t<\/span>\n\t\t\t\t\t\t\t\t\t\t<span class=\"elementor-icon-list-text\">rotary guillotine,<\/span>\n\t\t\t\t\t\t\t\t\t<\/li>\n\t\t\t\t\t\t\t\t<li class=\"elementor-icon-list-item\">\n\t\t\t\t\t\t\t\t\t\t\t<span class=\"elementor-icon-list-icon\">\n\t\t\t\t\t\t\t<svg aria-hidden=\"true\" class=\"e-font-icon-svg e-fas-check\" viewbox=\"0 0 512 512\" xmlns=\"http:\/\/www.w3.org\/2000\/svg\"><path d=\"M173.898 439.404l-166.4-166.4c-9.997-9.997-9.997-26.206 0-36.204l36.203-36.204c9.997-9.998 26.207-9.998 36.204 0L192 312.69 432.095 72.596c9.997-9.997 26.207-9.997 36.204 0l36.203 36.204c9.997 9.997 9.997 26.206 0 36.204l-294.4 294.401c-9.998 9.997-26.207 9.997-36.204-.001z\"><\/path><\/svg>\t\t\t\t\t\t<\/span>\n\t\t\t\t\t\t\t\t\t\t<span class=\"elementor-icon-list-text\">directional chute,<\/span>\n\t\t\t\t\t\t\t\t\t<\/li>\n\t\t\t\t\t\t\t\t<li class=\"elementor-icon-list-item\">\n\t\t\t\t\t\t\t\t\t\t\t<span class=\"elementor-icon-list-icon\">\n\t\t\t\t\t\t\t<svg aria-hidden=\"true\" class=\"e-font-icon-svg e-fas-check\" viewbox=\"0 0 512 512\" xmlns=\"http:\/\/www.w3.org\/2000\/svg\"><path d=\"M173.898 439.404l-166.4-166.4c-9.997-9.997-9.997-26.206 0-36.204l36.203-36.204c9.997-9.998 26.207-9.998 36.204 0L192 312.69 432.095 72.596c9.997-9.997 26.207-9.997 36.204 0l36.203 36.204c9.997 9.997 9.997 26.206 0 36.204l-294.4 294.401c-9.998 9.997-26.207 9.997-36.204-.001z\"><\/path><\/svg>\t\t\t\t\t\t<\/span>\n\t\t\t\t\t\t\t\t\t\t<span class=\"elementor-icon-list-text\">packaging system (with scale),<\/span>\n\t\t\t\t\t\t\t\t\t<\/li>\n\t\t\t\t\t\t\t\t<li class=\"elementor-icon-list-item\">\n\t\t\t\t\t\t\t\t\t\t\t<span class=\"elementor-icon-list-icon\">\n\t\t\t\t\t\t\t<svg aria-hidden=\"true\" class=\"e-font-icon-svg e-fas-check\" viewbox=\"0 0 512 512\" xmlns=\"http:\/\/www.w3.org\/2000\/svg\"><path d=\"M173.898 439.404l-166.4-166.4c-9.997-9.997-9.997-26.206 0-36.204l36.203-36.204c9.997-9.998 26.207-9.998 36.204 0L192 312.69 432.095 72.596c9.997-9.997 26.207-9.997 36.204 0l36.203 36.204c9.997 9.997 9.997 26.206 0 36.204l-294.4 294.401c-9.998 9.997-26.207 9.997-36.204-.001z\"><\/path><\/svg>\t\t\t\t\t\t<\/span>\n\t\t\t\t\t\t\t\t\t\t<span class=\"elementor-icon-list-text\">device frame.<\/span>\n\t\t\t\t\t\t\t\t\t<\/li>\n\t\t\t\t\t\t<\/ul>\n\t\t\t\t<\/div>\n\t\t\t\t<\/div>\n\t\t\t\t\t<\/div>\r\n\t\t\t\t<\/div>\r\n\t\t            <\/div>\r\n        <\/div>\r\n        \t\t\t<\/div>\r\n\t\t<\/section>\r\n\t\t        <section class=\"elementor-section elementor-top-section elementor-element elementor-element-eeafa1b elementor-section-boxed elementor-section-height-default elementor-section-height-default\" data-id=\"eeafa1b\" data-element_type=\"section\">\r\n\t\t        <div class=\"elementor-container elementor-column-gap-default\" >\r\n\t\t        <div class=\"elementor-column elementor-col-100 elementor-top-column elementor-element elementor-element-c8eb081 elementor-invisible\" data-id=\"c8eb081\" data-element_type=\"column\" data-settings=\"{&quot;background_background&quot;:&quot;classic&quot;,&quot;animation&quot;:&quot;fadeInLeft&quot;}\">\r\n            <div class=\"elementor-widget-wrap elementor-element-populated\">\r\n                \t\t<div class=\"elementor-element elementor-element-961d34e elementor-widget elementor-widget-cms_galleries\" data-id=\"961d34e\" data-element_type=\"widget\" data-widget_type=\"cms_galleries.default\">\n\t\t\t\t<div class=\"elementor-widget-container\">\n\t\t\t\n<div class=\"cms-galleries-wrap clearfix\" data-show=\"5\" data-loadmore=\"5\">\n    <div class=\"row cms-images-light-box d-flex justify-content-center\" style=\"margin: -20px;\">\n                    <div class=\"cms-gallery-item cms-overlay-wrap cms-overlay-zoom-in col-sm-6 col-lg-3\" style=\"padding: 20px;\">\n                <div class=\"grid-item-inner overflow-hidden relative d-flex align-items-center justify-content-center\">\n                    <span class=\"hover-effect cms-over\"><img src='https:\/\/kart.com.pl\/wp-content\/uploads\/2024\/07\/produkcja_garnulatu-1-570x380.webp' class='cms-transition' \/><\/span>\n                    <div class=\"gallery-item-content absolute cms-transition\">\n                        <a data-elementor-lightbox-slideshow=\"961d34e\" class=\"cms-galleries-light-box cms-overlay-content d-flex align-items-center justify-content-center text-white text-hover-white text-center p-8 radius-100\" href=\"https:\/\/kart.com.pl\/wp-content\/uploads\/2024\/07\/produkcja_garnulatu-1.webp\" title=\"\">\n                            <div><span class=\"cms-gal-popup-icon cmsi-plus text-heading bg-white p-35 radius-100 d-inline-block\"><\/span>\n                            <div class=\"cms-image-caption empty-none w-100\"><\/div><\/div>\n                        <\/a>\n                    <\/div>\n                <\/div>\n            <\/div>\n                    <div class=\"cms-gallery-item cms-overlay-wrap cms-overlay-zoom-in col-sm-6 col-lg-3\" style=\"padding: 20px;\">\n                <div class=\"grid-item-inner overflow-hidden relative d-flex align-items-center justify-content-center\">\n                    <span class=\"hover-effect cms-over\"><img src='https:\/\/kart.com.pl\/wp-content\/uploads\/2024\/07\/produkcja_garnulatu-2-570x380.webp' class='cms-transition' \/><\/span>\n                    <div class=\"gallery-item-content absolute cms-transition\">\n                        <a data-elementor-lightbox-slideshow=\"961d34e\" class=\"cms-galleries-light-box cms-overlay-content d-flex align-items-center justify-content-center text-white text-hover-white text-center p-8 radius-100\" href=\"https:\/\/kart.com.pl\/wp-content\/uploads\/2024\/07\/produkcja_garnulatu-2.webp\" title=\"\">\n                            <div><span class=\"cms-gal-popup-icon cmsi-plus text-heading bg-white p-35 radius-100 d-inline-block\"><\/span>\n                            <div class=\"cms-image-caption empty-none w-100\"><\/div><\/div>\n                        <\/a>\n                    <\/div>\n                <\/div>\n            <\/div>\n                    <div class=\"cms-gallery-item cms-overlay-wrap cms-overlay-zoom-in col-sm-6 col-lg-3\" style=\"padding: 20px;\">\n                <div class=\"grid-item-inner overflow-hidden relative d-flex align-items-center justify-content-center\">\n                    <span class=\"hover-effect cms-over\"><img src='https:\/\/kart.com.pl\/wp-content\/uploads\/2024\/07\/produkcja_garnulatu-3-570x380.webp' class='cms-transition' \/><\/span>\n                    <div class=\"gallery-item-content absolute cms-transition\">\n                        <a data-elementor-lightbox-slideshow=\"961d34e\" class=\"cms-galleries-light-box cms-overlay-content d-flex align-items-center justify-content-center text-white text-hover-white text-center p-8 radius-100\" href=\"https:\/\/kart.com.pl\/wp-content\/uploads\/2024\/07\/produkcja_garnulatu-3.webp\" title=\"\">\n                            <div><span class=\"cms-gal-popup-icon cmsi-plus text-heading bg-white p-35 radius-100 d-inline-block\"><\/span>\n                            <div class=\"cms-image-caption empty-none w-100\"><\/div><\/div>\n                        <\/a>\n                    <\/div>\n                <\/div>\n            <\/div>\n                    <div class=\"cms-gallery-item cms-overlay-wrap cms-overlay-zoom-in col-sm-6 col-lg-3\" style=\"padding: 20px;\">\n                <div class=\"grid-item-inner overflow-hidden relative d-flex align-items-center justify-content-center\">\n                    <span class=\"hover-effect cms-over\"><img src='https:\/\/kart.com.pl\/wp-content\/uploads\/2024\/07\/produkcja_garnulatu-4-570x380.webp' class='cms-transition' \/><\/span>\n                    <div class=\"gallery-item-content absolute cms-transition\">\n                        <a data-elementor-lightbox-slideshow=\"961d34e\" class=\"cms-galleries-light-box cms-overlay-content d-flex align-items-center justify-content-center text-white text-hover-white text-center p-8 radius-100\" href=\"https:\/\/kart.com.pl\/wp-content\/uploads\/2024\/07\/produkcja_garnulatu-4.webp\" title=\"\">\n                            <div><span class=\"cms-gal-popup-icon cmsi-plus text-heading bg-white p-35 radius-100 d-inline-block\"><\/span>\n                            <div class=\"cms-image-caption empty-none w-100\"><\/div><\/div>\n                        <\/a>\n                    <\/div>\n                <\/div>\n            <\/div>\n                    <div class=\"cms-gallery-item cms-overlay-wrap cms-overlay-zoom-in col-sm-6 col-lg-3\" style=\"padding: 20px;\">\n                <div class=\"grid-item-inner overflow-hidden relative d-flex align-items-center justify-content-center\">\n                    <span class=\"hover-effect cms-over\"><img src='https:\/\/kart.com.pl\/wp-content\/uploads\/2024\/07\/produkcja_garnulatu-5-563x380.webp' class='cms-transition' \/><\/span>\n                    <div class=\"gallery-item-content absolute cms-transition\">\n                        <a data-elementor-lightbox-slideshow=\"961d34e\" class=\"cms-galleries-light-box cms-overlay-content d-flex align-items-center justify-content-center text-white text-hover-white text-center p-8 radius-100\" href=\"https:\/\/kart.com.pl\/wp-content\/uploads\/2024\/07\/produkcja_garnulatu-5.webp\" title=\"\">\n                            <div><span class=\"cms-gal-popup-icon cmsi-plus text-heading bg-white p-35 radius-100 d-inline-block\"><\/span>\n                            <div class=\"cms-image-caption empty-none w-100\"><\/div><\/div>\n                        <\/a>\n                    <\/div>\n                <\/div>\n            <\/div>\n            <\/div>\n    <\/div>\t\t<\/div>\n\t\t\t\t<\/div>\n\t\t            <\/div>\r\n        <\/div>\r\n        \t\t\t<\/div>\r\n\t\t<\/section>\r\n\t\t\t\t<\/div>","protected":false},"excerpt":{"rendered":"<p>Linia do produkcji granulatu Cu Home Linia do produkcji granulatu Cu zosta\u0142a w ca\u0142o\u015bci zaprojektowana i wykonana przez KarT sp. z o.o. Jej zadaniem jest ci\u0119cie drutu miedzianego na granulat o r\u00f3\u017cnych d\u0142ugo\u015bciach w zakresie 10-100mm. W fazie ko\u0144cowej maszyna wa\u017cy otrzymywany produkt. Linia sk\u0142ada si\u0119 z nast\u0119puj\u0105cych modu\u0142\u00f3w: odwijak drutu \u2013 2 szt., podajnik [&hellip;]<\/p>","protected":false},"author":1,"featured_media":0,"parent":12209,"menu_order":0,"comment_status":"closed","ping_status":"closed","template":"","meta":{"footnotes":""},"page-tag":[],"class_list":["post-13371","page","type-page","status-publish","hentry"],"yoast_head":"<!-- This site is optimized with the Yoast SEO plugin v23.1 - https:\/\/yoast.com\/wordpress\/plugins\/seo\/ -->\n<title>Linia do produkcji granulatu Cu - Kart<\/title>\n<meta name=\"robots\" content=\"index, follow, max-snippet:-1, max-image-preview:large, max-video-preview:-1\" \/>\n<link rel=\"canonical\" href=\"https:\/\/kart.com.pl\/en\/linie-produkcyjne\/linia-do-produkcji-granulatu-cu\/\" \/>\n<meta property=\"og:locale\" content=\"en_GB\" \/>\n<meta property=\"og:type\" content=\"article\" \/>\n<meta property=\"og:title\" content=\"Linia do produkcji granulatu Cu - Kart\" \/>\n<meta property=\"og:description\" content=\"Linia do produkcji granulatu Cu Home Linia do produkcji granulatu Cu zosta\u0142a w ca\u0142o\u015bci zaprojektowana i wykonana przez KarT sp. z o.o. Jej zadaniem jest ci\u0119cie drutu miedzianego na granulat o r\u00f3\u017cnych d\u0142ugo\u015bciach w zakresie 10-100mm. W fazie ko\u0144cowej maszyna wa\u017cy otrzymywany produkt. Linia sk\u0142ada si\u0119 z nast\u0119puj\u0105cych modu\u0142\u00f3w: odwijak drutu \u2013 2 szt., podajnik [&hellip;]\" \/>\n<meta property=\"og:url\" content=\"https:\/\/kart.com.pl\/en\/linie-produkcyjne\/linia-do-produkcji-granulatu-cu\/\" \/>\n<meta property=\"og:site_name\" content=\"Kart\" \/>\n<meta property=\"article:modified_time\" content=\"2024-08-28T08:13:26+00:00\" \/>\n<meta property=\"og:image\" content=\"http:\/\/kart.com.pl\/wp-content\/uploads\/2024\/07\/produkcja_garnulatu-1-840x562.webp\" \/>\n<meta name=\"twitter:card\" content=\"summary_large_image\" \/>\n<meta name=\"twitter:label1\" content=\"Estimated reading time\" \/>\n\t<meta name=\"twitter:data1\" content=\"2 minutes\" \/>\n<script type=\"application\/ld+json\" class=\"yoast-schema-graph\">{\"@context\":\"https:\/\/schema.org\",\"@graph\":[{\"@type\":\"WebPage\",\"@id\":\"https:\/\/kart.com.pl\/linie-produkcyjne\/linia-do-produkcji-granulatu-cu\/\",\"url\":\"https:\/\/kart.com.pl\/linie-produkcyjne\/linia-do-produkcji-granulatu-cu\/\",\"name\":\"Linia do produkcji granulatu Cu - Kart\",\"isPartOf\":{\"@id\":\"https:\/\/kart.com.pl\/#website\"},\"primaryImageOfPage\":{\"@id\":\"https:\/\/kart.com.pl\/linie-produkcyjne\/linia-do-produkcji-granulatu-cu\/#primaryimage\"},\"image\":{\"@id\":\"https:\/\/kart.com.pl\/linie-produkcyjne\/linia-do-produkcji-granulatu-cu\/#primaryimage\"},\"thumbnailUrl\":\"http:\/\/kart.com.pl\/wp-content\/uploads\/2024\/07\/produkcja_garnulatu-1-840x562.webp\",\"datePublished\":\"2024-07-29T09:08:53+00:00\",\"dateModified\":\"2024-08-28T08:13:26+00:00\",\"breadcrumb\":{\"@id\":\"https:\/\/kart.com.pl\/linie-produkcyjne\/linia-do-produkcji-granulatu-cu\/#breadcrumb\"},\"inLanguage\":\"en-GB\",\"potentialAction\":[{\"@type\":\"ReadAction\",\"target\":[\"https:\/\/kart.com.pl\/linie-produkcyjne\/linia-do-produkcji-granulatu-cu\/\"]}]},{\"@type\":\"ImageObject\",\"inLanguage\":\"en-GB\",\"@id\":\"https:\/\/kart.com.pl\/linie-produkcyjne\/linia-do-produkcji-granulatu-cu\/#primaryimage\",\"url\":\"http:\/\/kart.com.pl\/wp-content\/uploads\/2024\/07\/produkcja_garnulatu-1-840x562.webp\",\"contentUrl\":\"http:\/\/kart.com.pl\/wp-content\/uploads\/2024\/07\/produkcja_garnulatu-1-840x562.webp\"},{\"@type\":\"BreadcrumbList\",\"@id\":\"https:\/\/kart.com.pl\/linie-produkcyjne\/linia-do-produkcji-granulatu-cu\/#breadcrumb\",\"itemListElement\":[{\"@type\":\"ListItem\",\"position\":1,\"name\":\"Strona g\u0142\u00f3wna\",\"item\":\"https:\/\/kart.com.pl\/\"},{\"@type\":\"ListItem\",\"position\":2,\"name\":\"Linie produkcyjne\",\"item\":\"https:\/\/kart.com.pl\/linie-produkcyjne\/\"},{\"@type\":\"ListItem\",\"position\":3,\"name\":\"Linia do produkcji granulatu Cu\"}]},{\"@type\":\"WebSite\",\"@id\":\"https:\/\/kart.com.pl\/#website\",\"url\":\"https:\/\/kart.com.pl\/\",\"name\":\"Kart\",\"description\":\"\",\"potentialAction\":[{\"@type\":\"SearchAction\",\"target\":{\"@type\":\"EntryPoint\",\"urlTemplate\":\"https:\/\/kart.com.pl\/?s={search_term_string}\"},\"query-input\":\"required name=search_term_string\"}],\"inLanguage\":\"en-GB\"}]}<\/script>\n<!-- \/ Yoast SEO plugin. -->","yoast_head_json":{"title":"Linia do produkcji granulatu Cu - Kart","robots":{"index":"index","follow":"follow","max-snippet":"max-snippet:-1","max-image-preview":"max-image-preview:large","max-video-preview":"max-video-preview:-1"},"canonical":"https:\/\/kart.com.pl\/en\/linie-produkcyjne\/linia-do-produkcji-granulatu-cu\/","og_locale":"en_GB","og_type":"article","og_title":"Linia do produkcji granulatu Cu - Kart","og_description":"Linia do produkcji granulatu Cu Home Linia do produkcji granulatu Cu zosta\u0142a w ca\u0142o\u015bci zaprojektowana i wykonana przez KarT sp. z o.o. Jej zadaniem jest ci\u0119cie drutu miedzianego na granulat o r\u00f3\u017cnych d\u0142ugo\u015bciach w zakresie 10-100mm. W fazie ko\u0144cowej maszyna wa\u017cy otrzymywany produkt. Linia sk\u0142ada si\u0119 z nast\u0119puj\u0105cych modu\u0142\u00f3w: odwijak drutu \u2013 2 szt., podajnik [&hellip;]","og_url":"https:\/\/kart.com.pl\/en\/linie-produkcyjne\/linia-do-produkcji-granulatu-cu\/","og_site_name":"Kart","article_modified_time":"2024-08-28T08:13:26+00:00","og_image":[{"url":"http:\/\/kart.com.pl\/wp-content\/uploads\/2024\/07\/produkcja_garnulatu-1-840x562.webp"}],"twitter_card":"summary_large_image","twitter_misc":{"Estimated reading time":"2 minutes"},"schema":{"@context":"https:\/\/schema.org","@graph":[{"@type":"WebPage","@id":"https:\/\/kart.com.pl\/linie-produkcyjne\/linia-do-produkcji-granulatu-cu\/","url":"https:\/\/kart.com.pl\/linie-produkcyjne\/linia-do-produkcji-granulatu-cu\/","name":"Linia do produkcji granulatu Cu - Kart","isPartOf":{"@id":"https:\/\/kart.com.pl\/#website"},"primaryImageOfPage":{"@id":"https:\/\/kart.com.pl\/linie-produkcyjne\/linia-do-produkcji-granulatu-cu\/#primaryimage"},"image":{"@id":"https:\/\/kart.com.pl\/linie-produkcyjne\/linia-do-produkcji-granulatu-cu\/#primaryimage"},"thumbnailUrl":"http:\/\/kart.com.pl\/wp-content\/uploads\/2024\/07\/produkcja_garnulatu-1-840x562.webp","datePublished":"2024-07-29T09:08:53+00:00","dateModified":"2024-08-28T08:13:26+00:00","breadcrumb":{"@id":"https:\/\/kart.com.pl\/linie-produkcyjne\/linia-do-produkcji-granulatu-cu\/#breadcrumb"},"inLanguage":"en-GB","potentialAction":[{"@type":"ReadAction","target":["https:\/\/kart.com.pl\/linie-produkcyjne\/linia-do-produkcji-granulatu-cu\/"]}]},{"@type":"ImageObject","inLanguage":"en-GB","@id":"https:\/\/kart.com.pl\/linie-produkcyjne\/linia-do-produkcji-granulatu-cu\/#primaryimage","url":"http:\/\/kart.com.pl\/wp-content\/uploads\/2024\/07\/produkcja_garnulatu-1-840x562.webp","contentUrl":"http:\/\/kart.com.pl\/wp-content\/uploads\/2024\/07\/produkcja_garnulatu-1-840x562.webp"},{"@type":"BreadcrumbList","@id":"https:\/\/kart.com.pl\/linie-produkcyjne\/linia-do-produkcji-granulatu-cu\/#breadcrumb","itemListElement":[{"@type":"ListItem","position":1,"name":"Strona g\u0142\u00f3wna","item":"https:\/\/kart.com.pl\/"},{"@type":"ListItem","position":2,"name":"Linie produkcyjne","item":"https:\/\/kart.com.pl\/linie-produkcyjne\/"},{"@type":"ListItem","position":3,"name":"Linia do produkcji granulatu Cu"}]},{"@type":"WebSite","@id":"https:\/\/kart.com.pl\/#website","url":"https:\/\/kart.com.pl\/","name":"Kart","description":"","potentialAction":[{"@type":"SearchAction","target":{"@type":"EntryPoint","urlTemplate":"https:\/\/kart.com.pl\/?s={search_term_string}"},"query-input":"required name=search_term_string"}],"inLanguage":"en-GB"}]}},"_links":{"self":[{"href":"https:\/\/kart.com.pl\/en\/wp-json\/wp\/v2\/pages\/13371"}],"collection":[{"href":"https:\/\/kart.com.pl\/en\/wp-json\/wp\/v2\/pages"}],"about":[{"href":"https:\/\/kart.com.pl\/en\/wp-json\/wp\/v2\/types\/page"}],"author":[{"embeddable":true,"href":"https:\/\/kart.com.pl\/en\/wp-json\/wp\/v2\/users\/1"}],"replies":[{"embeddable":true,"href":"https:\/\/kart.com.pl\/en\/wp-json\/wp\/v2\/comments?post=13371"}],"version-history":[{"count":0,"href":"https:\/\/kart.com.pl\/en\/wp-json\/wp\/v2\/pages\/13371\/revisions"}],"up":[{"embeddable":true,"href":"https:\/\/kart.com.pl\/en\/wp-json\/wp\/v2\/pages\/12209"}],"wp:attachment":[{"href":"https:\/\/kart.com.pl\/en\/wp-json\/wp\/v2\/media?parent=13371"}],"wp:term":[{"taxonomy":"page-tag","embeddable":true,"href":"https:\/\/kart.com.pl\/en\/wp-json\/wp\/v2\/page-tag?post=13371"}],"curies":[{"name":"wp","href":"https:\/\/api.w.org\/{rel}","templated":true}]}}