{"id":13491,"date":"2024-07-30T04:51:43","date_gmt":"2024-07-30T04:51:43","guid":{"rendered":"http:\/\/kart.com.pl\/?page_id=13491"},"modified":"2024-08-28T11:25:36","modified_gmt":"2024-08-28T11:25:36","slug":"automat-do-montazu-lozysk","status":"publish","type":"page","link":"https:\/\/kart.com.pl\/en\/maszyny-i-urzadzenia-technologiczne\/automat-do-montazu-lozysk\/","title":{"rendered":"A bearing assembly machine"},"content":{"rendered":"<div data-elementor-type=\"wp-page\" data-elementor-id=\"13491\" class=\"elementor elementor-13491\">\n\t\t\t\t        <section class=\"elementor-section elementor-top-section elementor-element elementor-element-3cd6791d elementor-section-full_width elementor-section-height-default elementor-section-height-default cms-full-content-with-space-none\" data-id=\"3cd6791d\" data-element_type=\"section\">\r\n\t\t        <div class=\"elementor-container elementor-column-gap-no\" >\r\n\t\t        <div class=\"elementor-column elementor-col-100 elementor-top-column elementor-element elementor-element-5816747a\" data-id=\"5816747a\" data-element_type=\"column\">\r\n            <div class=\"elementor-widget-wrap elementor-element-populated\">\r\n                \t\t<div class=\"elementor-element elementor-element-75ecfd2c naszbanner elementor-widget elementor-widget-cms_page_title\" data-id=\"75ecfd2c\" data-element_type=\"widget\" data-widget_type=\"cms_page_title.default\">\n\t\t\t\t<div class=\"elementor-widget-container\">\n\t\t\t<div class=\"cms-page-title-wrap cms-page-title-layout1 w-ptt-pt pb-32 header-transparent\" style=\"background-image:url(http:\/\/kart.com.pl\/wp-content\/uploads\/2024\/08\/automat-do-montazu-lozysk.webp);background-size: cover;\">\n\t<input type='hidden' name='top_space' id='w-ptt-top-space' value='90' \/>\n\t<div class=\"cms-page-title-top-space\"><\/div>\n\t<div class=\"cms-page-title-top-last\"><\/div>\n\t<div class=\"container\">\n\t\t<div class=\"cms-page-title-content-align\">\n\t\t\t<div class=\"cms-page-title-content\">\n\t\t\t\t<h1 class=\"cms-page-title-title text-white\">\n\t\t\t\t\t<span >A bearing assembly machine<\/span>\n\t\t\t\t<\/h1>\n\t\t\t\t\t\t\t\t\t\t\t<\/div>\n\t\t<\/div>\n\t\t\t\t<div class=\"cms-breadcrumb-wrap cms-page-title-breadcrumb text-white mt-95\">\n\t\t\t<ul class=\"cms-breadcrumb d-flex justify-content-start\"><li><span class=\"breadcrumb-entry\">Home<\/span><\/li><\/ul>\t\t<\/div>\n\t\t    <\/div>\n<\/div>\t\t<\/div>\n\t\t\t\t<\/div>\n\t\t            <\/div>\r\n        <\/div>\r\n        \t\t\t<\/div>\r\n\t\t<\/section>\r\n\t\t        <section class=\"elementor-section elementor-top-section elementor-element elementor-element-a6bf94c pt-120 pt-tablet-20pb-120 pb-tablet-extra-30bg-pos-c-15bg-pos-tablet-landscape-c-5 elementor-section-boxed elementor-section-height-default elementor-section-height-default elementor-invisible\" data-id=\"a6bf94c\" data-element_type=\"section\" data-settings=\"{&quot;animation&quot;:&quot;fadeInUp&quot;,&quot;background_background&quot;:&quot;classic&quot;}\">\r\n\t\t            <div class=\"elementor-background-overlay\"><\/div>\r\n\t\t        <div class=\"elementor-container elementor-column-gap-default\" >\r\n\t\t        <div class=\"elementor-column elementor-col-50 elementor-top-column elementor-element elementor-element-b8c106f pb-mobile-0 sticky sticky-tablet-landscape-none h-100 elementor-invisible\" data-id=\"b8c106f\" data-element_type=\"column\" data-settings=\"{&quot;animation&quot;:&quot;fadeInLeft&quot;}\">\r\n            <div class=\"elementor-widget-wrap elementor-element-populated\">\r\n                \t\t<div class=\"elementor-element elementor-element-f3e3884 elementor-widget elementor-widget-image\" data-id=\"f3e3884\" data-element_type=\"widget\" data-widget_type=\"image.default\">\n\t\t\t\t<div class=\"elementor-widget-container\">\n\t\t\t<style>\/*! elementor - v3.23.0 - 25-07-2024 *\/\n.elementor-widget-image{text-align:center}.elementor-widget-image a{display:inline-block}.elementor-widget-image a img[src$=\".svg\"]{width:48px}.elementor-widget-image img{vertical-align:middle;display:inline-block}<\/style>\t\t\t\t\t\t\t\t\t\t<img fetchpriority=\"high\" decoding=\"async\" width=\"840\" height=\"562\" src=\"https:\/\/kart.com.pl\/wp-content\/uploads\/2024\/07\/montaz_lozysk-4-840x562.jpg\" class=\"attachment-large size-large wp-image-13499\" alt=\"\" srcset=\"https:\/\/kart.com.pl\/wp-content\/uploads\/2024\/07\/montaz_lozysk-4-840x562.jpg 840w, https:\/\/kart.com.pl\/wp-content\/uploads\/2024\/07\/montaz_lozysk-4-570x380.jpg 570w\" sizes=\"(max-width: 840px) 100vw, 840px\" \/>\t\t\t\t\t\t\t\t\t\t\t\t\t<\/div>\n\t\t\t\t<\/div>\n\t\t            <\/div>\r\n        <\/div>\r\n                <div class=\"elementor-column elementor-col-50 elementor-top-column elementor-element elementor-element-dc3bd1f pt-24 elementor-invisible\" data-id=\"dc3bd1f\" data-element_type=\"column\" data-settings=\"{&quot;animation&quot;:&quot;fadeInRight&quot;}\">\r\n            <div class=\"elementor-widget-wrap elementor-element-populated\">\r\n                \t\t<div class=\"elementor-element elementor-element-19ddc8b elementor-widget elementor-widget-cms_heading\" data-id=\"19ddc8b\" data-element_type=\"widget\" data-widget_type=\"cms_heading.default\">\n\t\t\t\t<div class=\"elementor-widget-container\">\n\t\t\t<div class=\"cms-heading-wrap cms-heading-layout1 cms-heading-style1 text-\">\n    <div class=\"cms-heading-container\">\n\t\t\t\t\t<div class=\"cms-subheading text-primary font-700\">The machine is intended for the assembly of ball bearings.<\/div>\n\t\t\n\t\t\n\t\t\t\t\t<div class=\"cms-heading-description\"><p>1. The machine is equipped with three vibratory feeders.<br \/>\n2.\tTotal length \u2013 1,70m.<br \/>\n3. Total width \u2013 1,25m.<br \/>\n4.\tTotal height (without mast) \u2013  2,17m.<br \/>\n5. The hydraulic cylinder pressure is approximately 5000 kg.<br \/>\n6. The linear speed of the ram is approximately 38 mm\/s.<br \/>\n7. Cycle time - about 15s<br \/>\n8. The ambient temperature in which the machine can operate: 15-30\u00b0C.<br \/>\n9. Pneumatic power supply: 5.5-6 bar (maximum working pressure in the system is 10 bar).<br \/>\n10. Electrical power supply: 3x400V AC +\/-10% 50Hz ~15A.<br \/>\n11. Weight - about 900kg<br \/>\nThe noise level emitted does not exceed 80 dB.<\/p>\n<\/div>\n\t\t\t<\/div>\n<\/div>\t\t<\/div>\n\t\t\t\t<\/div>\n\t\t            <\/div>\r\n        <\/div>\r\n        \t\t\t<\/div>\r\n\t\t<\/section>\r\n\t\t        <section class=\"elementor-section elementor-top-section elementor-element elementor-element-eeafa1b elementor-section-boxed elementor-section-height-default elementor-section-height-default\" data-id=\"eeafa1b\" data-element_type=\"section\">\r\n\t\t        <div class=\"elementor-container elementor-column-gap-default\" >\r\n\t\t        <div class=\"elementor-column elementor-col-100 elementor-top-column elementor-element elementor-element-c8eb081 elementor-invisible\" data-id=\"c8eb081\" data-element_type=\"column\" data-settings=\"{&quot;background_background&quot;:&quot;classic&quot;,&quot;animation&quot;:&quot;fadeInLeft&quot;}\">\r\n            <div class=\"elementor-widget-wrap elementor-element-populated\">\r\n                \t\t<div class=\"elementor-element elementor-element-961d34e elementor-widget elementor-widget-cms_galleries\" data-id=\"961d34e\" data-element_type=\"widget\" data-widget_type=\"cms_galleries.default\">\n\t\t\t\t<div class=\"elementor-widget-container\">\n\t\t\t\n<div class=\"cms-galleries-wrap clearfix\" data-show=\"6\" data-loadmore=\"6\">\n    <div class=\"row cms-images-light-box d-flex justify-content-center\" style=\"margin: -20px;\">\n                    <div class=\"cms-gallery-item cms-overlay-wrap cms-overlay-zoom-in col-sm-6 col-lg-4\" style=\"padding: 20px;\">\n                <div class=\"grid-item-inner overflow-hidden relative d-flex align-items-center justify-content-center\">\n                    <span class=\"hover-effect cms-over\"><img src='https:\/\/kart.com.pl\/wp-content\/uploads\/2024\/07\/montaz_lozysk-1-570x380.jpg' class='cms-transition' \/><\/span>\n                    <div class=\"gallery-item-content absolute cms-transition\">\n                        <a data-elementor-lightbox-slideshow=\"961d34e\" class=\"cms-galleries-light-box cms-overlay-content d-flex align-items-center justify-content-center text-white text-hover-white text-center p-8 radius-100\" href=\"https:\/\/kart.com.pl\/wp-content\/uploads\/2024\/07\/montaz_lozysk-1.jpg\" title=\"\">\n                            <div><span class=\"cms-gal-popup-icon cmsi-plus text-heading bg-white p-35 radius-100 d-inline-block\"><\/span>\n                            <div class=\"cms-image-caption empty-none w-100\"><\/div><\/div>\n                        <\/a>\n                    <\/div>\n                <\/div>\n            <\/div>\n                    <div class=\"cms-gallery-item cms-overlay-wrap cms-overlay-zoom-in col-sm-6 col-lg-4\" style=\"padding: 20px;\">\n                <div class=\"grid-item-inner overflow-hidden relative d-flex align-items-center justify-content-center\">\n                    <span class=\"hover-effect cms-over\"><img src='https:\/\/kart.com.pl\/wp-content\/uploads\/2024\/07\/montaz_lozysk-3-570x380.jpg' class='cms-transition' \/><\/span>\n                    <div class=\"gallery-item-content absolute cms-transition\">\n                        <a data-elementor-lightbox-slideshow=\"961d34e\" class=\"cms-galleries-light-box cms-overlay-content d-flex align-items-center justify-content-center text-white text-hover-white text-center p-8 radius-100\" href=\"https:\/\/kart.com.pl\/wp-content\/uploads\/2024\/07\/montaz_lozysk-3.jpg\" title=\"\">\n                            <div><span class=\"cms-gal-popup-icon cmsi-plus text-heading bg-white p-35 radius-100 d-inline-block\"><\/span>\n                            <div class=\"cms-image-caption empty-none w-100\"><\/div><\/div>\n                        <\/a>\n                    <\/div>\n                <\/div>\n            <\/div>\n                    <div class=\"cms-gallery-item cms-overlay-wrap cms-overlay-zoom-in col-sm-6 col-lg-4\" style=\"padding: 20px;\">\n                <div class=\"grid-item-inner overflow-hidden relative d-flex align-items-center justify-content-center\">\n                    <span class=\"hover-effect cms-over\"><img src='https:\/\/kart.com.pl\/wp-content\/uploads\/2024\/07\/montaz_lozysk-2-570x380.jpg' class='cms-transition' \/><\/span>\n                    <div class=\"gallery-item-content absolute cms-transition\">\n                        <a data-elementor-lightbox-slideshow=\"961d34e\" class=\"cms-galleries-light-box cms-overlay-content d-flex align-items-center justify-content-center text-white text-hover-white text-center p-8 radius-100\" href=\"https:\/\/kart.com.pl\/wp-content\/uploads\/2024\/07\/montaz_lozysk-2.jpg\" title=\"\">\n                            <div><span class=\"cms-gal-popup-icon cmsi-plus text-heading bg-white p-35 radius-100 d-inline-block\"><\/span>\n                            <div class=\"cms-image-caption empty-none w-100\"><\/div><\/div>\n                        <\/a>\n                    <\/div>\n                <\/div>\n            <\/div>\n                    <div class=\"cms-gallery-item cms-overlay-wrap cms-overlay-zoom-in col-sm-6 col-lg-4\" style=\"padding: 20px;\">\n                <div class=\"grid-item-inner overflow-hidden relative d-flex align-items-center justify-content-center\">\n                    <span class=\"hover-effect cms-over\"><img src='https:\/\/kart.com.pl\/wp-content\/uploads\/2024\/07\/montaz_lozysk-5-570x380.jpg' class='cms-transition' \/><\/span>\n                    <div class=\"gallery-item-content absolute cms-transition\">\n                        <a data-elementor-lightbox-slideshow=\"961d34e\" class=\"cms-galleries-light-box cms-overlay-content d-flex align-items-center justify-content-center text-white text-hover-white text-center p-8 radius-100\" href=\"https:\/\/kart.com.pl\/wp-content\/uploads\/2024\/07\/montaz_lozysk-5.jpg\" title=\"\">\n                            <div><span class=\"cms-gal-popup-icon cmsi-plus text-heading bg-white p-35 radius-100 d-inline-block\"><\/span>\n                            <div class=\"cms-image-caption empty-none w-100\"><\/div><\/div>\n                        <\/a>\n                    <\/div>\n                <\/div>\n            <\/div>\n                    <div class=\"cms-gallery-item cms-overlay-wrap cms-overlay-zoom-in col-sm-6 col-lg-4\" style=\"padding: 20px;\">\n                <div class=\"grid-item-inner overflow-hidden relative d-flex align-items-center justify-content-center\">\n                    <span class=\"hover-effect cms-over\"><img src='https:\/\/kart.com.pl\/wp-content\/uploads\/2024\/07\/montaz_lozysk-6-570x380.jpg' class='cms-transition' \/><\/span>\n                    <div class=\"gallery-item-content absolute cms-transition\">\n                        <a data-elementor-lightbox-slideshow=\"961d34e\" class=\"cms-galleries-light-box cms-overlay-content d-flex align-items-center justify-content-center text-white text-hover-white text-center p-8 radius-100\" href=\"https:\/\/kart.com.pl\/wp-content\/uploads\/2024\/07\/montaz_lozysk-6.jpg\" title=\"\">\n                            <div><span class=\"cms-gal-popup-icon cmsi-plus text-heading bg-white p-35 radius-100 d-inline-block\"><\/span>\n                            <div class=\"cms-image-caption empty-none w-100\"><\/div><\/div>\n                        <\/a>\n                    <\/div>\n                <\/div>\n            <\/div>\n                    <div class=\"cms-gallery-item cms-overlay-wrap cms-overlay-zoom-in col-sm-6 col-lg-4\" style=\"padding: 20px;\">\n                <div class=\"grid-item-inner overflow-hidden relative d-flex align-items-center justify-content-center\">\n                    <span class=\"hover-effect cms-over\"><img src='https:\/\/kart.com.pl\/wp-content\/uploads\/2024\/07\/montaz_lozysk-4-570x380.jpg' class='cms-transition' \/><\/span>\n                    <div class=\"gallery-item-content absolute cms-transition\">\n                        <a data-elementor-lightbox-slideshow=\"961d34e\" class=\"cms-galleries-light-box cms-overlay-content d-flex align-items-center justify-content-center text-white text-hover-white text-center p-8 radius-100\" href=\"https:\/\/kart.com.pl\/wp-content\/uploads\/2024\/07\/montaz_lozysk-4.jpg\" title=\"\">\n                            <div><span class=\"cms-gal-popup-icon cmsi-plus text-heading bg-white p-35 radius-100 d-inline-block\"><\/span>\n                            <div class=\"cms-image-caption empty-none w-100\"><\/div><\/div>\n                        <\/a>\n                    <\/div>\n                <\/div>\n            <\/div>\n            <\/div>\n    <\/div>\t\t<\/div>\n\t\t\t\t<\/div>\n\t\t            <\/div>\r\n        <\/div>\r\n        \t\t\t<\/div>\r\n\t\t<\/section>\r\n\t\t\t\t<\/div>","protected":false},"excerpt":{"rendered":"<p>Automat do monta\u017cu \u0142o\u017cysk Home Automat przeznaczony jest do monta\u017cu \u0142o\u017cysk kulkowych. 1. Automat zosta\u0142 wyposa\u017cony w trzy podajniki wibracyjne. 2. D\u0142ugo\u015b\u0107 ca\u0142kowita \u2013 1,70m. 3. Szeroko\u015b\u0107 ca\u0142kowita \u2013 1,25m. 4. Wysoko\u015b\u0107 ca\u0142kowita (bez masztu na przew\u00f3d zasil.) \u2013 2,17m. 5. Nacisk si\u0142ownika hydraulicznego ~5000kg. 6. Pr\u0119dko\u015b\u0107 liniowa stempla ~38mm\/s. 7. Czas cyklu ~15s. 8. [&hellip;]<\/p>","protected":false},"author":1,"featured_media":0,"parent":12219,"menu_order":0,"comment_status":"closed","ping_status":"closed","template":"","meta":{"footnotes":""},"page-tag":[],"class_list":["post-13491","page","type-page","status-publish","hentry"],"yoast_head":"<!-- This site is optimized with the Yoast SEO plugin v23.1 - https:\/\/yoast.com\/wordpress\/plugins\/seo\/ -->\n<title>Automat do monta\u017cu \u0142o\u017cysk - Kart<\/title>\n<meta name=\"robots\" content=\"index, follow, max-snippet:-1, max-image-preview:large, max-video-preview:-1\" \/>\n<link rel=\"canonical\" href=\"https:\/\/kart.com.pl\/en\/maszyny-i-urzadzenia-technologiczne\/automat-do-montazu-lozysk\/\" \/>\n<meta property=\"og:locale\" content=\"en_GB\" \/>\n<meta property=\"og:type\" content=\"article\" \/>\n<meta property=\"og:title\" content=\"Automat do monta\u017cu \u0142o\u017cysk - Kart\" \/>\n<meta property=\"og:description\" content=\"Automat do monta\u017cu \u0142o\u017cysk Home Automat przeznaczony jest do monta\u017cu \u0142o\u017cysk kulkowych. 1. Automat zosta\u0142 wyposa\u017cony w trzy podajniki wibracyjne. 2. D\u0142ugo\u015b\u0107 ca\u0142kowita \u2013 1,70m. 3. Szeroko\u015b\u0107 ca\u0142kowita \u2013 1,25m. 4. Wysoko\u015b\u0107 ca\u0142kowita (bez masztu na przew\u00f3d zasil.) \u2013 2,17m. 5. Nacisk si\u0142ownika hydraulicznego ~5000kg. 6. Pr\u0119dko\u015b\u0107 liniowa stempla ~38mm\/s. 7. Czas cyklu ~15s. 8. [&hellip;]\" \/>\n<meta property=\"og:url\" content=\"https:\/\/kart.com.pl\/en\/maszyny-i-urzadzenia-technologiczne\/automat-do-montazu-lozysk\/\" \/>\n<meta property=\"og:site_name\" content=\"Kart\" \/>\n<meta property=\"article:modified_time\" content=\"2024-08-28T11:25:36+00:00\" \/>\n<meta property=\"og:image\" content=\"http:\/\/kart.com.pl\/wp-content\/uploads\/2024\/07\/montaz_lozysk-4-840x562.jpg\" \/>\n<meta name=\"twitter:card\" content=\"summary_large_image\" \/>\n<meta name=\"twitter:label1\" content=\"Estimated reading time\" \/>\n\t<meta name=\"twitter:data1\" content=\"2 minutes\" \/>\n<script type=\"application\/ld+json\" class=\"yoast-schema-graph\">{\"@context\":\"https:\/\/schema.org\",\"@graph\":[{\"@type\":\"WebPage\",\"@id\":\"https:\/\/kart.com.pl\/maszyny-i-urzadzenia-technologiczne\/automat-do-montazu-lozysk\/\",\"url\":\"https:\/\/kart.com.pl\/maszyny-i-urzadzenia-technologiczne\/automat-do-montazu-lozysk\/\",\"name\":\"Automat do monta\u017cu \u0142o\u017cysk - Kart\",\"isPartOf\":{\"@id\":\"https:\/\/kart.com.pl\/#website\"},\"primaryImageOfPage\":{\"@id\":\"https:\/\/kart.com.pl\/maszyny-i-urzadzenia-technologiczne\/automat-do-montazu-lozysk\/#primaryimage\"},\"image\":{\"@id\":\"https:\/\/kart.com.pl\/maszyny-i-urzadzenia-technologiczne\/automat-do-montazu-lozysk\/#primaryimage\"},\"thumbnailUrl\":\"http:\/\/kart.com.pl\/wp-content\/uploads\/2024\/07\/montaz_lozysk-4-840x562.jpg\",\"datePublished\":\"2024-07-30T04:51:43+00:00\",\"dateModified\":\"2024-08-28T11:25:36+00:00\",\"breadcrumb\":{\"@id\":\"https:\/\/kart.com.pl\/maszyny-i-urzadzenia-technologiczne\/automat-do-montazu-lozysk\/#breadcrumb\"},\"inLanguage\":\"en-GB\",\"potentialAction\":[{\"@type\":\"ReadAction\",\"target\":[\"https:\/\/kart.com.pl\/maszyny-i-urzadzenia-technologiczne\/automat-do-montazu-lozysk\/\"]}]},{\"@type\":\"ImageObject\",\"inLanguage\":\"en-GB\",\"@id\":\"https:\/\/kart.com.pl\/maszyny-i-urzadzenia-technologiczne\/automat-do-montazu-lozysk\/#primaryimage\",\"url\":\"http:\/\/kart.com.pl\/wp-content\/uploads\/2024\/07\/montaz_lozysk-4-840x562.jpg\",\"contentUrl\":\"http:\/\/kart.com.pl\/wp-content\/uploads\/2024\/07\/montaz_lozysk-4-840x562.jpg\"},{\"@type\":\"BreadcrumbList\",\"@id\":\"https:\/\/kart.com.pl\/maszyny-i-urzadzenia-technologiczne\/automat-do-montazu-lozysk\/#breadcrumb\",\"itemListElement\":[{\"@type\":\"ListItem\",\"position\":1,\"name\":\"Strona g\u0142\u00f3wna\",\"item\":\"https:\/\/kart.com.pl\/\"},{\"@type\":\"ListItem\",\"position\":2,\"name\":\"Maszyny i urz\u0105dzenia technologiczne\",\"item\":\"https:\/\/kart.com.pl\/maszyny-i-urzadzenia-technologiczne\/\"},{\"@type\":\"ListItem\",\"position\":3,\"name\":\"Automat do monta\u017cu \u0142o\u017cysk\"}]},{\"@type\":\"WebSite\",\"@id\":\"https:\/\/kart.com.pl\/#website\",\"url\":\"https:\/\/kart.com.pl\/\",\"name\":\"Kart\",\"description\":\"\",\"potentialAction\":[{\"@type\":\"SearchAction\",\"target\":{\"@type\":\"EntryPoint\",\"urlTemplate\":\"https:\/\/kart.com.pl\/?s={search_term_string}\"},\"query-input\":\"required name=search_term_string\"}],\"inLanguage\":\"en-GB\"}]}<\/script>\n<!-- \/ Yoast SEO plugin. -->","yoast_head_json":{"title":"Automat do monta\u017cu \u0142o\u017cysk - Kart","robots":{"index":"index","follow":"follow","max-snippet":"max-snippet:-1","max-image-preview":"max-image-preview:large","max-video-preview":"max-video-preview:-1"},"canonical":"https:\/\/kart.com.pl\/en\/maszyny-i-urzadzenia-technologiczne\/automat-do-montazu-lozysk\/","og_locale":"en_GB","og_type":"article","og_title":"Automat do monta\u017cu \u0142o\u017cysk - Kart","og_description":"Automat do monta\u017cu \u0142o\u017cysk Home Automat przeznaczony jest do monta\u017cu \u0142o\u017cysk kulkowych. 1. Automat zosta\u0142 wyposa\u017cony w trzy podajniki wibracyjne. 2. D\u0142ugo\u015b\u0107 ca\u0142kowita \u2013 1,70m. 3. Szeroko\u015b\u0107 ca\u0142kowita \u2013 1,25m. 4. Wysoko\u015b\u0107 ca\u0142kowita (bez masztu na przew\u00f3d zasil.) \u2013 2,17m. 5. Nacisk si\u0142ownika hydraulicznego ~5000kg. 6. Pr\u0119dko\u015b\u0107 liniowa stempla ~38mm\/s. 7. Czas cyklu ~15s. 8. [&hellip;]","og_url":"https:\/\/kart.com.pl\/en\/maszyny-i-urzadzenia-technologiczne\/automat-do-montazu-lozysk\/","og_site_name":"Kart","article_modified_time":"2024-08-28T11:25:36+00:00","og_image":[{"url":"http:\/\/kart.com.pl\/wp-content\/uploads\/2024\/07\/montaz_lozysk-4-840x562.jpg"}],"twitter_card":"summary_large_image","twitter_misc":{"Estimated reading time":"2 minutes"},"schema":{"@context":"https:\/\/schema.org","@graph":[{"@type":"WebPage","@id":"https:\/\/kart.com.pl\/maszyny-i-urzadzenia-technologiczne\/automat-do-montazu-lozysk\/","url":"https:\/\/kart.com.pl\/maszyny-i-urzadzenia-technologiczne\/automat-do-montazu-lozysk\/","name":"Automat do monta\u017cu \u0142o\u017cysk - Kart","isPartOf":{"@id":"https:\/\/kart.com.pl\/#website"},"primaryImageOfPage":{"@id":"https:\/\/kart.com.pl\/maszyny-i-urzadzenia-technologiczne\/automat-do-montazu-lozysk\/#primaryimage"},"image":{"@id":"https:\/\/kart.com.pl\/maszyny-i-urzadzenia-technologiczne\/automat-do-montazu-lozysk\/#primaryimage"},"thumbnailUrl":"http:\/\/kart.com.pl\/wp-content\/uploads\/2024\/07\/montaz_lozysk-4-840x562.jpg","datePublished":"2024-07-30T04:51:43+00:00","dateModified":"2024-08-28T11:25:36+00:00","breadcrumb":{"@id":"https:\/\/kart.com.pl\/maszyny-i-urzadzenia-technologiczne\/automat-do-montazu-lozysk\/#breadcrumb"},"inLanguage":"en-GB","potentialAction":[{"@type":"ReadAction","target":["https:\/\/kart.com.pl\/maszyny-i-urzadzenia-technologiczne\/automat-do-montazu-lozysk\/"]}]},{"@type":"ImageObject","inLanguage":"en-GB","@id":"https:\/\/kart.com.pl\/maszyny-i-urzadzenia-technologiczne\/automat-do-montazu-lozysk\/#primaryimage","url":"http:\/\/kart.com.pl\/wp-content\/uploads\/2024\/07\/montaz_lozysk-4-840x562.jpg","contentUrl":"http:\/\/kart.com.pl\/wp-content\/uploads\/2024\/07\/montaz_lozysk-4-840x562.jpg"},{"@type":"BreadcrumbList","@id":"https:\/\/kart.com.pl\/maszyny-i-urzadzenia-technologiczne\/automat-do-montazu-lozysk\/#breadcrumb","itemListElement":[{"@type":"ListItem","position":1,"name":"Strona g\u0142\u00f3wna","item":"https:\/\/kart.com.pl\/"},{"@type":"ListItem","position":2,"name":"Maszyny i urz\u0105dzenia technologiczne","item":"https:\/\/kart.com.pl\/maszyny-i-urzadzenia-technologiczne\/"},{"@type":"ListItem","position":3,"name":"Automat do monta\u017cu \u0142o\u017cysk"}]},{"@type":"WebSite","@id":"https:\/\/kart.com.pl\/#website","url":"https:\/\/kart.com.pl\/","name":"Kart","description":"","potentialAction":[{"@type":"SearchAction","target":{"@type":"EntryPoint","urlTemplate":"https:\/\/kart.com.pl\/?s={search_term_string}"},"query-input":"required name=search_term_string"}],"inLanguage":"en-GB"}]}},"_links":{"self":[{"href":"https:\/\/kart.com.pl\/en\/wp-json\/wp\/v2\/pages\/13491"}],"collection":[{"href":"https:\/\/kart.com.pl\/en\/wp-json\/wp\/v2\/pages"}],"about":[{"href":"https:\/\/kart.com.pl\/en\/wp-json\/wp\/v2\/types\/page"}],"author":[{"embeddable":true,"href":"https:\/\/kart.com.pl\/en\/wp-json\/wp\/v2\/users\/1"}],"replies":[{"embeddable":true,"href":"https:\/\/kart.com.pl\/en\/wp-json\/wp\/v2\/comments?post=13491"}],"version-history":[{"count":0,"href":"https:\/\/kart.com.pl\/en\/wp-json\/wp\/v2\/pages\/13491\/revisions"}],"up":[{"embeddable":true,"href":"https:\/\/kart.com.pl\/en\/wp-json\/wp\/v2\/pages\/12219"}],"wp:attachment":[{"href":"https:\/\/kart.com.pl\/en\/wp-json\/wp\/v2\/media?parent=13491"}],"wp:term":[{"taxonomy":"page-tag","embeddable":true,"href":"https:\/\/kart.com.pl\/en\/wp-json\/wp\/v2\/page-tag?post=13491"}],"curies":[{"name":"wp","href":"https:\/\/api.w.org\/{rel}","templated":true}]}}