{"id":13655,"date":"2024-07-31T04:04:11","date_gmt":"2024-07-31T04:04:11","guid":{"rendered":"http:\/\/kart.com.pl\/?page_id=13655"},"modified":"2025-04-14T06:45:09","modified_gmt":"2025-04-14T06:45:09","slug":"polityka-prywatnosci-2","status":"publish","type":"page","link":"https:\/\/kart.com.pl\/en\/polityka-prywatnosci-2\/","title":{"rendered":"Privacy policy \/ RODO"},"content":{"rendered":"<div data-elementor-type=\"wp-page\" data-elementor-id=\"13655\" class=\"elementor elementor-13655\">\n\t\t\t\t        <section class=\"elementor-section elementor-top-section elementor-element elementor-element-3cd6791d elementor-section-full_width elementor-section-height-default elementor-section-height-default cms-full-content-with-space-none\" data-id=\"3cd6791d\" data-element_type=\"section\">\r\n\t\t        <div class=\"elementor-container elementor-column-gap-no\" >\r\n\t\t        <div class=\"elementor-column elementor-col-100 elementor-top-column elementor-element elementor-element-5816747a\" data-id=\"5816747a\" data-element_type=\"column\">\r\n            <div class=\"elementor-widget-wrap elementor-element-populated\">\r\n                \t\t<div class=\"elementor-element elementor-element-75ecfd2c naszbanner elementor-widget elementor-widget-cms_page_title\" data-id=\"75ecfd2c\" data-element_type=\"widget\" data-widget_type=\"cms_page_title.default\">\n\t\t\t\t<div class=\"elementor-widget-container\">\n\t\t\t<div class=\"cms-page-title-wrap cms-page-title-layout1 w-ptt-pt pb-32 header-transparent\" style=\"background-image:url(http:\/\/kart.com.pl\/wp-content\/uploads\/2024\/06\/napelniarka6-scaled.webp);background-size: cover;\">\n\t<input type='hidden' name='top_space' id='w-ptt-top-space' value='90' \/>\n\t<div class=\"cms-page-title-top-space\"><\/div>\n\t<div class=\"cms-page-title-top-last\"><\/div>\n\t<div class=\"container\">\n\t\t<div class=\"cms-page-title-content-align\">\n\t\t\t<div class=\"cms-page-title-content\">\n\t\t\t\t<h1 class=\"cms-page-title-title text-white\">\n\t\t\t\t\t<span >Privacy policy \/ RODO<\/span>\n\t\t\t\t<\/h1>\n\t\t\t\t\t\t\t\t\t\t\t<\/div>\n\t\t<\/div>\n\t\t\t\t<div class=\"cms-breadcrumb-wrap cms-page-title-breadcrumb text-white mt-95\">\n\t\t\t<ul class=\"cms-breadcrumb d-flex justify-content-start\"><li><span class=\"breadcrumb-entry\">Home<\/span><\/li><\/ul>\t\t<\/div>\n\t\t    <\/div>\n<\/div>\t\t<\/div>\n\t\t\t\t<\/div>\n\t\t            <\/div>\r\n        <\/div>\r\n        \t\t\t<\/div>\r\n\t\t<\/section>\r\n\t\t        <section class=\"elementor-section elementor-top-section elementor-element elementor-element-5ccad39 pt-120 pt-tablet-20pb-120 pb-tablet-extra-30bg-pos-c-15bg-pos-tablet-landscape-c-5 elementor-section-boxed elementor-section-height-default elementor-section-height-default elementor-invisible\" data-id=\"5ccad39\" data-element_type=\"section\" data-settings=\"{&quot;animation&quot;:&quot;fadeInUp&quot;,&quot;background_background&quot;:&quot;classic&quot;}\">\r\n\t\t            <div class=\"elementor-background-overlay\"><\/div>\r\n\t\t        <div class=\"elementor-container elementor-column-gap-default\" >\r\n\t\t        <div class=\"elementor-column elementor-col-100 elementor-top-column elementor-element elementor-element-270c2c6 pt-24 elementor-invisible\" data-id=\"270c2c6\" data-element_type=\"column\" data-settings=\"{&quot;animation&quot;:&quot;fadeInRight&quot;}\">\r\n            <div class=\"elementor-widget-wrap elementor-element-populated\">\r\n                \t\t<div class=\"elementor-element elementor-element-61cd01a elementor-widget elementor-widget-cms_heading\" data-id=\"61cd01a\" data-element_type=\"widget\" data-widget_type=\"cms_heading.default\">\n\t\t\t\t<div class=\"elementor-widget-container\">\n\t\t\t<div class=\"cms-heading-wrap cms-heading-layout1 cms-heading-style1 text-\">\n    <div class=\"cms-heading-container\">\n\t\t\n\t\t\n\t\t\t\t\t<div class=\"cms-heading-description\"><p>Zgodnie z Rozporz\u0105dzeniem Parlamentu Europejskiego i Rady (UE) 2016\/679 z dnia 27 kwietnia 2017 r. w sprawie ochrony os\u00f3b fizycznych w zwi\u0105zku z przetwarzaniem danych osobowych i w sprawie swobodnego przep\u0142ywu takich danych oraz uchylenia dyrektywy 95\/46\/WE, zwane dalej RODO oraz zgodnie z z ustaw\u0105 z dnia 10 maja 2018 r. o ochronie danych osobowych, KarT sp. z o.o. (www.kart.com.pl) chroni dane osobowe U\u017cytkownik\u00f3w (Klient\u00f3w), w spos\u00f3b okre\u015blony w powy\u017cszych przepisach.<br \/>\nInformujemy, \u017ce:<br \/>\n1. Administratorem Pani\/Pana danych osobowych jest KarT sp\u00f3\u0142ka z ograniczon\u0105 odpowiedzialno\u015bci\u0105, ul. gen. W\u0142. Andersa 40D, 15-113 Bia\u0142ystok, KRS: 0000496253, NIP: 966-209-09-52, REGON: 200829206, tel. 85 743 30 64, e-mail: bok@kart.com.pl<br \/>\n2. Dane osobowe Pani\/Pana b\u0119d\u0105 przetwarzane na podstawie art. 6 ust. 1 lit. b og\u00f3lnego rozporz\u0105dzenia o ochronie danych w celu realizacji umowy.<br \/>\n3. Dane b\u0119d\u0105 r\u00f3wnie\u017c przetwarzane przez Administratora w celu ewentualnego ustalenia i dochodzenia roszcze\u0144 lub obrony przed nimi \u2013 podstaw\u0105 prawn\u0105 przetwarzania jest uzasadniony interes Administratora (art. 6 ust. 1 lit. f) RODO) polegaj\u0105cy na ochronie jego praw.<br \/>\n4. Dane osobowe b\u0119d\u0105 przekazywane tylko odbiorcom upowa\u017cnionym na podstawie przepis\u00f3w prawa.<br \/>\n5. Dane osobowe nie b\u0119d\u0119 przekazywane do pa\u0144stw trzecich.<br \/>\n6. Dane osobowe b\u0119d\u0105 przechowywane przez okres 5 lat.<br \/>\n7. Posiada Pani\/Pan prawo do: \u017c\u0105dania od Administratora dost\u0119pu do danych osobowych, prawo do ich sprostowania, usuni\u0119cia lub ograniczenia przetwarzania.<br \/>\n8. Przys\u0142uguje Pani\/Panu prawo wniesienia skargi do organu nadzorczego, tj. Prezesa Urz\u0119du Ochrony Danych.<br \/>\n9. Podanie danych osobowych jest konieczne do realizacji umowy, a w pozosta\u0142ym zakresie jest dobrowolne. <\/p>\n<\/div>\n\t\t\t<\/div>\n<\/div>\t\t<\/div>\n\t\t\t\t<\/div>\n\t\t\t\t<div class=\"elementor-element elementor-element-f4c85bb elementor-widget elementor-widget-button\" data-id=\"f4c85bb\" data-element_type=\"widget\" data-widget_type=\"button.default\">\n\t\t\t\t<div class=\"elementor-widget-container\">\n\t\t\t\t\t<div class=\"elementor-button-wrapper\">\n\t\t\t<a class=\"elementor-button elementor-button-link elementor-size-sm\" href=\"https:\/\/kart.com.pl\/wp-content\/uploads\/2025\/03\/RODO.pdf\" target=\"_blank\">\n\t\t\t\t\t\t<span class=\"elementor-button-content-wrapper\">\n\t\t\t\t\t\t\t\t\t<span class=\"elementor-button-text\">RODO<\/span>\n\t\t\t\t\t<\/span>\n\t\t\t\t\t<\/a>\n\t\t<\/div>\n\t\t\t\t<\/div>\n\t\t\t\t<\/div>\n\t\t\t\t<div class=\"elementor-element elementor-element-4054e0b elementor-widget elementor-widget-button\" data-id=\"4054e0b\" data-element_type=\"widget\" data-widget_type=\"button.default\">\n\t\t\t\t<div class=\"elementor-widget-container\">\n\t\t\t\t\t<div class=\"elementor-button-wrapper\">\n\t\t\t<a class=\"elementor-button elementor-button-link elementor-size-sm\" href=\"https:\/\/kart.com.pl\/wp-content\/uploads\/2025\/03\/procedura-dokonywania-zgloszen-naruszen-prawa-i-podejmowania.pdf\" target=\"_blank\">\n\t\t\t\t\t\t<span class=\"elementor-button-content-wrapper\">\n\t\t\t\t\t\t\t\t\t<span class=\"elementor-button-text\">Procedura dokonywania zg\u0142osze\u0144 narusze\u0144 prawa i podejmowania dzia\u0142a\u0144 nast\u0119pczych<\/span>\n\t\t\t\t\t<\/span>\n\t\t\t\t\t<\/a>\n\t\t<\/div>\n\t\t\t\t<\/div>\n\t\t\t\t<\/div>\n\t\t\t\t<div class=\"elementor-element elementor-element-baa1e71 elementor-widget elementor-widget-button\" data-id=\"baa1e71\" data-element_type=\"widget\" data-widget_type=\"button.default\">\n\t\t\t\t<div class=\"elementor-widget-container\">\n\t\t\t\t\t<div class=\"elementor-button-wrapper\">\n\t\t\t<a class=\"elementor-button elementor-button-link elementor-size-sm\" href=\"https:\/\/kart.com.pl\/wp-content\/uploads\/2025\/03\/formularz-zgloszenia-naruszenia-prawa-procedura-zgloszen-wewn.pdf\" target=\"_blank\">\n\t\t\t\t\t\t<span class=\"elementor-button-content-wrapper\">\n\t\t\t\t\t\t\t\t\t<span class=\"elementor-button-text\">Formularz zg\u0142oszenia naruszenia prawa<\/span>\n\t\t\t\t\t<\/span>\n\t\t\t\t\t<\/a>\n\t\t<\/div>\n\t\t\t\t<\/div>\n\t\t\t\t<\/div>\n\t\t            <\/div>\r\n        <\/div>\r\n        \t\t\t<\/div>\r\n\t\t<\/section>\r\n\t\t\t\t<\/div>","protected":false},"excerpt":{"rendered":"<p>Polityka prywatno\u015bci \/ RODO Home Zgodnie z Rozporz\u0105dzeniem Parlamentu Europejskiego i Rady (UE) 2016\/679 z dnia 27 kwietnia 2017 r. w sprawie ochrony os\u00f3b fizycznych w zwi\u0105zku z przetwarzaniem danych osobowych i w sprawie swobodnego przep\u0142ywu takich danych oraz uchylenia dyrektywy 95\/46\/WE, zwane dalej RODO oraz zgodnie z z ustaw\u0105 z dnia 10 maja 2018 [&hellip;]<\/p>","protected":false},"author":1,"featured_media":0,"parent":0,"menu_order":0,"comment_status":"closed","ping_status":"closed","template":"","meta":{"footnotes":""},"page-tag":[],"class_list":["post-13655","page","type-page","status-publish","hentry"],"yoast_head":"<!-- This site is optimized with the Yoast SEO plugin v23.1 - https:\/\/yoast.com\/wordpress\/plugins\/seo\/ -->\n<title>Polityka prywatno\u015bci \/ RODO - Kart<\/title>\n<meta name=\"robots\" content=\"index, follow, max-snippet:-1, max-image-preview:large, max-video-preview:-1\" \/>\n<link rel=\"canonical\" href=\"https:\/\/kart.com.pl\/en\/polityka-prywatnosci-2\/\" \/>\n<meta property=\"og:locale\" content=\"en_GB\" \/>\n<meta property=\"og:type\" content=\"article\" \/>\n<meta property=\"og:title\" content=\"Polityka prywatno\u015bci \/ RODO - Kart\" \/>\n<meta property=\"og:description\" content=\"Polityka prywatno\u015bci \/ RODO Home Zgodnie z Rozporz\u0105dzeniem Parlamentu Europejskiego i Rady (UE) 2016\/679 z dnia 27 kwietnia 2017 r. w sprawie ochrony os\u00f3b fizycznych w zwi\u0105zku z przetwarzaniem danych osobowych i w sprawie swobodnego przep\u0142ywu takich danych oraz uchylenia dyrektywy 95\/46\/WE, zwane dalej RODO oraz zgodnie z z ustaw\u0105 z dnia 10 maja 2018 [&hellip;]\" \/>\n<meta property=\"og:url\" content=\"https:\/\/kart.com.pl\/en\/polityka-prywatnosci-2\/\" \/>\n<meta property=\"og:site_name\" content=\"Kart\" \/>\n<meta property=\"article:modified_time\" content=\"2025-04-14T06:45:09+00:00\" \/>\n<meta name=\"twitter:card\" content=\"summary_large_image\" \/>\n<meta name=\"twitter:label1\" content=\"Estimated reading time\" \/>\n\t<meta name=\"twitter:data1\" content=\"2 minutes\" \/>\n<script type=\"application\/ld+json\" class=\"yoast-schema-graph\">{\"@context\":\"https:\/\/schema.org\",\"@graph\":[{\"@type\":\"WebPage\",\"@id\":\"https:\/\/kart.com.pl\/polityka-prywatnosci-2\/\",\"url\":\"https:\/\/kart.com.pl\/polityka-prywatnosci-2\/\",\"name\":\"Polityka prywatno\u015bci \/ RODO - Kart\",\"isPartOf\":{\"@id\":\"https:\/\/kart.com.pl\/#website\"},\"datePublished\":\"2024-07-31T04:04:11+00:00\",\"dateModified\":\"2025-04-14T06:45:09+00:00\",\"breadcrumb\":{\"@id\":\"https:\/\/kart.com.pl\/polityka-prywatnosci-2\/#breadcrumb\"},\"inLanguage\":\"en-GB\",\"potentialAction\":[{\"@type\":\"ReadAction\",\"target\":[\"https:\/\/kart.com.pl\/polityka-prywatnosci-2\/\"]}]},{\"@type\":\"BreadcrumbList\",\"@id\":\"https:\/\/kart.com.pl\/polityka-prywatnosci-2\/#breadcrumb\",\"itemListElement\":[{\"@type\":\"ListItem\",\"position\":1,\"name\":\"Strona g\u0142\u00f3wna\",\"item\":\"https:\/\/kart.com.pl\/\"},{\"@type\":\"ListItem\",\"position\":2,\"name\":\"Polityka prywatno\u015bci \/ RODO\"}]},{\"@type\":\"WebSite\",\"@id\":\"https:\/\/kart.com.pl\/#website\",\"url\":\"https:\/\/kart.com.pl\/\",\"name\":\"Kart\",\"description\":\"\",\"potentialAction\":[{\"@type\":\"SearchAction\",\"target\":{\"@type\":\"EntryPoint\",\"urlTemplate\":\"https:\/\/kart.com.pl\/?s={search_term_string}\"},\"query-input\":\"required name=search_term_string\"}],\"inLanguage\":\"en-GB\"}]}<\/script>\n<!-- \/ Yoast SEO plugin. -->","yoast_head_json":{"title":"Polityka prywatno\u015bci \/ RODO - Kart","robots":{"index":"index","follow":"follow","max-snippet":"max-snippet:-1","max-image-preview":"max-image-preview:large","max-video-preview":"max-video-preview:-1"},"canonical":"https:\/\/kart.com.pl\/en\/polityka-prywatnosci-2\/","og_locale":"en_GB","og_type":"article","og_title":"Polityka prywatno\u015bci \/ RODO - Kart","og_description":"Polityka prywatno\u015bci \/ RODO Home Zgodnie z Rozporz\u0105dzeniem Parlamentu Europejskiego i Rady (UE) 2016\/679 z dnia 27 kwietnia 2017 r. w sprawie ochrony os\u00f3b fizycznych w zwi\u0105zku z przetwarzaniem danych osobowych i w sprawie swobodnego przep\u0142ywu takich danych oraz uchylenia dyrektywy 95\/46\/WE, zwane dalej RODO oraz zgodnie z z ustaw\u0105 z dnia 10 maja 2018 [&hellip;]","og_url":"https:\/\/kart.com.pl\/en\/polityka-prywatnosci-2\/","og_site_name":"Kart","article_modified_time":"2025-04-14T06:45:09+00:00","twitter_card":"summary_large_image","twitter_misc":{"Estimated reading time":"2 minutes"},"schema":{"@context":"https:\/\/schema.org","@graph":[{"@type":"WebPage","@id":"https:\/\/kart.com.pl\/polityka-prywatnosci-2\/","url":"https:\/\/kart.com.pl\/polityka-prywatnosci-2\/","name":"Polityka prywatno\u015bci \/ RODO - Kart","isPartOf":{"@id":"https:\/\/kart.com.pl\/#website"},"datePublished":"2024-07-31T04:04:11+00:00","dateModified":"2025-04-14T06:45:09+00:00","breadcrumb":{"@id":"https:\/\/kart.com.pl\/polityka-prywatnosci-2\/#breadcrumb"},"inLanguage":"en-GB","potentialAction":[{"@type":"ReadAction","target":["https:\/\/kart.com.pl\/polityka-prywatnosci-2\/"]}]},{"@type":"BreadcrumbList","@id":"https:\/\/kart.com.pl\/polityka-prywatnosci-2\/#breadcrumb","itemListElement":[{"@type":"ListItem","position":1,"name":"Strona g\u0142\u00f3wna","item":"https:\/\/kart.com.pl\/"},{"@type":"ListItem","position":2,"name":"Polityka prywatno\u015bci \/ RODO"}]},{"@type":"WebSite","@id":"https:\/\/kart.com.pl\/#website","url":"https:\/\/kart.com.pl\/","name":"Kart","description":"","potentialAction":[{"@type":"SearchAction","target":{"@type":"EntryPoint","urlTemplate":"https:\/\/kart.com.pl\/?s={search_term_string}"},"query-input":"required name=search_term_string"}],"inLanguage":"en-GB"}]}},"_links":{"self":[{"href":"https:\/\/kart.com.pl\/en\/wp-json\/wp\/v2\/pages\/13655"}],"collection":[{"href":"https:\/\/kart.com.pl\/en\/wp-json\/wp\/v2\/pages"}],"about":[{"href":"https:\/\/kart.com.pl\/en\/wp-json\/wp\/v2\/types\/page"}],"author":[{"embeddable":true,"href":"https:\/\/kart.com.pl\/en\/wp-json\/wp\/v2\/users\/1"}],"replies":[{"embeddable":true,"href":"https:\/\/kart.com.pl\/en\/wp-json\/wp\/v2\/comments?post=13655"}],"version-history":[{"count":17,"href":"https:\/\/kart.com.pl\/en\/wp-json\/wp\/v2\/pages\/13655\/revisions"}],"predecessor-version":[{"id":15631,"href":"https:\/\/kart.com.pl\/en\/wp-json\/wp\/v2\/pages\/13655\/revisions\/15631"}],"wp:attachment":[{"href":"https:\/\/kart.com.pl\/en\/wp-json\/wp\/v2\/media?parent=13655"}],"wp:term":[{"taxonomy":"page-tag","embeddable":true,"href":"https:\/\/kart.com.pl\/en\/wp-json\/wp\/v2\/page-tag?post=13655"}],"curies":[{"name":"wp","href":"https:\/\/api.w.org\/{rel}","templated":true}]}}